{"id":3691,"date":"2024-05-28T04:37:30","date_gmt":"2024-05-27T18:37:30","guid":{"rendered":"https:\/\/www.losangeles.net.au\/cong-vien-giai-tri\/"},"modified":"2010-09-05T06:27:33","modified_gmt":"2010-09-04T20:27:33","slug":"cong-vien-giai-tri","status":"publish","type":"page","link":"https:\/\/www.losangeles.net.au\/vi\/cong-vien-giai-tri\/","title":{"rendered":"C\u00f4ng vi\u00ean gi\u1ea3i tr\u00ed"},"content":{"rendered":"<p>C\u00f3 5 c\u00f4ng vi\u00ean gi\u1ea3i tr\u00ed l\u1edbn v\u00e0 4 c\u00f4ng vi\u00ean n\u01b0\u1edbc \u1edf khu v\u1ef1c LA cung c\u1ea5p h\u00e0ng tr\u0103m l\u1ef1a ch\u1ecdn v\u1ec1 tr\u00f2 ch\u01a1i v\u00e0 \u0111i\u1ec3m tham quan cho du kh\u00e1ch, t\u1ea5t c\u1ea3 \u0111\u1ec1u t\u00ednh ph\u00ed v\u00e0o c\u1eeda n\u00ean khi b\u1ea1n \u0111\u00e3 thanh to\u00e1n ph\u00ed v\u00e0o c\u1eeda th\u00ec t\u1ea5t c\u1ea3 c\u00e1c tr\u00f2 ch\u01a1i v\u00e0 gi\u1ea3i tr\u00ed \u0111\u1ec1u mi\u1ec5n ph\u00ed. Disneyland &amp; Knott&#8217;s Berry Farm n\u1eb1m \u1edf Anaheim, California v\u00e0 Univerisal Studios v\u00e0 Six Flags n\u1eb1m \u1edf thung l\u0169ng LA, c\u00e1ch trung t\u00e2m th\u00e0nh ph\u1ed1 LA kho\u1ea3ng 95 km.<\/p>\n<p>B\u1ea1n n\u00ean \u0111\u1eb7t tr\u1ef1c tuy\u1ebfn v\u00e9 tham quan C\u00f4ng vi\u00ean Gi\u1ea3i tr\u00ed tr\u01b0\u1edbc khi \u0111\u1ebfn \u0111\u1ec3 tr\u00e1nh ph\u1ea3i x\u1ebfp h\u00e0ng d\u00e0i v\u00e0 t\u1eadn d\u1ee5ng t\u1ed1i \u0111a th\u1eddi gian tham quan \u0111\u1ecba \u0111i\u1ec3m trong ng\u00e0y. \u00c2 M\u1ed9t s\u1ed1 \u0111i\u1ec3m thu h\u00fat kh\u00e1ch du l\u1ecbch ph\u1ed5 bi\u1ebfn h\u01a1n bao g\u1ed3m:<\/p>\n<ul>\n<li><a href=\"http:\/\/www.losangeles.net.au\/theme-parks\/universal-studios\/\">Phim tr\u01b0\u1eddng Universal Hollywood<\/a><\/li>\n<li><a href=\"http:\/\/www.losangeles.net.au\/theme-parks\/knotts-berry-farm\/\">V\u00e9 V\u00e0o C\u1ed5ng Th\u00f4ng Th\u01b0\u1eddng Knott&#8217;s Berry Farm<\/a><\/li>\n<li><a href=\"http:\/\/www.losangeles.net.au\/theme-parks\/disneyland\/\">Disneyland Los Angeles<\/a><\/li>\n<li><a href=\"http:\/\/www.losangeles.net.au\/theme-parks\/california-adventure-park\/\">C\u00f4ng vi\u00ean Phi\u00eau l\u01b0u California c\u1ee7a Disney<\/a><\/li>\n<li><a href=\"http:\/\/www.losangeles.net.au\/theme-parks\/six-flags\/\">N\u00fai th\u1ea7n s\u00e1u l\u00e1 c\u1edd<\/a><\/li>\n<li><a href=\"http:\/\/www.losangeles.net.au\/theme-parks\/legoland\/\">Legoland California<\/a><\/li>\n<li><a href=\"http:\/\/www.losangeles.net.au\/theme-parks\/pacific-park\/\">C\u00f4ng vi\u00ean Th\u00e1i B\u00ecnh D\u01b0\u01a1ng \u1edf Santa Monica<\/a><\/li>\n<li><a href=\"http:\/\/www.losangeles.net.au\/theme-parks\/seaworld\/\">Th\u1ebf gi\u1edbi bi\u1ec3n California<\/a><\/li>\n<\/ul>\n<p><strong>C\u00f4ng vi\u00ean gi\u1ea3i tr\u00ed c\u1ee7a LA<\/strong><br \/>\nDisneyland &#8211; Anaheim, Qu\u1eadn Cam<br \/>\nC\u00f4ng vi\u00ean phi\u00eau l\u01b0u California c\u1ee7a Disney &#8211; N\u1eb1m c\u1ea1nh Disneyland<br \/>\nTrang tr\u1ea1i Berry c\u1ee7a Knott &#8211; 8039 Beach Blvd, C\u00f4ng vi\u00ean Buena, California<br \/>\nUniversal Studios &#8211; Th\u00e0nh ph\u1ed1 Universal, Hollywood<br \/>\nNg\u1ecdn n\u00fai k\u1ef3 di\u1ec7u Six Flags &#8211; Valencia, California<\/p>\n<p><strong>C\u00f4ng vi\u00ean n\u01b0\u1edbc c\u1ee7a LA<\/strong><br \/>\nKnott&#8217;s Ng\u00e2m City &#8211; N\u1eb1m c\u1ea1nh Knott&#8217;s Berry Farm<br \/>\nC\u00f4ng vi\u00ean n\u01b0\u1edbc Wild Rivers &#8211; Irvine, California<br \/>\nV\u00f9ng n\u01b0\u1edbc ho\u00e0nh h\u00e0nh &#8211; San Dimas, California<br \/>\nC\u1ea3ng b\u00e3o &#8211; Valencia, California<\/p>\n<p><strong>C\u00f4ng vi\u00ean gi\u1ea3i tr\u00ed San Diego<\/strong><br \/>\nLegoland California &#8211; Carlsbad, B\u1eafc San Diego<br \/>\nSea World San Diego &#8211; Sea World Drive, San Diego, CA\u00e2\u20ac\u017d<br \/>\nC\u00f4ng vi\u00ean \u0111\u1ed9ng v\u1eadt hoang d\u00e3 San Diego &#8211; c\u00e1ch San Diego 51km v\u1ec1 ph\u00eda \u0111\u00f4ng b\u1eafc (g\u1ea7n Escondido)<br \/>\nS\u1edf th\u00fa San Diego &#8211; 2920 Zoo Drive, San Diego, CA<br \/>\nC\u00f4ng vi\u00ean Belmont &#8211; 3190 \u0110\u1ea1i l\u1ed9 Mission, San Diego, CA<\/p>\n","protected":false},"excerpt":{"rendered":"<p>C\u00f3 5 c\u00f4ng vi\u00ean gi\u1ea3i tr\u00ed l\u1edbn v\u00e0 4 c\u00f4ng vi\u00ean n\u01b0\u1edbc&hellip;<\/p>\n","protected":false},"author":1,"featured_media":0,"parent":0,"menu_order":0,"comment_status":"closed","ping_status":"closed","template":"","meta":{"_monsterinsights_skip_tracking":false,"_monsterinsights_sitenote_active":false,"_monsterinsights_sitenote_note":"","_monsterinsights_sitenote_category":0,"footnotes":""},"class_list":["post-3691","page","type-page","status-publish","hentry"],"yoast_head":"<!-- This site is optimized with the Yoast SEO plugin v27.5 - https:\/\/yoast.com\/product\/yoast-seo-wordpress\/ -->\n<title>C\u00f4ng vi\u00ean gi\u1ea3i tr\u00ed - Los Angeles<\/title>\n<meta name=\"robots\" content=\"index, follow, max-snippet:-1, max-image-preview:large, max-video-preview:-1\" \/>\n<link rel=\"canonical\" href=\"https:\/\/www.losangeles.net.au\/vi\/cong-vien-giai-tri\/\" \/>\n<meta property=\"og:locale\" content=\"vi_VN\" \/>\n<meta property=\"og:type\" content=\"article\" \/>\n<meta property=\"og:title\" content=\"C\u00f4ng vi\u00ean gi\u1ea3i tr\u00ed - Los Angeles\" \/>\n<meta property=\"og:description\" content=\"C\u00f3 5 c\u00f4ng vi\u00ean gi\u1ea3i tr\u00ed l\u1edbn v\u00e0 4 c\u00f4ng vi\u00ean n\u01b0\u1edbc&hellip;\" \/>\n<meta property=\"og:url\" content=\"https:\/\/www.losangeles.net.au\/vi\/cong-vien-giai-tri\/\" \/>\n<meta property=\"og:site_name\" content=\"Los Angeles\" \/>\n<meta name=\"twitter:card\" content=\"summary_large_image\" \/>\n<meta name=\"twitter:label1\" content=\"Est. reading time\" \/>\n\t<meta name=\"twitter:data1\" content=\"2 minutes\" \/>\n<script type=\"application\/ld+json\" class=\"yoast-schema-graph\">{\"@context\":\"https:\\\/\\\/schema.org\",\"@graph\":[{\"@type\":\"WebPage\",\"@id\":\"https:\\\/\\\/www.losangeles.net.au\\\/vi\\\/cong-vien-giai-tri\\\/\",\"url\":\"https:\\\/\\\/www.losangeles.net.au\\\/vi\\\/cong-vien-giai-tri\\\/\",\"name\":\"C\u00f4ng vi\u00ean gi\u1ea3i tr\u00ed - Los Angeles\",\"isPartOf\":{\"@id\":\"https:\\\/\\\/www.losangeles.net.au\\\/vi\\\/#website\"},\"datePublished\":\"2024-05-27T18:37:30+00:00\",\"breadcrumb\":{\"@id\":\"https:\\\/\\\/www.losangeles.net.au\\\/vi\\\/cong-vien-giai-tri\\\/#breadcrumb\"},\"inLanguage\":\"vi-VN\",\"potentialAction\":[{\"@type\":\"ReadAction\",\"target\":[\"https:\\\/\\\/www.losangeles.net.au\\\/vi\\\/cong-vien-giai-tri\\\/\"]}]},{\"@type\":\"BreadcrumbList\",\"@id\":\"https:\\\/\\\/www.losangeles.net.au\\\/vi\\\/cong-vien-giai-tri\\\/#breadcrumb\",\"itemListElement\":[{\"@type\":\"ListItem\",\"position\":1,\"name\":\"Home\",\"item\":\"https:\\\/\\\/www.losangeles.net.au\\\/vi\\\/\"},{\"@type\":\"ListItem\",\"position\":2,\"name\":\"C\u00f4ng vi\u00ean gi\u1ea3i tr\u00ed\"}]},{\"@type\":\"WebSite\",\"@id\":\"https:\\\/\\\/www.losangeles.net.au\\\/vi\\\/#website\",\"url\":\"https:\\\/\\\/www.losangeles.net.au\\\/vi\\\/\",\"name\":\"Los Angeles\",\"description\":\"Los Angeles Theme Parks, Tours, Flights, LA Hotels &amp; Travel Deals\",\"potentialAction\":[{\"@type\":\"SearchAction\",\"target\":{\"@type\":\"EntryPoint\",\"urlTemplate\":\"https:\\\/\\\/www.losangeles.net.au\\\/vi\\\/?s={search_term_string}\"},\"query-input\":{\"@type\":\"PropertyValueSpecification\",\"valueRequired\":true,\"valueName\":\"search_term_string\"}}],\"inLanguage\":\"vi-VN\"}]}<\/script>\n<!-- \/ Yoast SEO plugin. -->","yoast_head_json":{"title":"C\u00f4ng vi\u00ean gi\u1ea3i tr\u00ed - Los Angeles","robots":{"index":"index","follow":"follow","max-snippet":"max-snippet:-1","max-image-preview":"max-image-preview:large","max-video-preview":"max-video-preview:-1"},"canonical":"https:\/\/www.losangeles.net.au\/vi\/cong-vien-giai-tri\/","og_locale":"vi_VN","og_type":"article","og_title":"C\u00f4ng vi\u00ean gi\u1ea3i tr\u00ed - Los Angeles","og_description":"C\u00f3 5 c\u00f4ng vi\u00ean gi\u1ea3i tr\u00ed l\u1edbn v\u00e0 4 c\u00f4ng vi\u00ean n\u01b0\u1edbc&hellip;","og_url":"https:\/\/www.losangeles.net.au\/vi\/cong-vien-giai-tri\/","og_site_name":"Los Angeles","twitter_card":"summary_large_image","twitter_misc":{"Est. reading time":"2 minutes"},"schema":{"@context":"https:\/\/schema.org","@graph":[{"@type":"WebPage","@id":"https:\/\/www.losangeles.net.au\/vi\/cong-vien-giai-tri\/","url":"https:\/\/www.losangeles.net.au\/vi\/cong-vien-giai-tri\/","name":"C\u00f4ng vi\u00ean gi\u1ea3i tr\u00ed - Los Angeles","isPartOf":{"@id":"https:\/\/www.losangeles.net.au\/vi\/#website"},"datePublished":"2024-05-27T18:37:30+00:00","breadcrumb":{"@id":"https:\/\/www.losangeles.net.au\/vi\/cong-vien-giai-tri\/#breadcrumb"},"inLanguage":"vi-VN","potentialAction":[{"@type":"ReadAction","target":["https:\/\/www.losangeles.net.au\/vi\/cong-vien-giai-tri\/"]}]},{"@type":"BreadcrumbList","@id":"https:\/\/www.losangeles.net.au\/vi\/cong-vien-giai-tri\/#breadcrumb","itemListElement":[{"@type":"ListItem","position":1,"name":"Home","item":"https:\/\/www.losangeles.net.au\/vi\/"},{"@type":"ListItem","position":2,"name":"C\u00f4ng vi\u00ean gi\u1ea3i tr\u00ed"}]},{"@type":"WebSite","@id":"https:\/\/www.losangeles.net.au\/vi\/#website","url":"https:\/\/www.losangeles.net.au\/vi\/","name":"Los Angeles","description":"Los Angeles Theme Parks, Tours, Flights, LA Hotels &amp; Travel Deals","potentialAction":[{"@type":"SearchAction","target":{"@type":"EntryPoint","urlTemplate":"https:\/\/www.losangeles.net.au\/vi\/?s={search_term_string}"},"query-input":{"@type":"PropertyValueSpecification","valueRequired":true,"valueName":"search_term_string"}}],"inLanguage":"vi-VN"}]}},"_links":{"self":[{"href":"https:\/\/www.losangeles.net.au\/vi\/wp-json\/wp\/v2\/pages\/3691","targetHints":{"allow":["GET"]}}],"collection":[{"href":"https:\/\/www.losangeles.net.au\/vi\/wp-json\/wp\/v2\/pages"}],"about":[{"href":"https:\/\/www.losangeles.net.au\/vi\/wp-json\/wp\/v2\/types\/page"}],"author":[{"embeddable":true,"href":"https:\/\/www.losangeles.net.au\/vi\/wp-json\/wp\/v2\/users\/1"}],"replies":[{"embeddable":true,"href":"https:\/\/www.losangeles.net.au\/vi\/wp-json\/wp\/v2\/comments?post=3691"}],"version-history":[{"count":0,"href":"https:\/\/www.losangeles.net.au\/vi\/wp-json\/wp\/v2\/pages\/3691\/revisions"}],"wp:attachment":[{"href":"https:\/\/www.losangeles.net.au\/vi\/wp-json\/wp\/v2\/media?parent=3691"}],"curies":[{"name":"wp","href":"https:\/\/api.w.org\/{rel}","templated":true}]}}