{"id":3690,"date":"2024-05-28T04:37:30","date_gmt":"2024-05-27T18:37:30","guid":{"rendered":"https:\/\/www.losangeles.net.au\/tema-parklari\/"},"modified":"2010-09-05T06:27:33","modified_gmt":"2010-09-04T20:27:33","slug":"tema-parklari","status":"publish","type":"page","link":"https:\/\/www.losangeles.net.au\/tr\/tema-parklari\/","title":{"rendered":"Tema Parklar\u0131"},"content":{"rendered":"<p>LA b\u00f6lgesinde ziyaret\u00e7ilere y\u00fczlerce gezinti ve atraksiyon se\u00e7ene\u011fi sunan 5 b\u00fcy\u00fck tema park\u0131 ve 4 su park\u0131 bulunmaktad\u0131r, bunlar\u0131n hepsi giri\u015f \u00fccretine dayal\u0131d\u0131r, yani giri\u015f \u00fccretinizi \u00f6dedikten sonra t\u00fcm gezinti ve e\u011flenceler \u00fccretsizdir. Disneyland ve Knott&#8217;s Berry Farm Anaheim, Kaliforniya&#8217;da, Univerisal Studios ve Six Flags ise Los Angeles \u015fehir merkezine yakla\u015f\u0131k 95 km uzakl\u0131ktaki Los Angeles vadilerinde yer almaktad\u0131r.<\/p>\n<p>Uzun kuyruklardan ka\u00e7\u0131nmak ve g\u00fcn\u00fcn\u00fcz\u00fc en iyi \u015fekilde ge\u00e7irmek i\u00e7in Tema Park\u0131 cazibe merkezi biletlerinizi gelmeden \u00f6nce \u00e7evrimi\u00e7i olarak rezerve etmek iyi bir fikirdir. Daha pop\u00fcler turistik yerlerden baz\u0131lar\u0131 \u015funlard\u0131r:<\/p>\n<ul>\n<li><a href=\"http:\/\/www.losangeles.net.au\/theme-parks\/universal-studios\/\">Universal St\u00fcdyolar\u0131 Hollywood<\/a><\/li>\n<li><a href=\"http:\/\/www.losangeles.net.au\/theme-parks\/knotts-berry-farm\/\">Knott&#8217;s Berry Farm Genel Giri\u015f Bileti<\/a><\/li>\n<li><a href=\"http:\/\/www.losangeles.net.au\/theme-parks\/disneyland\/\">Disneyland Los Angeles<\/a><\/li>\n<li><a href=\"http:\/\/www.losangeles.net.au\/theme-parks\/california-adventure-park\/\">Disney&#8217;in Kaliforniya Macera Park\u0131<\/a><\/li>\n<li><a href=\"http:\/\/www.losangeles.net.au\/theme-parks\/six-flags\/\">Alt\u0131 Bayrakl\u0131 Sihirli Da\u011f<\/a><\/li>\n<li><a href=\"http:\/\/www.losangeles.net.au\/theme-parks\/legoland\/\">Legoland Kaliforniya<\/a><\/li>\n<li><a href=\"http:\/\/www.losangeles.net.au\/theme-parks\/pacific-park\/\">Santa Monica&#8217;daki Pasifik Park\u0131<\/a><\/li>\n<li><a href=\"http:\/\/www.losangeles.net.au\/theme-parks\/seaworld\/\">Kaliforniya SeaWorld<\/a><\/li>\n<\/ul>\n<p><strong>Los Angeles&#8217;\u0131n Tema Parklar\u0131<\/strong><br \/>\nDisneyland &#8211; Anaheim, Orange County<br \/>\nDisney&#8217;s California Adventure Park &#8211; Disneyland&#8217;in yan\u0131nda yer almaktad\u0131r<br \/>\nKnott&#8217;s Berry Farm &#8211; 8039 Beach Blvd, Buena Park, Kaliforniya<br \/>\nUniversal St\u00fcdyolar\u0131 &#8211; Universal City, Hollywood<br \/>\nSix Flags Magic Mountain &#8211; Valencia, Kaliforniya<\/p>\n<p><strong>Los Angeles&#8217;\u0131n Su Parklar\u0131<\/strong><br \/>\nKnott&#8217;s Soak City &#8211; Knott&#8217;s Berry Farm&#8217;\u0131n yan\u0131nda yer almaktad\u0131r<br \/>\nWild Rivers Su Park\u0131 &#8211; Irvine, Kaliforniya<br \/>\nRaging Waters &#8211; San Dimas, Kaliforniya<br \/>\nHurricane Harbour &#8211; Valensiya, Kaliforniya<\/p>\n<p><strong>San Diego Tema Parklar\u0131<\/strong><br \/>\nLegoland California &#8211; Carlsbad, Kuzey San Diego<br \/>\nSea World San Diego &#8211; Sea World Drive, San Diego, CA\u00e2\u20ac\u017d<br \/>\nSan Diego Vah\u015fi Hayvan Park\u0131 &#8211; San Diego&#8217;nun 51 km kuzey do\u011fusunda (Escondido yak\u0131n\u0131nda)<br \/>\nSan Diego Hayvanat Bah\u00e7esi &#8211; 2920 Zoo Drive, San Diego, CA<br \/>\nBelmont Park &#8211; 3190 Mission Boulevard, San Diego, CA<\/p>\n","protected":false},"excerpt":{"rendered":"<p>LA b\u00f6lgesinde ziyaret\u00e7ilere y\u00fczlerce gezinti ve atraksiyon se\u00e7ene\u011fi sunan 5 b\u00fcy\u00fck tema&hellip;<\/p>\n","protected":false},"author":1,"featured_media":0,"parent":0,"menu_order":0,"comment_status":"closed","ping_status":"closed","template":"","meta":{"_monsterinsights_skip_tracking":false,"_monsterinsights_sitenote_active":false,"_monsterinsights_sitenote_note":"","_monsterinsights_sitenote_category":0,"footnotes":""},"class_list":["post-3690","page","type-page","status-publish","hentry"],"yoast_head":"<!-- This site is optimized with the Yoast SEO plugin v27.4 - https:\/\/yoast.com\/product\/yoast-seo-wordpress\/ -->\n<title>Tema Parklar\u0131 - Los Angeles<\/title>\n<meta name=\"robots\" content=\"index, follow, max-snippet:-1, max-image-preview:large, max-video-preview:-1\" \/>\n<link rel=\"canonical\" href=\"https:\/\/www.losangeles.net.au\/tr\/tema-parklari\/\" \/>\n<meta property=\"og:locale\" content=\"tr_TR\" \/>\n<meta property=\"og:type\" content=\"article\" \/>\n<meta property=\"og:title\" content=\"Tema Parklar\u0131 - Los Angeles\" \/>\n<meta property=\"og:description\" content=\"LA b\u00f6lgesinde ziyaret\u00e7ilere y\u00fczlerce gezinti ve atraksiyon se\u00e7ene\u011fi sunan 5 b\u00fcy\u00fck tema&hellip;\" \/>\n<meta property=\"og:url\" content=\"https:\/\/www.losangeles.net.au\/tr\/tema-parklari\/\" \/>\n<meta property=\"og:site_name\" content=\"Los Angeles\" \/>\n<meta name=\"twitter:card\" content=\"summary_large_image\" \/>\n<meta name=\"twitter:label1\" content=\"Tahmini okuma s\u00fcresi\" \/>\n\t<meta name=\"twitter:data1\" content=\"1 dakika\" \/>\n<script type=\"application\/ld+json\" class=\"yoast-schema-graph\">{\"@context\":\"https:\\\/\\\/schema.org\",\"@graph\":[{\"@type\":\"WebPage\",\"@id\":\"https:\\\/\\\/www.losangeles.net.au\\\/tr\\\/tema-parklari\\\/\",\"url\":\"https:\\\/\\\/www.losangeles.net.au\\\/tr\\\/tema-parklari\\\/\",\"name\":\"Tema Parklar\u0131 - Los Angeles\",\"isPartOf\":{\"@id\":\"https:\\\/\\\/www.losangeles.net.au\\\/tr\\\/#website\"},\"datePublished\":\"2024-05-27T18:37:30+00:00\",\"breadcrumb\":{\"@id\":\"https:\\\/\\\/www.losangeles.net.au\\\/tr\\\/tema-parklari\\\/#breadcrumb\"},\"inLanguage\":\"tr\",\"potentialAction\":[{\"@type\":\"ReadAction\",\"target\":[\"https:\\\/\\\/www.losangeles.net.au\\\/tr\\\/tema-parklari\\\/\"]}]},{\"@type\":\"BreadcrumbList\",\"@id\":\"https:\\\/\\\/www.losangeles.net.au\\\/tr\\\/tema-parklari\\\/#breadcrumb\",\"itemListElement\":[{\"@type\":\"ListItem\",\"position\":1,\"name\":\"Home\",\"item\":\"https:\\\/\\\/www.losangeles.net.au\\\/tr\\\/\"},{\"@type\":\"ListItem\",\"position\":2,\"name\":\"Tema Parklar\u0131\"}]},{\"@type\":\"WebSite\",\"@id\":\"https:\\\/\\\/www.losangeles.net.au\\\/tr\\\/#website\",\"url\":\"https:\\\/\\\/www.losangeles.net.au\\\/tr\\\/\",\"name\":\"Los Angeles\",\"description\":\"Los Angeles Theme Parks, Tours, Flights, LA Hotels &amp; Travel Deals\",\"potentialAction\":[{\"@type\":\"SearchAction\",\"target\":{\"@type\":\"EntryPoint\",\"urlTemplate\":\"https:\\\/\\\/www.losangeles.net.au\\\/tr\\\/?s={search_term_string}\"},\"query-input\":{\"@type\":\"PropertyValueSpecification\",\"valueRequired\":true,\"valueName\":\"search_term_string\"}}],\"inLanguage\":\"tr\"}]}<\/script>\n<!-- \/ Yoast SEO plugin. -->","yoast_head_json":{"title":"Tema Parklar\u0131 - Los Angeles","robots":{"index":"index","follow":"follow","max-snippet":"max-snippet:-1","max-image-preview":"max-image-preview:large","max-video-preview":"max-video-preview:-1"},"canonical":"https:\/\/www.losangeles.net.au\/tr\/tema-parklari\/","og_locale":"tr_TR","og_type":"article","og_title":"Tema Parklar\u0131 - Los Angeles","og_description":"LA b\u00f6lgesinde ziyaret\u00e7ilere y\u00fczlerce gezinti ve atraksiyon se\u00e7ene\u011fi sunan 5 b\u00fcy\u00fck tema&hellip;","og_url":"https:\/\/www.losangeles.net.au\/tr\/tema-parklari\/","og_site_name":"Los Angeles","twitter_card":"summary_large_image","twitter_misc":{"Tahmini okuma s\u00fcresi":"1 dakika"},"schema":{"@context":"https:\/\/schema.org","@graph":[{"@type":"WebPage","@id":"https:\/\/www.losangeles.net.au\/tr\/tema-parklari\/","url":"https:\/\/www.losangeles.net.au\/tr\/tema-parklari\/","name":"Tema Parklar\u0131 - Los Angeles","isPartOf":{"@id":"https:\/\/www.losangeles.net.au\/tr\/#website"},"datePublished":"2024-05-27T18:37:30+00:00","breadcrumb":{"@id":"https:\/\/www.losangeles.net.au\/tr\/tema-parklari\/#breadcrumb"},"inLanguage":"tr","potentialAction":[{"@type":"ReadAction","target":["https:\/\/www.losangeles.net.au\/tr\/tema-parklari\/"]}]},{"@type":"BreadcrumbList","@id":"https:\/\/www.losangeles.net.au\/tr\/tema-parklari\/#breadcrumb","itemListElement":[{"@type":"ListItem","position":1,"name":"Home","item":"https:\/\/www.losangeles.net.au\/tr\/"},{"@type":"ListItem","position":2,"name":"Tema Parklar\u0131"}]},{"@type":"WebSite","@id":"https:\/\/www.losangeles.net.au\/tr\/#website","url":"https:\/\/www.losangeles.net.au\/tr\/","name":"Los Angeles","description":"Los Angeles Theme Parks, Tours, Flights, LA Hotels &amp; Travel Deals","potentialAction":[{"@type":"SearchAction","target":{"@type":"EntryPoint","urlTemplate":"https:\/\/www.losangeles.net.au\/tr\/?s={search_term_string}"},"query-input":{"@type":"PropertyValueSpecification","valueRequired":true,"valueName":"search_term_string"}}],"inLanguage":"tr"}]}},"_links":{"self":[{"href":"https:\/\/www.losangeles.net.au\/tr\/wp-json\/wp\/v2\/pages\/3690","targetHints":{"allow":["GET"]}}],"collection":[{"href":"https:\/\/www.losangeles.net.au\/tr\/wp-json\/wp\/v2\/pages"}],"about":[{"href":"https:\/\/www.losangeles.net.au\/tr\/wp-json\/wp\/v2\/types\/page"}],"author":[{"embeddable":true,"href":"https:\/\/www.losangeles.net.au\/tr\/wp-json\/wp\/v2\/users\/1"}],"replies":[{"embeddable":true,"href":"https:\/\/www.losangeles.net.au\/tr\/wp-json\/wp\/v2\/comments?post=3690"}],"version-history":[{"count":0,"href":"https:\/\/www.losangeles.net.au\/tr\/wp-json\/wp\/v2\/pages\/3690\/revisions"}],"wp:attachment":[{"href":"https:\/\/www.losangeles.net.au\/tr\/wp-json\/wp\/v2\/media?parent=3690"}],"curies":[{"name":"wp","href":"https:\/\/api.w.org\/{rel}","templated":true}]}}