{"id":3687,"date":"2024-05-28T04:37:30","date_gmt":"2024-05-27T18:37:30","guid":{"rendered":"https:\/\/www.losangeles.net.au\/parques-tematicos\/"},"modified":"2010-09-05T06:27:33","modified_gmt":"2010-09-04T20:27:33","slug":"parques-tematicos","status":"publish","type":"page","link":"https:\/\/www.losangeles.net.au\/pt-br\/parques-tematicos\/","title":{"rendered":"Parques tem\u00e1ticos"},"content":{"rendered":"<p>H\u00e1 cinco grandes parques tem\u00e1ticos e quatro parques aqu\u00e1ticos na \u00e1rea de Los Angeles, que oferecem centenas de op\u00e7\u00f5es de passeios e atra\u00e7\u00f5es para os visitantes. Todos eles t\u00eam entrada paga, portanto, ap\u00f3s o pagamento da taxa de entrada, todos os passeios e entretenimento s\u00e3o gratuitos. A Disneyland e a Knott&#8217;s Berry Farm est\u00e3o localizadas em Anaheim, Calif\u00f3rnia, e a Univerisal Studios e a Six Flags est\u00e3o localizadas nos vales de Los Angeles, a cerca de 95 km do centro da cidade.<\/p>\n<p>\u00c9 uma boa ideia reservar seus ingressos para as atra\u00e7\u00f5es do parque tem\u00e1tico on-line antes de chegar, pois assim voc\u00ea evita as longas filas e aproveita ao m\u00e1ximo seu dia de visita ao local. Algumas das atra\u00e7\u00f5es tur\u00edsticas mais populares incluem:<\/p>\n<ul>\n<li><a href=\"http:\/\/www.losangeles.net.au\/theme-parks\/universal-studios\/\">Universal Studios Hollywood<\/a><\/li>\n<li><a href=\"http:\/\/www.losangeles.net.au\/theme-parks\/knotts-berry-farm\/\">Ingresso de admiss\u00e3o geral para o Knott&#8217;s Berry Farm<\/a><\/li>\n<li><a href=\"http:\/\/www.losangeles.net.au\/theme-parks\/disneyland\/\">Disneyland Los Angeles<\/a><\/li>\n<li><a href=\"http:\/\/www.losangeles.net.au\/theme-parks\/california-adventure-park\/\">Parque Disney&#8217;s California Adventure<\/a><\/li>\n<li><a href=\"http:\/\/www.losangeles.net.au\/theme-parks\/six-flags\/\">Six Flags Magic Mountain<\/a><\/li>\n<li><a href=\"http:\/\/www.losangeles.net.au\/theme-parks\/legoland\/\">Legoland Calif\u00f3rnia<\/a><\/li>\n<li><a href=\"http:\/\/www.losangeles.net.au\/theme-parks\/pacific-park\/\">Pacific Park em Santa M\u00f4nica<\/a><\/li>\n<li><a href=\"http:\/\/www.losangeles.net.au\/theme-parks\/seaworld\/\">SeaWorld da Calif\u00f3rnia<\/a><\/li>\n<\/ul>\n<p><strong>Parques tem\u00e1ticos de Los Angeles<\/strong><br \/>\nDisneyland &#8211; Anaheim, Orange County<br \/>\nDisney&#8217;s California Adventure Park &#8211; Localizado pr\u00f3ximo \u00e0 Disneyl\u00e2ndia<br \/>\nKnott&#8217;s Berry Farm &#8211; 8039 Beach Blvd, Buena Park, Calif\u00f3rnia<br \/>\nUniversal Studios &#8211; Universal City, Hollywood<br \/>\nSix Flags Magic Mountain &#8211; Valencia, Calif\u00f3rnia<\/p>\n<p><strong>Parques aqu\u00e1ticos de Los Angeles<\/strong><br \/>\nKnott&#8217;s Soak City &#8211; Localizado pr\u00f3ximo \u00e0 Knott&#8217;s Berry Farm<br \/>\nParque aqu\u00e1tico Wild Rivers &#8211; Irvine, Calif\u00f3rnia<br \/>\nRaging Waters &#8211; San Dimas, Calif\u00f3rnia<br \/>\nHurricane Harbour &#8211; Valencia, Calif\u00f3rnia<\/p>\n<p><strong>Parques tem\u00e1ticos de San Diego<\/strong><br \/>\nLegoland California &#8211; Carlsbad, Norte de San Diego<br \/>\nSea World San Diego &#8211; Sea World Drive, San Diego, CA<br \/>\nSan Diego Wild Animal Park &#8211; 51 km a nordeste de San Diego (perto de Escondido)<br \/>\nZool\u00f3gico de San Diego &#8211; 2920 Zoo Drive, San Diego, CA<br \/>\nBelmont Park &#8211; 3190 Mission Boulevard, San Diego, CA<\/p>\n","protected":false},"excerpt":{"rendered":"<p>H\u00e1 cinco grandes parques tem\u00e1ticos e quatro parques aqu\u00e1ticos na \u00e1rea de&hellip;<\/p>\n","protected":false},"author":1,"featured_media":0,"parent":0,"menu_order":0,"comment_status":"closed","ping_status":"closed","template":"","meta":{"_monsterinsights_skip_tracking":false,"_monsterinsights_sitenote_active":false,"_monsterinsights_sitenote_note":"","_monsterinsights_sitenote_category":0,"footnotes":""},"class_list":["post-3687","page","type-page","status-publish","hentry"],"yoast_head":"<!-- This site is optimized with the Yoast SEO plugin v27.5 - https:\/\/yoast.com\/product\/yoast-seo-wordpress\/ -->\n<title>Parques tem\u00e1ticos - Los Angeles<\/title>\n<meta name=\"robots\" content=\"index, follow, max-snippet:-1, max-image-preview:large, max-video-preview:-1\" \/>\n<link rel=\"canonical\" href=\"https:\/\/www.losangeles.net.au\/pt-br\/parques-tematicos\/\" \/>\n<meta property=\"og:locale\" content=\"pt_BR\" \/>\n<meta property=\"og:type\" content=\"article\" \/>\n<meta property=\"og:title\" content=\"Parques tem\u00e1ticos - Los Angeles\" \/>\n<meta property=\"og:description\" content=\"H\u00e1 cinco grandes parques tem\u00e1ticos e quatro parques aqu\u00e1ticos na \u00e1rea de&hellip;\" \/>\n<meta property=\"og:url\" content=\"https:\/\/www.losangeles.net.au\/pt-br\/parques-tematicos\/\" \/>\n<meta property=\"og:site_name\" content=\"Los Angeles\" \/>\n<meta name=\"twitter:card\" content=\"summary_large_image\" \/>\n<meta name=\"twitter:label1\" content=\"Est. tempo de leitura\" \/>\n\t<meta name=\"twitter:data1\" content=\"2 minutos\" \/>\n<script type=\"application\/ld+json\" class=\"yoast-schema-graph\">{\"@context\":\"https:\\\/\\\/schema.org\",\"@graph\":[{\"@type\":\"WebPage\",\"@id\":\"https:\\\/\\\/www.losangeles.net.au\\\/pt-br\\\/parques-tematicos\\\/\",\"url\":\"https:\\\/\\\/www.losangeles.net.au\\\/pt-br\\\/parques-tematicos\\\/\",\"name\":\"Parques tem\u00e1ticos - Los Angeles\",\"isPartOf\":{\"@id\":\"https:\\\/\\\/www.losangeles.net.au\\\/pt-br\\\/#website\"},\"datePublished\":\"2024-05-27T18:37:30+00:00\",\"breadcrumb\":{\"@id\":\"https:\\\/\\\/www.losangeles.net.au\\\/pt-br\\\/parques-tematicos\\\/#breadcrumb\"},\"inLanguage\":\"pt-BR\",\"potentialAction\":[{\"@type\":\"ReadAction\",\"target\":[\"https:\\\/\\\/www.losangeles.net.au\\\/pt-br\\\/parques-tematicos\\\/\"]}]},{\"@type\":\"BreadcrumbList\",\"@id\":\"https:\\\/\\\/www.losangeles.net.au\\\/pt-br\\\/parques-tematicos\\\/#breadcrumb\",\"itemListElement\":[{\"@type\":\"ListItem\",\"position\":1,\"name\":\"Home\",\"item\":\"https:\\\/\\\/www.losangeles.net.au\\\/pt-br\\\/\"},{\"@type\":\"ListItem\",\"position\":2,\"name\":\"Parques tem\u00e1ticos\"}]},{\"@type\":\"WebSite\",\"@id\":\"https:\\\/\\\/www.losangeles.net.au\\\/pt-br\\\/#website\",\"url\":\"https:\\\/\\\/www.losangeles.net.au\\\/pt-br\\\/\",\"name\":\"Los Angeles\",\"description\":\"Los Angeles Theme Parks, Tours, Flights, LA Hotels &amp; Travel Deals\",\"potentialAction\":[{\"@type\":\"SearchAction\",\"target\":{\"@type\":\"EntryPoint\",\"urlTemplate\":\"https:\\\/\\\/www.losangeles.net.au\\\/pt-br\\\/?s={search_term_string}\"},\"query-input\":{\"@type\":\"PropertyValueSpecification\",\"valueRequired\":true,\"valueName\":\"search_term_string\"}}],\"inLanguage\":\"pt-BR\"}]}<\/script>\n<!-- \/ Yoast SEO plugin. -->","yoast_head_json":{"title":"Parques tem\u00e1ticos - Los Angeles","robots":{"index":"index","follow":"follow","max-snippet":"max-snippet:-1","max-image-preview":"max-image-preview:large","max-video-preview":"max-video-preview:-1"},"canonical":"https:\/\/www.losangeles.net.au\/pt-br\/parques-tematicos\/","og_locale":"pt_BR","og_type":"article","og_title":"Parques tem\u00e1ticos - Los Angeles","og_description":"H\u00e1 cinco grandes parques tem\u00e1ticos e quatro parques aqu\u00e1ticos na \u00e1rea de&hellip;","og_url":"https:\/\/www.losangeles.net.au\/pt-br\/parques-tematicos\/","og_site_name":"Los Angeles","twitter_card":"summary_large_image","twitter_misc":{"Est. tempo de leitura":"2 minutos"},"schema":{"@context":"https:\/\/schema.org","@graph":[{"@type":"WebPage","@id":"https:\/\/www.losangeles.net.au\/pt-br\/parques-tematicos\/","url":"https:\/\/www.losangeles.net.au\/pt-br\/parques-tematicos\/","name":"Parques tem\u00e1ticos - Los Angeles","isPartOf":{"@id":"https:\/\/www.losangeles.net.au\/pt-br\/#website"},"datePublished":"2024-05-27T18:37:30+00:00","breadcrumb":{"@id":"https:\/\/www.losangeles.net.au\/pt-br\/parques-tematicos\/#breadcrumb"},"inLanguage":"pt-BR","potentialAction":[{"@type":"ReadAction","target":["https:\/\/www.losangeles.net.au\/pt-br\/parques-tematicos\/"]}]},{"@type":"BreadcrumbList","@id":"https:\/\/www.losangeles.net.au\/pt-br\/parques-tematicos\/#breadcrumb","itemListElement":[{"@type":"ListItem","position":1,"name":"Home","item":"https:\/\/www.losangeles.net.au\/pt-br\/"},{"@type":"ListItem","position":2,"name":"Parques tem\u00e1ticos"}]},{"@type":"WebSite","@id":"https:\/\/www.losangeles.net.au\/pt-br\/#website","url":"https:\/\/www.losangeles.net.au\/pt-br\/","name":"Los Angeles","description":"Los Angeles Theme Parks, Tours, Flights, LA Hotels &amp; Travel Deals","potentialAction":[{"@type":"SearchAction","target":{"@type":"EntryPoint","urlTemplate":"https:\/\/www.losangeles.net.au\/pt-br\/?s={search_term_string}"},"query-input":{"@type":"PropertyValueSpecification","valueRequired":true,"valueName":"search_term_string"}}],"inLanguage":"pt-BR"}]}},"_links":{"self":[{"href":"https:\/\/www.losangeles.net.au\/pt-br\/wp-json\/wp\/v2\/pages\/3687","targetHints":{"allow":["GET"]}}],"collection":[{"href":"https:\/\/www.losangeles.net.au\/pt-br\/wp-json\/wp\/v2\/pages"}],"about":[{"href":"https:\/\/www.losangeles.net.au\/pt-br\/wp-json\/wp\/v2\/types\/page"}],"author":[{"embeddable":true,"href":"https:\/\/www.losangeles.net.au\/pt-br\/wp-json\/wp\/v2\/users\/1"}],"replies":[{"embeddable":true,"href":"https:\/\/www.losangeles.net.au\/pt-br\/wp-json\/wp\/v2\/comments?post=3687"}],"version-history":[{"count":0,"href":"https:\/\/www.losangeles.net.au\/pt-br\/wp-json\/wp\/v2\/pages\/3687\/revisions"}],"wp:attachment":[{"href":"https:\/\/www.losangeles.net.au\/pt-br\/wp-json\/wp\/v2\/media?parent=3687"}],"curies":[{"name":"wp","href":"https:\/\/api.w.org\/{rel}","templated":true}]}}