{"id":3737,"date":"2023-12-20T12:05:34","date_gmt":"2023-12-20T01:05:34","guid":{"rendered":"https:\/\/www.losangeles.net.au\/hilton-universal-city\/"},"modified":"2015-10-14T12:05:34","modified_gmt":"2015-10-14T01:05:34","slug":"hilton-universal-city","status":"publish","type":"page","link":"https:\/\/www.losangeles.net.au\/fr\/hilton-universal-city\/","title":{"rendered":"Hilton Universal City"},"content":{"rendered":"<p>Le Hilton LA Universal City est l&rsquo;un des meilleurs h\u00f4tels de luxe de Los Angeles, offrant aux voyageurs une occasion unique de visiter les principales attractions et de profiter d&rsquo;un h\u00e9bergement opulent.<\/p>\n<p>Cet h\u00f4tel de 24 \u00e9tages est situ\u00e9 \u00e0 un p\u00e2t\u00e9 de maisons de l&rsquo;entr\u00e9e des c\u00e9l\u00e8bres studios Universal. Pour contacter le personnel de l&rsquo;h\u00f4tel, nous vous conseillons d&rsquo;utiliser cette adresse si vous souhaitez obtenir des informations suppl\u00e9mentaires sur l&rsquo;\u00e9tablissement : 555 Universal Hollywood Drive, Universal City, California 91608, USA.<\/p>\n<p>En raison de son emplacement, l&rsquo;une des principales attractions touristiques \u00e0 proximit\u00e9 de l&rsquo;h\u00f4tel est l&rsquo;Universal Studios. Parfaits pour toute la famille, les studios sont surtout connus pour leur imposant parc \u00e0 th\u00e8me o\u00f9 les enfants peuvent profiter d&rsquo;un large \u00e9ventail de spectacles et de man\u00e8ges. \u00c0 quelques pas des studios, vous pourrez profiter de l&rsquo;Universal Citywalk. Ce tron\u00e7on compte des restaurants raffin\u00e9s, des boutiques haut de gamme et des bo\u00eetes de nuit o\u00f9 l&rsquo;on ne s&rsquo;arr\u00eate jamais de s&rsquo;amuser.<\/p>\n<p>Les personnes s\u00e9journant \u00e0 l&rsquo;h\u00f4tel Hilton LA Universal City ne peuvent manquer l&rsquo;occasion de se rendre au Pantages Theater, qui propose d&rsquo;excellents divertissements de Broadway. Il est presque impossible de passer \u00e0 c\u00f4t\u00e9 de la jet\u00e9e de Santa Monica, qui abrite plusieurs festivals, des magasins et une plage immacul\u00e9e o\u00f9 l&rsquo;on peut se d\u00e9tendre \u00e0 l&rsquo;\u00e9tat pur. Parmi les autres attractions qui valent le d\u00e9tour, citons le California Science Center, le LA Zoo &amp; Botanical Gardens ainsi que le c\u00e9l\u00e8bre mus\u00e9e Madame Tussauds, o\u00f9 vous pourrez rencontrer des mod\u00e8les de cire grandeur nature de vos c\u00e9l\u00e9brit\u00e9s pr\u00e9f\u00e9r\u00e9es.<\/p>\n<p>Les installations de l&rsquo;h\u00f4tel sont con\u00e7ues pour vous permettre de passer le meilleur moment de votre vie. Le restaurant informel vous propose un large choix de plats \u00e0 savourer. Ne manquez pas de go\u00fbter \u00e0 la cuisine locale au restaurant de l&rsquo;h\u00f4tel Caf\u00e9 Sierra, o\u00f9 vous pourrez d\u00e9guster de d\u00e9licieux plats californiens, des mets chinois et continentaux all\u00e9chants, pour un voyage culinaire inoubliable. La piscine ext\u00e9rieure situ\u00e9e pr\u00e8s du bar est le moyen id\u00e9al pour se rafra\u00eechir tout au long de l&rsquo;apr\u00e8s-midi. Vous voyagez pour affaires ? Ne vous inqui\u00e9tez pas, le Business Facility Centre vous couvre avec un vaste centre d&rsquo;affaires, une connexion Wi-Fi gratuite et un caf\u00e9 o\u00f9 vous pouvez vous restaurer sur le pouce.  <\/p>\n<p>Pour votre confort, l&rsquo;h\u00f4tel met \u00e0 votre disposition les services suivants : location de voitures, enregistrement anticip\u00e9, station de recharge pour voiture \u00e9lectrique, d\u00e9panneur et bureau d&rsquo;excursions. Le personnel de l&rsquo;h\u00f4tel est multilingue, ce qui permet de r\u00e9pondre aux besoins de la plupart des visiteurs internationaux.  <\/p>\n<p>Le choix des chambres permet aux visiteurs de choisir ce qui leur convient le mieux. Les chambres sont con\u00e7ues pour offrir une vue imprenable sur Hollywood et r\u00e9pondre \u00e0 vos besoins en mati\u00e8re d&rsquo;h\u00e9bergement, en privil\u00e9giant le confort et la commodit\u00e9. Les suites luxueuses, quant \u00e0 elles, sont id\u00e9ales pour les familles en voyage, tandis que les chambres ex\u00e9cutives personnifient le luxe et offrent des vues panoramiques sur les environs enchanteurs.  <\/p>\n<p>Il est important de mentionner que l&rsquo;h\u00f4tel dispose de chambres accessibles, toutes dot\u00e9es des m\u00eames caract\u00e9ristiques que les chambres standard, avec des vues resplendissantes sur Universal Studio. C&rsquo;est important car les visiteurs handicap\u00e9s ont du mal \u00e0 b\u00e9n\u00e9ficier des avantages d&rsquo;un h\u00e9bergement de qualit\u00e9 dans les h\u00f4tels non accessibles.  <\/p>\n<p>Le Hilton LA Universal City est un h\u00f4tel quatre \u00e9toiles qui d\u00e9passe vos attentes les plus folles en mati\u00e8re de cuisine, de services sup\u00e9rieurs, d&rsquo;h\u00e9bergement de premier choix et de vie de luxe.  <\/p>\n<p><script type=\"text\/javascript\" src=\"https:\/\/www.hotelscombined.com\/SearchBox\/307080?hotelID=0\"><\/script><\/p>\n","protected":false},"excerpt":{"rendered":"<p>Le Hilton LA Universal City est l&rsquo;un des meilleurs h\u00f4tels de luxe&hellip;<\/p>\n","protected":false},"author":1,"featured_media":2513,"parent":0,"menu_order":0,"comment_status":"closed","ping_status":"closed","template":"","meta":{"_monsterinsights_skip_tracking":false,"_monsterinsights_sitenote_active":false,"_monsterinsights_sitenote_note":"","_monsterinsights_sitenote_category":0,"footnotes":""},"class_list":["post-3737","page","type-page","status-publish","has-post-thumbnail","hentry"],"yoast_head":"<!-- This site is optimized with the Yoast SEO plugin v27.4 - https:\/\/yoast.com\/product\/yoast-seo-wordpress\/ -->\n<title>Hilton Universal City - Los Angeles<\/title>\n<meta name=\"description\" content=\"Le Hilton LA Universal City est l&#039;un des meilleurs h\u00f4tels de luxe de Los Angeles, offrant aux voyageurs une occasion unique de visiter les principales attractions et de profiter d&#039;un h\u00e9bergement opulent.\" \/>\n<meta name=\"robots\" content=\"index, follow, max-snippet:-1, max-image-preview:large, max-video-preview:-1\" \/>\n<link rel=\"canonical\" href=\"https:\/\/www.losangeles.net.au\/fr\/hilton-universal-city\/\" \/>\n<meta property=\"og:locale\" content=\"fr_FR\" \/>\n<meta property=\"og:type\" content=\"article\" \/>\n<meta property=\"og:title\" content=\"Hilton Universal City - Los Angeles\" \/>\n<meta property=\"og:description\" content=\"Le Hilton LA Universal City est l&#039;un des meilleurs h\u00f4tels de luxe de Los Angeles, offrant aux voyageurs une occasion unique de visiter les principales attractions et de profiter d&#039;un h\u00e9bergement opulent.\" \/>\n<meta property=\"og:url\" content=\"https:\/\/www.losangeles.net.au\/fr\/hilton-universal-city\/\" \/>\n<meta property=\"og:site_name\" content=\"Los Angeles\" \/>\n<meta property=\"og:image\" content=\"https:\/\/www.losangeles.net.au\/wp-content\/uploads\/2015\/10\/Hilton-Universal-City.jpg\" \/>\n\t<meta property=\"og:image:width\" content=\"675\" \/>\n\t<meta property=\"og:image:height\" content=\"359\" \/>\n\t<meta property=\"og:image:type\" content=\"image\/jpeg\" \/>\n<meta name=\"twitter:card\" content=\"summary_large_image\" \/>\n<meta name=\"twitter:label1\" content=\"Dur\u00e9e de lecture estim\u00e9e\" \/>\n\t<meta name=\"twitter:data1\" content=\"3 minutes\" \/>\n<script type=\"application\/ld+json\" class=\"yoast-schema-graph\">{\"@context\":\"https:\\\/\\\/schema.org\",\"@graph\":[{\"@type\":\"WebPage\",\"@id\":\"https:\\\/\\\/www.losangeles.net.au\\\/fr\\\/hilton-universal-city\\\/\",\"url\":\"https:\\\/\\\/www.losangeles.net.au\\\/fr\\\/hilton-universal-city\\\/\",\"name\":\"Hilton Universal City - Los Angeles\",\"isPartOf\":{\"@id\":\"https:\\\/\\\/www.losangeles.net.au\\\/fr\\\/#website\"},\"primaryImageOfPage\":{\"@id\":\"https:\\\/\\\/www.losangeles.net.au\\\/fr\\\/hilton-universal-city\\\/#primaryimage\"},\"image\":{\"@id\":\"https:\\\/\\\/www.losangeles.net.au\\\/fr\\\/hilton-universal-city\\\/#primaryimage\"},\"thumbnailUrl\":\"https:\\\/\\\/www.losangeles.net.au\\\/wp-content\\\/uploads\\\/2015\\\/10\\\/Hilton-Universal-City.jpg\",\"datePublished\":\"2023-12-20T01:05:34+00:00\",\"description\":\"Le Hilton LA Universal City est l'un des meilleurs h\u00f4tels de luxe de Los Angeles, offrant aux voyageurs une occasion unique de visiter les principales attractions et de profiter d'un h\u00e9bergement opulent.\",\"breadcrumb\":{\"@id\":\"https:\\\/\\\/www.losangeles.net.au\\\/fr\\\/hilton-universal-city\\\/#breadcrumb\"},\"inLanguage\":\"fr-FR\",\"potentialAction\":[{\"@type\":\"ReadAction\",\"target\":[\"https:\\\/\\\/www.losangeles.net.au\\\/fr\\\/hilton-universal-city\\\/\"]}]},{\"@type\":\"ImageObject\",\"inLanguage\":\"fr-FR\",\"@id\":\"https:\\\/\\\/www.losangeles.net.au\\\/fr\\\/hilton-universal-city\\\/#primaryimage\",\"url\":\"https:\\\/\\\/www.losangeles.net.au\\\/wp-content\\\/uploads\\\/2015\\\/10\\\/Hilton-Universal-City.jpg\",\"contentUrl\":\"https:\\\/\\\/www.losangeles.net.au\\\/wp-content\\\/uploads\\\/2015\\\/10\\\/Hilton-Universal-City.jpg\",\"width\":675,\"height\":359,\"caption\":\"Hilton Universal City\"},{\"@type\":\"BreadcrumbList\",\"@id\":\"https:\\\/\\\/www.losangeles.net.au\\\/fr\\\/hilton-universal-city\\\/#breadcrumb\",\"itemListElement\":[{\"@type\":\"ListItem\",\"position\":1,\"name\":\"Home\",\"item\":\"https:\\\/\\\/www.losangeles.net.au\\\/fr\\\/\"},{\"@type\":\"ListItem\",\"position\":2,\"name\":\"Hilton Universal City\"}]},{\"@type\":\"WebSite\",\"@id\":\"https:\\\/\\\/www.losangeles.net.au\\\/fr\\\/#website\",\"url\":\"https:\\\/\\\/www.losangeles.net.au\\\/fr\\\/\",\"name\":\"Los Angeles\",\"description\":\"Los Angeles Theme Parks, Tours, Flights, LA Hotels &amp; Travel Deals\",\"potentialAction\":[{\"@type\":\"SearchAction\",\"target\":{\"@type\":\"EntryPoint\",\"urlTemplate\":\"https:\\\/\\\/www.losangeles.net.au\\\/fr\\\/?s={search_term_string}\"},\"query-input\":{\"@type\":\"PropertyValueSpecification\",\"valueRequired\":true,\"valueName\":\"search_term_string\"}}],\"inLanguage\":\"fr-FR\"}]}<\/script>\n<!-- \/ Yoast SEO plugin. -->","yoast_head_json":{"title":"Hilton Universal City - Los Angeles","description":"Le Hilton LA Universal City est l'un des meilleurs h\u00f4tels de luxe de Los Angeles, offrant aux voyageurs une occasion unique de visiter les principales attractions et de profiter d'un h\u00e9bergement opulent.","robots":{"index":"index","follow":"follow","max-snippet":"max-snippet:-1","max-image-preview":"max-image-preview:large","max-video-preview":"max-video-preview:-1"},"canonical":"https:\/\/www.losangeles.net.au\/fr\/hilton-universal-city\/","og_locale":"fr_FR","og_type":"article","og_title":"Hilton Universal City - Los Angeles","og_description":"Le Hilton LA Universal City est l'un des meilleurs h\u00f4tels de luxe de Los Angeles, offrant aux voyageurs une occasion unique de visiter les principales attractions et de profiter d'un h\u00e9bergement opulent.","og_url":"https:\/\/www.losangeles.net.au\/fr\/hilton-universal-city\/","og_site_name":"Los Angeles","og_image":[{"width":675,"height":359,"url":"https:\/\/www.losangeles.net.au\/wp-content\/uploads\/2015\/10\/Hilton-Universal-City.jpg","type":"image\/jpeg"}],"twitter_card":"summary_large_image","twitter_misc":{"Dur\u00e9e de lecture estim\u00e9e":"3 minutes"},"schema":{"@context":"https:\/\/schema.org","@graph":[{"@type":"WebPage","@id":"https:\/\/www.losangeles.net.au\/fr\/hilton-universal-city\/","url":"https:\/\/www.losangeles.net.au\/fr\/hilton-universal-city\/","name":"Hilton Universal City - Los Angeles","isPartOf":{"@id":"https:\/\/www.losangeles.net.au\/fr\/#website"},"primaryImageOfPage":{"@id":"https:\/\/www.losangeles.net.au\/fr\/hilton-universal-city\/#primaryimage"},"image":{"@id":"https:\/\/www.losangeles.net.au\/fr\/hilton-universal-city\/#primaryimage"},"thumbnailUrl":"https:\/\/www.losangeles.net.au\/wp-content\/uploads\/2015\/10\/Hilton-Universal-City.jpg","datePublished":"2023-12-20T01:05:34+00:00","description":"Le Hilton LA Universal City est l'un des meilleurs h\u00f4tels de luxe de Los Angeles, offrant aux voyageurs une occasion unique de visiter les principales attractions et de profiter d'un h\u00e9bergement opulent.","breadcrumb":{"@id":"https:\/\/www.losangeles.net.au\/fr\/hilton-universal-city\/#breadcrumb"},"inLanguage":"fr-FR","potentialAction":[{"@type":"ReadAction","target":["https:\/\/www.losangeles.net.au\/fr\/hilton-universal-city\/"]}]},{"@type":"ImageObject","inLanguage":"fr-FR","@id":"https:\/\/www.losangeles.net.au\/fr\/hilton-universal-city\/#primaryimage","url":"https:\/\/www.losangeles.net.au\/wp-content\/uploads\/2015\/10\/Hilton-Universal-City.jpg","contentUrl":"https:\/\/www.losangeles.net.au\/wp-content\/uploads\/2015\/10\/Hilton-Universal-City.jpg","width":675,"height":359,"caption":"Hilton Universal City"},{"@type":"BreadcrumbList","@id":"https:\/\/www.losangeles.net.au\/fr\/hilton-universal-city\/#breadcrumb","itemListElement":[{"@type":"ListItem","position":1,"name":"Home","item":"https:\/\/www.losangeles.net.au\/fr\/"},{"@type":"ListItem","position":2,"name":"Hilton Universal City"}]},{"@type":"WebSite","@id":"https:\/\/www.losangeles.net.au\/fr\/#website","url":"https:\/\/www.losangeles.net.au\/fr\/","name":"Los Angeles","description":"Los Angeles Theme Parks, Tours, Flights, LA Hotels &amp; Travel Deals","potentialAction":[{"@type":"SearchAction","target":{"@type":"EntryPoint","urlTemplate":"https:\/\/www.losangeles.net.au\/fr\/?s={search_term_string}"},"query-input":{"@type":"PropertyValueSpecification","valueRequired":true,"valueName":"search_term_string"}}],"inLanguage":"fr-FR"}]}},"_links":{"self":[{"href":"https:\/\/www.losangeles.net.au\/fr\/wp-json\/wp\/v2\/pages\/3737","targetHints":{"allow":["GET"]}}],"collection":[{"href":"https:\/\/www.losangeles.net.au\/fr\/wp-json\/wp\/v2\/pages"}],"about":[{"href":"https:\/\/www.losangeles.net.au\/fr\/wp-json\/wp\/v2\/types\/page"}],"author":[{"embeddable":true,"href":"https:\/\/www.losangeles.net.au\/fr\/wp-json\/wp\/v2\/users\/1"}],"replies":[{"embeddable":true,"href":"https:\/\/www.losangeles.net.au\/fr\/wp-json\/wp\/v2\/comments?post=3737"}],"version-history":[{"count":0,"href":"https:\/\/www.losangeles.net.au\/fr\/wp-json\/wp\/v2\/pages\/3737\/revisions"}],"wp:featuredmedia":[{"embeddable":true,"href":"https:\/\/www.losangeles.net.au\/fr\/wp-json\/wp\/v2\/media\/2513"}],"wp:attachment":[{"href":"https:\/\/www.losangeles.net.au\/fr\/wp-json\/wp\/v2\/media?parent=3737"}],"curies":[{"name":"wp","href":"https:\/\/api.w.org\/{rel}","templated":true}]}}