{"id":3713,"date":"2015-10-19T18:44:34","date_gmt":"2015-10-19T07:44:34","guid":{"rendered":"https:\/\/www.losangeles.net.au\/sheraton-universal\/"},"modified":"2015-10-19T18:44:34","modified_gmt":"2015-10-19T07:44:34","slug":"sheraton-universal","status":"publish","type":"page","link":"https:\/\/www.losangeles.net.au\/fr\/sheraton-universal\/","title":{"rendered":"Sheraton Universal"},"content":{"rendered":"<p>Le Sheraton Universal, situ\u00e9 dans les collines d&rsquo;Universal City, en Californie, vous offrira le luxe d\u00e9contract\u00e9 qui fait la r\u00e9putation d&rsquo;Hollywood. \u00c0 seulement cinq minutes en voiture des Studios Universal d&rsquo;Hollywood, vous pouvez dormir sur vos deux oreilles en sachant que vous n&rsquo;aurez pas \u00e0 affronter l&rsquo;heure de pointe du matin pour vous rendre au travail ou vous divertir. L&rsquo;acc\u00e8s rapide et facile \u00e0 l&rsquo;autoroute 101 permet de rejoindre facilement le c\u0153ur de Los Angeles ou de se diriger vers d&rsquo;autres destinations au nord.<\/p>\n<p>Pour les amateurs de cin\u00e9ma et de parcs \u00e0 th\u00e8me, la proximit\u00e9 des <a href=\"http:\/\/www.losangeles.net.au\/theme-parks\/universal-studios\/\">studios Universal<\/a> fait du Sheraton un choix naturel. Universal Citywalk se trouve \u00e0 seulement six minutes de marche de l&rsquo;h\u00f4tel et propose soixante-cinq boutiques et restaurants, dont trois bo\u00eetes de nuit. Que vous recherchiez un restaurant familial ou un endroit o\u00f9 danser et rire jusqu&rsquo;au petit matin, vous \u00eates s\u00fbr de trouver ce que vous cherchez, et ce \u00e0 quelques minutes seulement. Bien entendu, toutes les attractions les plus int\u00e9ressantes et les plus passionnantes d&rsquo;Hollywood se trouvent \u00e0 proximit\u00e9. Le classique Graumann&rsquo;s Chinese Theatre, Rodeo Drive, le c\u00e9l\u00e8bre mus\u00e9e J. Paul Getty et le Hollywood Walk of Fame ne sont que quelques-uns des nombreux points forts que vous pourrez d\u00e9couvrir \u00e0 Hollywood. Il est facile de rejoindre d&rsquo;autres grandes destinations de la Californie du Sud, comme <a href=\"http:\/\/www.losangeles.net.au\/theme-parks\/disneyland\/\">Disneyland<\/a> \u00e0 Anaheim, ou d&#8217;emprunter la route panoramique qui descend le long de la c\u00f4te jusqu&rsquo;\u00e0 <a href=\"http:\/\/www.losangeles.net.au\/theme-parks\/seaworld\/\">Sea World<\/a>.<\/p>\n<p>Vous n&rsquo;avez pas envie de vous aventurer ? Ne vous inqui\u00e9tez pas, vous trouverez tout ce dont vous avez besoin dans l&rsquo;h\u00f4tel. Le centre de remise en forme r\u00e9cemment r\u00e9nov\u00e9, d&rsquo;une superficie de 1 500 m\u00b2, \u00e9quip\u00e9 de Core Performance, vous permettra de faire un entra\u00eenement parfait. Si vous pr\u00e9f\u00e9rez nager, vous adorerez la piscine r\u00e9nov\u00e9e, entour\u00e9e d&rsquo;une v\u00e9g\u00e9tation luxuriante, de fauteuils confortables et de chaises longues. Glissez-vous dans l&rsquo;eau turquoise pour une baignade rafra\u00eechissante, puis s\u00e9chez-vous dans la chaude brise californienne. Cet h\u00f4tel fantastique propose non seulement un centre de remise en forme et une piscine, mais vous trouverez \u00e9galement un plaisir gastronomique dans le bar-salon PAIRED, une exp\u00e9rience unique de vins fins, de bi\u00e8res artisanales et de petits plats. Si vous voyagez avec votre chiot, ce Sheraton accepte \u00e9galement les animaux de compagnie ! Si votre chien ne p\u00e8se pas plus de 40 livres, il peut rester avec vous (moyennant des frais de nettoyage et de d\u00e9sinfection). Un atout suppl\u00e9mentaire ? Universal Studios propose de garder gratuitement les chiens pendant que vous visitez le parc !<\/p>\n<p>Un large \u00e9ventail de chambres est disponible, notamment la chambre traditionnelle, la chambre Lanai Poolside, la chambre Club Level, la suite junior, la suite ex\u00e9cutive et la suite VIP. Cette s\u00e9lection vous permettra de trouver exactement ce que vous cherchez. Toutes les chambres sont d\u00e9cor\u00e9es par des professionnels pour une relaxation optimale dans des tons apaisants de bleu, de brun et d&rsquo;ivoire. En outre, chaque chambre est \u00e9quip\u00e9e du lit SweetSleeper de Sheraton, pour une bonne nuit de sommeil, et d&rsquo;autres \u00e9quipements tels que les produits de bain Shine by Bliss, des bouteilles d&rsquo;eau, une tasse Starbucks, une t\u00e9l\u00e9vision LCD de 32 pouces, le wifi et un radio-r\u00e9veil.<\/p>\n<p>Le Sheraton Universal Hotel vous offrira une exp\u00e9rience h\u00f4teli\u00e8re de luxe, \u00e0 des prix diff\u00e9rents selon les chambres. Gr\u00e2ce \u00e0 ses nombreux \u00e9quipements et \u00e0 sa situation incroyablement pratique par rapport \u00e0 diff\u00e9rents points de la r\u00e9gion de Los Angeles, vous ne manquerez pas de revenir.<\/p>\n","protected":false},"excerpt":{"rendered":"<p>Le Sheraton Universal, situ\u00e9 dans les collines d&rsquo;Universal City, en Californie, vous&hellip;<\/p>\n","protected":false},"author":1,"featured_media":2969,"parent":0,"menu_order":0,"comment_status":"closed","ping_status":"closed","template":"","meta":{"_monsterinsights_skip_tracking":false,"_monsterinsights_sitenote_active":false,"_monsterinsights_sitenote_note":"","_monsterinsights_sitenote_category":0,"footnotes":""},"class_list":["post-3713","page","type-page","status-publish","has-post-thumbnail","hentry"],"yoast_head":"<!-- This site is optimized with the Yoast SEO plugin v27.5 - https:\/\/yoast.com\/product\/yoast-seo-wordpress\/ -->\n<title>Sheraton Universal - Los Angeles<\/title>\n<meta name=\"description\" content=\"Le Sheraton Universal, situ\u00e9 dans les collines d&#039;Universal City, en Californie, vous offrira le luxe d\u00e9contract\u00e9 qui fait la r\u00e9putation d&#039;Hollywood.\" \/>\n<meta name=\"robots\" content=\"index, follow, max-snippet:-1, max-image-preview:large, max-video-preview:-1\" \/>\n<link rel=\"canonical\" href=\"https:\/\/www.losangeles.net.au\/fr\/sheraton-universal\/\" \/>\n<meta property=\"og:locale\" content=\"fr_FR\" \/>\n<meta property=\"og:type\" content=\"article\" \/>\n<meta property=\"og:title\" content=\"Sheraton Universal - Los Angeles\" \/>\n<meta property=\"og:description\" content=\"Le Sheraton Universal, situ\u00e9 dans les collines d&#039;Universal City, en Californie, vous offrira le luxe d\u00e9contract\u00e9 qui fait la r\u00e9putation d&#039;Hollywood.\" \/>\n<meta property=\"og:url\" content=\"https:\/\/www.losangeles.net.au\/fr\/sheraton-universal\/\" \/>\n<meta property=\"og:site_name\" content=\"Los Angeles\" \/>\n<meta property=\"og:image\" content=\"https:\/\/www.losangeles.net.au\/wp-content\/uploads\/2015\/10\/Sheraton-Universal.jpg\" \/>\n\t<meta property=\"og:image:width\" content=\"1600\" \/>\n\t<meta property=\"og:image:height\" content=\"900\" \/>\n\t<meta property=\"og:image:type\" content=\"image\/jpeg\" \/>\n<meta name=\"twitter:card\" content=\"summary_large_image\" \/>\n<meta name=\"twitter:label1\" content=\"Dur\u00e9e de lecture estim\u00e9e\" \/>\n\t<meta name=\"twitter:data1\" content=\"3 minutes\" \/>\n<script type=\"application\/ld+json\" class=\"yoast-schema-graph\">{\"@context\":\"https:\\\/\\\/schema.org\",\"@graph\":[{\"@type\":\"WebPage\",\"@id\":\"https:\\\/\\\/www.losangeles.net.au\\\/fr\\\/sheraton-universal\\\/\",\"url\":\"https:\\\/\\\/www.losangeles.net.au\\\/fr\\\/sheraton-universal\\\/\",\"name\":\"Sheraton Universal - Los Angeles\",\"isPartOf\":{\"@id\":\"https:\\\/\\\/www.losangeles.net.au\\\/fr\\\/#website\"},\"primaryImageOfPage\":{\"@id\":\"https:\\\/\\\/www.losangeles.net.au\\\/fr\\\/sheraton-universal\\\/#primaryimage\"},\"image\":{\"@id\":\"https:\\\/\\\/www.losangeles.net.au\\\/fr\\\/sheraton-universal\\\/#primaryimage\"},\"thumbnailUrl\":\"https:\\\/\\\/www.losangeles.net.au\\\/wp-content\\\/uploads\\\/2015\\\/10\\\/Sheraton-Universal.jpg\",\"datePublished\":\"2015-10-19T07:44:34+00:00\",\"description\":\"Le Sheraton Universal, situ\u00e9 dans les collines d'Universal City, en Californie, vous offrira le luxe d\u00e9contract\u00e9 qui fait la r\u00e9putation d'Hollywood.\",\"breadcrumb\":{\"@id\":\"https:\\\/\\\/www.losangeles.net.au\\\/fr\\\/sheraton-universal\\\/#breadcrumb\"},\"inLanguage\":\"fr-FR\",\"potentialAction\":[{\"@type\":\"ReadAction\",\"target\":[\"https:\\\/\\\/www.losangeles.net.au\\\/fr\\\/sheraton-universal\\\/\"]}]},{\"@type\":\"ImageObject\",\"inLanguage\":\"fr-FR\",\"@id\":\"https:\\\/\\\/www.losangeles.net.au\\\/fr\\\/sheraton-universal\\\/#primaryimage\",\"url\":\"https:\\\/\\\/www.losangeles.net.au\\\/wp-content\\\/uploads\\\/2015\\\/10\\\/Sheraton-Universal.jpg\",\"contentUrl\":\"https:\\\/\\\/www.losangeles.net.au\\\/wp-content\\\/uploads\\\/2015\\\/10\\\/Sheraton-Universal.jpg\",\"width\":1600,\"height\":900,\"caption\":\"Sheraton Universal\"},{\"@type\":\"BreadcrumbList\",\"@id\":\"https:\\\/\\\/www.losangeles.net.au\\\/fr\\\/sheraton-universal\\\/#breadcrumb\",\"itemListElement\":[{\"@type\":\"ListItem\",\"position\":1,\"name\":\"Home\",\"item\":\"https:\\\/\\\/www.losangeles.net.au\\\/fr\\\/\"},{\"@type\":\"ListItem\",\"position\":2,\"name\":\"Sheraton Universal\"}]},{\"@type\":\"WebSite\",\"@id\":\"https:\\\/\\\/www.losangeles.net.au\\\/fr\\\/#website\",\"url\":\"https:\\\/\\\/www.losangeles.net.au\\\/fr\\\/\",\"name\":\"Los Angeles\",\"description\":\"Los Angeles Theme Parks, Tours, Flights, LA Hotels &amp; Travel Deals\",\"potentialAction\":[{\"@type\":\"SearchAction\",\"target\":{\"@type\":\"EntryPoint\",\"urlTemplate\":\"https:\\\/\\\/www.losangeles.net.au\\\/fr\\\/?s={search_term_string}\"},\"query-input\":{\"@type\":\"PropertyValueSpecification\",\"valueRequired\":true,\"valueName\":\"search_term_string\"}}],\"inLanguage\":\"fr-FR\"}]}<\/script>\n<!-- \/ Yoast SEO plugin. -->","yoast_head_json":{"title":"Sheraton Universal - Los Angeles","description":"Le Sheraton Universal, situ\u00e9 dans les collines d'Universal City, en Californie, vous offrira le luxe d\u00e9contract\u00e9 qui fait la r\u00e9putation d'Hollywood.","robots":{"index":"index","follow":"follow","max-snippet":"max-snippet:-1","max-image-preview":"max-image-preview:large","max-video-preview":"max-video-preview:-1"},"canonical":"https:\/\/www.losangeles.net.au\/fr\/sheraton-universal\/","og_locale":"fr_FR","og_type":"article","og_title":"Sheraton Universal - Los Angeles","og_description":"Le Sheraton Universal, situ\u00e9 dans les collines d'Universal City, en Californie, vous offrira le luxe d\u00e9contract\u00e9 qui fait la r\u00e9putation d'Hollywood.","og_url":"https:\/\/www.losangeles.net.au\/fr\/sheraton-universal\/","og_site_name":"Los Angeles","og_image":[{"width":1600,"height":900,"url":"https:\/\/www.losangeles.net.au\/wp-content\/uploads\/2015\/10\/Sheraton-Universal.jpg","type":"image\/jpeg"}],"twitter_card":"summary_large_image","twitter_misc":{"Dur\u00e9e de lecture estim\u00e9e":"3 minutes"},"schema":{"@context":"https:\/\/schema.org","@graph":[{"@type":"WebPage","@id":"https:\/\/www.losangeles.net.au\/fr\/sheraton-universal\/","url":"https:\/\/www.losangeles.net.au\/fr\/sheraton-universal\/","name":"Sheraton Universal - Los Angeles","isPartOf":{"@id":"https:\/\/www.losangeles.net.au\/fr\/#website"},"primaryImageOfPage":{"@id":"https:\/\/www.losangeles.net.au\/fr\/sheraton-universal\/#primaryimage"},"image":{"@id":"https:\/\/www.losangeles.net.au\/fr\/sheraton-universal\/#primaryimage"},"thumbnailUrl":"https:\/\/www.losangeles.net.au\/wp-content\/uploads\/2015\/10\/Sheraton-Universal.jpg","datePublished":"2015-10-19T07:44:34+00:00","description":"Le Sheraton Universal, situ\u00e9 dans les collines d'Universal City, en Californie, vous offrira le luxe d\u00e9contract\u00e9 qui fait la r\u00e9putation d'Hollywood.","breadcrumb":{"@id":"https:\/\/www.losangeles.net.au\/fr\/sheraton-universal\/#breadcrumb"},"inLanguage":"fr-FR","potentialAction":[{"@type":"ReadAction","target":["https:\/\/www.losangeles.net.au\/fr\/sheraton-universal\/"]}]},{"@type":"ImageObject","inLanguage":"fr-FR","@id":"https:\/\/www.losangeles.net.au\/fr\/sheraton-universal\/#primaryimage","url":"https:\/\/www.losangeles.net.au\/wp-content\/uploads\/2015\/10\/Sheraton-Universal.jpg","contentUrl":"https:\/\/www.losangeles.net.au\/wp-content\/uploads\/2015\/10\/Sheraton-Universal.jpg","width":1600,"height":900,"caption":"Sheraton Universal"},{"@type":"BreadcrumbList","@id":"https:\/\/www.losangeles.net.au\/fr\/sheraton-universal\/#breadcrumb","itemListElement":[{"@type":"ListItem","position":1,"name":"Home","item":"https:\/\/www.losangeles.net.au\/fr\/"},{"@type":"ListItem","position":2,"name":"Sheraton Universal"}]},{"@type":"WebSite","@id":"https:\/\/www.losangeles.net.au\/fr\/#website","url":"https:\/\/www.losangeles.net.au\/fr\/","name":"Los Angeles","description":"Los Angeles Theme Parks, Tours, Flights, LA Hotels &amp; Travel Deals","potentialAction":[{"@type":"SearchAction","target":{"@type":"EntryPoint","urlTemplate":"https:\/\/www.losangeles.net.au\/fr\/?s={search_term_string}"},"query-input":{"@type":"PropertyValueSpecification","valueRequired":true,"valueName":"search_term_string"}}],"inLanguage":"fr-FR"}]}},"_links":{"self":[{"href":"https:\/\/www.losangeles.net.au\/fr\/wp-json\/wp\/v2\/pages\/3713","targetHints":{"allow":["GET"]}}],"collection":[{"href":"https:\/\/www.losangeles.net.au\/fr\/wp-json\/wp\/v2\/pages"}],"about":[{"href":"https:\/\/www.losangeles.net.au\/fr\/wp-json\/wp\/v2\/types\/page"}],"author":[{"embeddable":true,"href":"https:\/\/www.losangeles.net.au\/fr\/wp-json\/wp\/v2\/users\/1"}],"replies":[{"embeddable":true,"href":"https:\/\/www.losangeles.net.au\/fr\/wp-json\/wp\/v2\/comments?post=3713"}],"version-history":[{"count":0,"href":"https:\/\/www.losangeles.net.au\/fr\/wp-json\/wp\/v2\/pages\/3713\/revisions"}],"wp:featuredmedia":[{"embeddable":true,"href":"https:\/\/www.losangeles.net.au\/fr\/wp-json\/wp\/v2\/media\/2969"}],"wp:attachment":[{"href":"https:\/\/www.losangeles.net.au\/fr\/wp-json\/wp\/v2\/media?parent=3713"}],"curies":[{"name":"wp","href":"https:\/\/api.w.org\/{rel}","templated":true}]}}