{"id":3711,"date":"2024-01-03T12:11:14","date_gmt":"2024-01-03T01:11:14","guid":{"rendered":"https:\/\/www.losangeles.net.au\/parcs-a-theme\/universal-studios-hollywood\/"},"modified":"2012-10-13T12:11:14","modified_gmt":"2012-10-13T01:11:14","slug":"universal-studios-hollywood","status":"publish","type":"page","link":"https:\/\/www.losangeles.net.au\/fr\/parcs-a-theme\/universal-studios-hollywood\/","title":{"rendered":"Universal Studios Hollywood"},"content":{"rendered":"<p>Si vous aimez le cin\u00e9ma et la t\u00e9l\u00e9vision, vous ne pouvez pas visiter Los Angeles sans aller voir Universal Studios Hollywood. Ce studio de cin\u00e9ma \u00e0 th\u00e8me vous permet de d\u00e9couvrir le tournage de certains des films les plus populaires de l&rsquo;histoire, tout en profitant de man\u00e8ges et de spectacles de classe mondiale.<\/p>\n<p>L&rsquo;Universal Studios Hollywood compte 16 attractions diff\u00e9rentes, chacune ayant pour th\u00e8me l&rsquo;un des films ou \u00e9missions t\u00e9l\u00e9vis\u00e9es classiques d&rsquo;Universal. Pour les amateurs de sensations fortes, il y a une montagne russe int\u00e9rieure effrayante, Revenge of the Mummy, l&rsquo;Universal House of Horrors et un man\u00e8ge aquatique tr\u00e8s amusant inspir\u00e9 de Jurassic Park. Le parc s&rsquo;est r\u00e9cemment enrichi d&rsquo;une autre attraction tr\u00e8s populaire, Transformers : The Ride, une attraction en 3D dans le noir qui, selon le Los Angeles Times, \u00ab\u00a0se classe parmi les meilleures attractions de parc \u00e0 th\u00e8me au monde\u00a0\u00bb.<\/p>\n<p>Pour les familles avec de jeunes enfants, de nombreux divertissements sont propos\u00e9s. Le Simpsons Ride, qui se d\u00e9roule dans le parc \u00e0 th\u00e8me Krusty the Klown&rsquo;s Krustyland, est tr\u00e8s populaire, tout comme l&rsquo;aire de jeux d&rsquo;eau et de balles The Adventures of Curious George (Les Aventures de Curious George). En vous promenant dans le parc, vous apercevrez peut-\u00eatre des visages familiers ! Vous aurez l&rsquo;occasion de rencontrer et de vous faire photographier avec les personnages et les stars les plus populaires d&rsquo;Universal, comme Marilyn Monroe, Dora l&rsquo;exploratrice, le comte Dracula et Shrek.<\/p>\n<p>En plus des man\u00e8ges, il y a des spectacles fantastiques \u00e0 voir lors de votre visite \u00e0 Universal Studios Hollywood. Les amateurs de musique adoreront la Blues Brothers Revue, tandis que les fanatiques de cin\u00e9ma seront fascin\u00e9s par la sc\u00e8ne des effets sp\u00e9ciaux, et le spectacle des Universal Animal Actors pla\u00eet toujours aux enfants.<\/p>\n<p>Vous pouvez \u00e9galement visiter le studio lui-m\u00eame, qui est le plus grand studio de cin\u00e9ma en activit\u00e9 au monde et qui a \u00e9t\u00e9 construit avec Steven Spielberg en tant que consultant cr\u00e9atif. Parmi les sites c\u00e9l\u00e8bres, citons Wisteria Lane, la maison des Desperate Housewives, et Bates Motel, o\u00f9 vous rencontrerez Norman Bates, le meurtrier de Psycho.<\/p>\n<p>Le parc est ouvert toute l&rsquo;ann\u00e9e, avec des \u00e9v\u00e9nements sp\u00e9ciaux fr\u00e9quents, notamment les Halloween Horror Nights en octobre et le Grinchmas pendant la p\u00e9riode de No\u00ebl. Une fois dans le parc, tous vos besoins seront satisfaits, avec un large choix de nourriture et des souvenirs \u00e9tonnants sur le th\u00e8me du cin\u00e9ma et de la t\u00e9l\u00e9vision.<\/p>\n<p>Si vous souhaitez passer des vacances inoubliables et vivre une v\u00e9ritable exp\u00e9rience hollywoodienne, r\u00e9servez d\u00e8s aujourd&rsquo;hui votre voyage \u00e0 Universal Studios ! Cliquez ici pour r\u00e9server par notre interm\u00e9diaire et \u00e9conomiser de l&rsquo;argent sur le prix total de certains de nos forfaits pr\u00e9f\u00e9r\u00e9s :<\/p>\n<ul>\n<li>Skip the Line:\u00c2 <a href=\"http:\/\/www.shareasale.com\/r.cfm?u=403568&amp;b=132440&amp;m=18208&amp;afftrack=&amp;urllink=www%2Eviator%2Ecom%2Ftours%2FLos%2DAngeles%2FSkip%2Dthe%2DLine%2DFront%2Dof%2DLine%2DPass%2Dat%2DUniversal%2DStudios%2DHollywood%2Fd645%2D2030FRONT%5FLINE\" target=\"_blank\" rel=\"noopener\">Front of Line Pass @ Universal Studios Hollywood<\/a><\/li>\n<li><a href=\"http:\/\/www.shareasale.com\/r.cfm?u=403568&amp;b=132440&amp;m=18208&amp;afftrack=&amp;urllink=www%2Eviator%2Ecom%2Ftours%2FLos%2DAngeles%2FVIP%2DExperience%2Dat%2DUniversal%2DStudios%2DHollywood%2Fd645%2D2030VIP\" target=\"_blank\" rel=\"noopener\">Exp\u00e9rience VIP \u00e0 Universal Studios Hollywood<\/a><\/li>\n<li><a href=\"http:\/\/www.shareasale.com\/r.cfm?u=403568&amp;b=132440&amp;m=18208&amp;afftrack=&amp;urllink=www%2Eviator%2Ecom%2Ftours%2FLos%2DAngeles%2FUniversal%2DStudios%2DHollywood%2DMovie%2DStars%2DHomes%2DTour%2Dand%2DCity%2DTour%2Fd645%2D3638%5F5\" target=\"_blank\" rel=\"noopener\">Universal Studios Hollywood + Movie Star&rsquo;s &amp; LA City Tour<\/a><\/li>\n<\/ul>\n","protected":false},"excerpt":{"rendered":"<p>Si vous aimez le cin\u00e9ma et la t\u00e9l\u00e9vision, vous ne pouvez pas&hellip;<\/p>\n","protected":false},"author":1,"featured_media":0,"parent":3680,"menu_order":0,"comment_status":"closed","ping_status":"closed","template":"","meta":{"_monsterinsights_skip_tracking":false,"_monsterinsights_sitenote_active":false,"_monsterinsights_sitenote_note":"","_monsterinsights_sitenote_category":0,"footnotes":""},"class_list":["post-3711","page","type-page","status-publish","hentry"],"yoast_head":"<!-- This site is optimized with the Yoast SEO plugin v27.5 - https:\/\/yoast.com\/product\/yoast-seo-wordpress\/ -->\n<title>Universal Studios Hollywood - Los Angeles<\/title>\n<meta name=\"robots\" content=\"index, follow, max-snippet:-1, max-image-preview:large, max-video-preview:-1\" \/>\n<link rel=\"canonical\" href=\"https:\/\/www.losangeles.net.au\/fr\/parcs-a-theme\/universal-studios-hollywood\/\" \/>\n<meta property=\"og:locale\" content=\"fr_FR\" \/>\n<meta property=\"og:type\" content=\"article\" \/>\n<meta property=\"og:title\" content=\"Universal Studios Hollywood - Los Angeles\" \/>\n<meta property=\"og:description\" content=\"Si vous aimez le cin\u00e9ma et la t\u00e9l\u00e9vision, vous ne pouvez pas&hellip;\" \/>\n<meta property=\"og:url\" content=\"https:\/\/www.losangeles.net.au\/fr\/parcs-a-theme\/universal-studios-hollywood\/\" \/>\n<meta property=\"og:site_name\" content=\"Los Angeles\" \/>\n<meta name=\"twitter:card\" content=\"summary_large_image\" \/>\n<meta name=\"twitter:label1\" content=\"Dur\u00e9e de lecture estim\u00e9e\" \/>\n\t<meta name=\"twitter:data1\" content=\"3 minutes\" \/>\n<script type=\"application\/ld+json\" class=\"yoast-schema-graph\">{\"@context\":\"https:\\\/\\\/schema.org\",\"@graph\":[{\"@type\":\"WebPage\",\"@id\":\"https:\\\/\\\/www.losangeles.net.au\\\/fr\\\/parcs-a-theme\\\/universal-studios-hollywood\\\/\",\"url\":\"https:\\\/\\\/www.losangeles.net.au\\\/fr\\\/parcs-a-theme\\\/universal-studios-hollywood\\\/\",\"name\":\"Universal Studios Hollywood - Los Angeles\",\"isPartOf\":{\"@id\":\"https:\\\/\\\/www.losangeles.net.au\\\/fr\\\/#website\"},\"datePublished\":\"2024-01-03T01:11:14+00:00\",\"breadcrumb\":{\"@id\":\"https:\\\/\\\/www.losangeles.net.au\\\/fr\\\/parcs-a-theme\\\/universal-studios-hollywood\\\/#breadcrumb\"},\"inLanguage\":\"fr-FR\",\"potentialAction\":[{\"@type\":\"ReadAction\",\"target\":[\"https:\\\/\\\/www.losangeles.net.au\\\/fr\\\/parcs-a-theme\\\/universal-studios-hollywood\\\/\"]}]},{\"@type\":\"BreadcrumbList\",\"@id\":\"https:\\\/\\\/www.losangeles.net.au\\\/fr\\\/parcs-a-theme\\\/universal-studios-hollywood\\\/#breadcrumb\",\"itemListElement\":[{\"@type\":\"ListItem\",\"position\":1,\"name\":\"Home\",\"item\":\"https:\\\/\\\/www.losangeles.net.au\\\/fr\\\/\"},{\"@type\":\"ListItem\",\"position\":2,\"name\":\"Parcs \u00e0 th\u00e8me\",\"item\":\"https:\\\/\\\/www.losangeles.net.au\\\/fr\\\/parcs-a-theme\\\/\"},{\"@type\":\"ListItem\",\"position\":3,\"name\":\"Universal Studios Hollywood\"}]},{\"@type\":\"WebSite\",\"@id\":\"https:\\\/\\\/www.losangeles.net.au\\\/fr\\\/#website\",\"url\":\"https:\\\/\\\/www.losangeles.net.au\\\/fr\\\/\",\"name\":\"Los Angeles\",\"description\":\"Los Angeles Theme Parks, Tours, Flights, LA Hotels &amp; Travel Deals\",\"potentialAction\":[{\"@type\":\"SearchAction\",\"target\":{\"@type\":\"EntryPoint\",\"urlTemplate\":\"https:\\\/\\\/www.losangeles.net.au\\\/fr\\\/?s={search_term_string}\"},\"query-input\":{\"@type\":\"PropertyValueSpecification\",\"valueRequired\":true,\"valueName\":\"search_term_string\"}}],\"inLanguage\":\"fr-FR\"}]}<\/script>\n<!-- \/ Yoast SEO plugin. -->","yoast_head_json":{"title":"Universal Studios Hollywood - Los Angeles","robots":{"index":"index","follow":"follow","max-snippet":"max-snippet:-1","max-image-preview":"max-image-preview:large","max-video-preview":"max-video-preview:-1"},"canonical":"https:\/\/www.losangeles.net.au\/fr\/parcs-a-theme\/universal-studios-hollywood\/","og_locale":"fr_FR","og_type":"article","og_title":"Universal Studios Hollywood - Los Angeles","og_description":"Si vous aimez le cin\u00e9ma et la t\u00e9l\u00e9vision, vous ne pouvez pas&hellip;","og_url":"https:\/\/www.losangeles.net.au\/fr\/parcs-a-theme\/universal-studios-hollywood\/","og_site_name":"Los Angeles","twitter_card":"summary_large_image","twitter_misc":{"Dur\u00e9e de lecture estim\u00e9e":"3 minutes"},"schema":{"@context":"https:\/\/schema.org","@graph":[{"@type":"WebPage","@id":"https:\/\/www.losangeles.net.au\/fr\/parcs-a-theme\/universal-studios-hollywood\/","url":"https:\/\/www.losangeles.net.au\/fr\/parcs-a-theme\/universal-studios-hollywood\/","name":"Universal Studios Hollywood - Los Angeles","isPartOf":{"@id":"https:\/\/www.losangeles.net.au\/fr\/#website"},"datePublished":"2024-01-03T01:11:14+00:00","breadcrumb":{"@id":"https:\/\/www.losangeles.net.au\/fr\/parcs-a-theme\/universal-studios-hollywood\/#breadcrumb"},"inLanguage":"fr-FR","potentialAction":[{"@type":"ReadAction","target":["https:\/\/www.losangeles.net.au\/fr\/parcs-a-theme\/universal-studios-hollywood\/"]}]},{"@type":"BreadcrumbList","@id":"https:\/\/www.losangeles.net.au\/fr\/parcs-a-theme\/universal-studios-hollywood\/#breadcrumb","itemListElement":[{"@type":"ListItem","position":1,"name":"Home","item":"https:\/\/www.losangeles.net.au\/fr\/"},{"@type":"ListItem","position":2,"name":"Parcs \u00e0 th\u00e8me","item":"https:\/\/www.losangeles.net.au\/fr\/parcs-a-theme\/"},{"@type":"ListItem","position":3,"name":"Universal Studios Hollywood"}]},{"@type":"WebSite","@id":"https:\/\/www.losangeles.net.au\/fr\/#website","url":"https:\/\/www.losangeles.net.au\/fr\/","name":"Los Angeles","description":"Los Angeles Theme Parks, Tours, Flights, LA Hotels &amp; Travel Deals","potentialAction":[{"@type":"SearchAction","target":{"@type":"EntryPoint","urlTemplate":"https:\/\/www.losangeles.net.au\/fr\/?s={search_term_string}"},"query-input":{"@type":"PropertyValueSpecification","valueRequired":true,"valueName":"search_term_string"}}],"inLanguage":"fr-FR"}]}},"_links":{"self":[{"href":"https:\/\/www.losangeles.net.au\/fr\/wp-json\/wp\/v2\/pages\/3711","targetHints":{"allow":["GET"]}}],"collection":[{"href":"https:\/\/www.losangeles.net.au\/fr\/wp-json\/wp\/v2\/pages"}],"about":[{"href":"https:\/\/www.losangeles.net.au\/fr\/wp-json\/wp\/v2\/types\/page"}],"author":[{"embeddable":true,"href":"https:\/\/www.losangeles.net.au\/fr\/wp-json\/wp\/v2\/users\/1"}],"replies":[{"embeddable":true,"href":"https:\/\/www.losangeles.net.au\/fr\/wp-json\/wp\/v2\/comments?post=3711"}],"version-history":[{"count":0,"href":"https:\/\/www.losangeles.net.au\/fr\/wp-json\/wp\/v2\/pages\/3711\/revisions"}],"up":[{"embeddable":true,"href":"https:\/\/www.losangeles.net.au\/fr\/wp-json\/wp\/v2\/pages\/3680"}],"wp:attachment":[{"href":"https:\/\/www.losangeles.net.au\/fr\/wp-json\/wp\/v2\/media?parent=3711"}],"curies":[{"name":"wp","href":"https:\/\/api.w.org\/{rel}","templated":true}]}}