{"id":3710,"date":"2023-10-05T12:13:44","date_gmt":"2023-10-05T01:13:44","guid":{"rendered":"https:\/\/www.losangeles.net.au\/parcs-a-theme\/six-flags\/"},"modified":"2012-10-13T12:13:44","modified_gmt":"2012-10-13T01:13:44","slug":"six-flags","status":"publish","type":"page","link":"https:\/\/www.losangeles.net.au\/fr\/parcs-a-theme\/six-flags\/","title":{"rendered":"Six Flags"},"content":{"rendered":"<p>Vous cherchez un voyage plein d&rsquo;activit\u00e9s pour toute la famille ? Si c&rsquo;est le cas, rendez-vous \u00e0 Six Flags Magic Mountain pour une journ\u00e9e dont vous vous souviendrez tous.<\/p>\n<p>Situ\u00e9 \u00e0 Valencia, en Californie, Six Flags propose des dizaines de man\u00e8ges pour les visiteurs de tous \u00e2ges. Des divertissements \u00e9blouissants et des options de restauration font de Six Flags une destination de choix pour les amateurs de divertissement.<\/p>\n<p>Commencez votre journ\u00e9e par un tour sur l&rsquo;Apocalpyse, une montagne russe en bois qui mettra vos sens en \u00e9bullition. Rendez-vous \u00e0 Batman The Ride pour une exp\u00e9rience de montagnes russes sans jambes, pleine d&rsquo;adr\u00e9naline et de sensations fortes. Allez ensuite voir Lex Luther : Drop of Doom o\u00f9 vous vous \u00e9l\u00e8verez au sommet d&rsquo;une tour de 400 pieds avant de plonger \u00e0 85 miles par heure pour retomber sur le sol. En 2013, les visiteurs pourront d\u00e9couvrir les toutes nouvelles montagnes russes Full Throttle &#8211; avec leur boucle de 160 pieds, elles seront les plus hautes et les plus rapides du monde !<\/p>\n<p>Si vous recherchez des attractions adapt\u00e9es aux enfants, faites un tour sur le Canyon Blaster, une montagne russe con\u00e7ue pour le plaisir des familles. Besoin de se rafra\u00eechir ? Rendez-vous \u00e0 Roaring Rapids, o\u00f9 vous descendrez la premi\u00e8re rivi\u00e8re d&rsquo;eau vive artificielle de l&rsquo;Am\u00e9rique de l&rsquo;Ouest.<\/p>\n<p>Six Flags propose \u00e9galement de magnifiques attractions classiques. Le Grand Carrousel est un retour nostalgique aux parcs d&rsquo;attractions d&rsquo;antan. Le bateau pirate du Boucanier est une aventure pleine de rebondissements pour les pirates, petits et grands, et les girations tourbillonnantes du Scrambler vous ram\u00e8neront \u00e0 vos premi\u00e8res visites \u00e0 la f\u00eate foraine.<\/p>\n<p>Six Flags est une destination id\u00e9ale pour les divertissements saisonniers. \u00c0 l&rsquo;approche de la saison des sorci\u00e8res, pr\u00e9parez-vous \u00e0 la Fright Fest, o\u00f9 Six Flags se transforme en un parc \u00e0 cris sur le th\u00e8me d&rsquo;Halloween ! Un assortiment de friandises terrifiantes attend les visiteurs, y compris des f\u00eates sur le th\u00e8me des monstres, un manoir hant\u00e9 et des spectacles effrayants. Attention, il se peut que des goules se joignent \u00e0 vous lors de vos promenades.<\/p>\n<p>Vous avez faim ? Vous avez le choix entre des dizaines de restaurants et de snack-bars. L&rsquo;aire de restauration Food, Inc. propose des sp\u00e9cialit\u00e9s internationales du monde entier. Wascal&rsquo;s propose de grands classiques am\u00e9ricains adapt\u00e9s aux enfants, et les cr\u00e9ations glac\u00e9es de Cold Stone Creamery feront sourire tout le monde. Envie de prendre un caf\u00e9 et de t\u00e9l\u00e9charger quelques photos de votre journ\u00e9e sur Facebook ? Passez au Cybercaf\u00e9 pour surfer sur le web avec un caf\u00e9 au lait.<\/p>\n<p>Six Flags Magic Mountain est ouvert tous les week-ends, avec des horaires limit\u00e9s en semaine pendant l&rsquo;automne et l&rsquo;hiver. V\u00e9rifiez les horaires en ligne avant de partir. Gagnez du temps et de l&rsquo;argent en achetant vos billets <a href=\"http:\/\/www.shareasale.com\/r.cfm?u=403568&amp;b=132440&amp;m=18208&amp;afftrack=&amp;urllink=www%2Eviator%2Ecom%2Ftours%2FLos%2DAngeles%2FSix%2DFlags%2DMagic%2DMountain%2Fd645%2D3638%5F11\" target=\"_blank\" rel=\"noopener\">en ligne avant votre visite<\/a>.<\/p>\n","protected":false},"excerpt":{"rendered":"<p>Vous cherchez un voyage plein d&rsquo;activit\u00e9s pour toute la famille ? Si&hellip;<\/p>\n","protected":false},"author":1,"featured_media":0,"parent":3680,"menu_order":0,"comment_status":"closed","ping_status":"closed","template":"","meta":{"_monsterinsights_skip_tracking":false,"_monsterinsights_sitenote_active":false,"_monsterinsights_sitenote_note":"","_monsterinsights_sitenote_category":0,"footnotes":""},"class_list":["post-3710","page","type-page","status-publish","hentry"],"yoast_head":"<!-- This site is optimized with the Yoast SEO plugin v27.5 - https:\/\/yoast.com\/product\/yoast-seo-wordpress\/ -->\n<title>Six Flags - Los Angeles<\/title>\n<meta name=\"robots\" content=\"index, follow, max-snippet:-1, max-image-preview:large, max-video-preview:-1\" \/>\n<link rel=\"canonical\" href=\"https:\/\/www.losangeles.net.au\/fr\/parcs-a-theme\/six-flags\/\" \/>\n<meta property=\"og:locale\" content=\"fr_FR\" \/>\n<meta property=\"og:type\" content=\"article\" \/>\n<meta property=\"og:title\" content=\"Six Flags - Los Angeles\" \/>\n<meta property=\"og:description\" content=\"Vous cherchez un voyage plein d&rsquo;activit\u00e9s pour toute la famille ? Si&hellip;\" \/>\n<meta property=\"og:url\" content=\"https:\/\/www.losangeles.net.au\/fr\/parcs-a-theme\/six-flags\/\" \/>\n<meta property=\"og:site_name\" content=\"Los Angeles\" \/>\n<meta name=\"twitter:card\" content=\"summary_large_image\" \/>\n<meta name=\"twitter:label1\" content=\"Dur\u00e9e de lecture estim\u00e9e\" \/>\n\t<meta name=\"twitter:data1\" content=\"2 minutes\" \/>\n<script type=\"application\/ld+json\" class=\"yoast-schema-graph\">{\"@context\":\"https:\\\/\\\/schema.org\",\"@graph\":[{\"@type\":\"WebPage\",\"@id\":\"https:\\\/\\\/www.losangeles.net.au\\\/fr\\\/parcs-a-theme\\\/six-flags\\\/\",\"url\":\"https:\\\/\\\/www.losangeles.net.au\\\/fr\\\/parcs-a-theme\\\/six-flags\\\/\",\"name\":\"Six Flags - Los Angeles\",\"isPartOf\":{\"@id\":\"https:\\\/\\\/www.losangeles.net.au\\\/fr\\\/#website\"},\"datePublished\":\"2023-10-05T01:13:44+00:00\",\"breadcrumb\":{\"@id\":\"https:\\\/\\\/www.losangeles.net.au\\\/fr\\\/parcs-a-theme\\\/six-flags\\\/#breadcrumb\"},\"inLanguage\":\"fr-FR\",\"potentialAction\":[{\"@type\":\"ReadAction\",\"target\":[\"https:\\\/\\\/www.losangeles.net.au\\\/fr\\\/parcs-a-theme\\\/six-flags\\\/\"]}]},{\"@type\":\"BreadcrumbList\",\"@id\":\"https:\\\/\\\/www.losangeles.net.au\\\/fr\\\/parcs-a-theme\\\/six-flags\\\/#breadcrumb\",\"itemListElement\":[{\"@type\":\"ListItem\",\"position\":1,\"name\":\"Home\",\"item\":\"https:\\\/\\\/www.losangeles.net.au\\\/fr\\\/\"},{\"@type\":\"ListItem\",\"position\":2,\"name\":\"Parcs \u00e0 th\u00e8me\",\"item\":\"https:\\\/\\\/www.losangeles.net.au\\\/fr\\\/parcs-a-theme\\\/\"},{\"@type\":\"ListItem\",\"position\":3,\"name\":\"Six Flags\"}]},{\"@type\":\"WebSite\",\"@id\":\"https:\\\/\\\/www.losangeles.net.au\\\/fr\\\/#website\",\"url\":\"https:\\\/\\\/www.losangeles.net.au\\\/fr\\\/\",\"name\":\"Los Angeles\",\"description\":\"Los Angeles Theme Parks, Tours, Flights, LA Hotels &amp; Travel Deals\",\"potentialAction\":[{\"@type\":\"SearchAction\",\"target\":{\"@type\":\"EntryPoint\",\"urlTemplate\":\"https:\\\/\\\/www.losangeles.net.au\\\/fr\\\/?s={search_term_string}\"},\"query-input\":{\"@type\":\"PropertyValueSpecification\",\"valueRequired\":true,\"valueName\":\"search_term_string\"}}],\"inLanguage\":\"fr-FR\"}]}<\/script>\n<!-- \/ Yoast SEO plugin. -->","yoast_head_json":{"title":"Six Flags - Los Angeles","robots":{"index":"index","follow":"follow","max-snippet":"max-snippet:-1","max-image-preview":"max-image-preview:large","max-video-preview":"max-video-preview:-1"},"canonical":"https:\/\/www.losangeles.net.au\/fr\/parcs-a-theme\/six-flags\/","og_locale":"fr_FR","og_type":"article","og_title":"Six Flags - Los Angeles","og_description":"Vous cherchez un voyage plein d&rsquo;activit\u00e9s pour toute la famille ? Si&hellip;","og_url":"https:\/\/www.losangeles.net.au\/fr\/parcs-a-theme\/six-flags\/","og_site_name":"Los Angeles","twitter_card":"summary_large_image","twitter_misc":{"Dur\u00e9e de lecture estim\u00e9e":"2 minutes"},"schema":{"@context":"https:\/\/schema.org","@graph":[{"@type":"WebPage","@id":"https:\/\/www.losangeles.net.au\/fr\/parcs-a-theme\/six-flags\/","url":"https:\/\/www.losangeles.net.au\/fr\/parcs-a-theme\/six-flags\/","name":"Six Flags - Los Angeles","isPartOf":{"@id":"https:\/\/www.losangeles.net.au\/fr\/#website"},"datePublished":"2023-10-05T01:13:44+00:00","breadcrumb":{"@id":"https:\/\/www.losangeles.net.au\/fr\/parcs-a-theme\/six-flags\/#breadcrumb"},"inLanguage":"fr-FR","potentialAction":[{"@type":"ReadAction","target":["https:\/\/www.losangeles.net.au\/fr\/parcs-a-theme\/six-flags\/"]}]},{"@type":"BreadcrumbList","@id":"https:\/\/www.losangeles.net.au\/fr\/parcs-a-theme\/six-flags\/#breadcrumb","itemListElement":[{"@type":"ListItem","position":1,"name":"Home","item":"https:\/\/www.losangeles.net.au\/fr\/"},{"@type":"ListItem","position":2,"name":"Parcs \u00e0 th\u00e8me","item":"https:\/\/www.losangeles.net.au\/fr\/parcs-a-theme\/"},{"@type":"ListItem","position":3,"name":"Six Flags"}]},{"@type":"WebSite","@id":"https:\/\/www.losangeles.net.au\/fr\/#website","url":"https:\/\/www.losangeles.net.au\/fr\/","name":"Los Angeles","description":"Los Angeles Theme Parks, Tours, Flights, LA Hotels &amp; Travel Deals","potentialAction":[{"@type":"SearchAction","target":{"@type":"EntryPoint","urlTemplate":"https:\/\/www.losangeles.net.au\/fr\/?s={search_term_string}"},"query-input":{"@type":"PropertyValueSpecification","valueRequired":true,"valueName":"search_term_string"}}],"inLanguage":"fr-FR"}]}},"_links":{"self":[{"href":"https:\/\/www.losangeles.net.au\/fr\/wp-json\/wp\/v2\/pages\/3710","targetHints":{"allow":["GET"]}}],"collection":[{"href":"https:\/\/www.losangeles.net.au\/fr\/wp-json\/wp\/v2\/pages"}],"about":[{"href":"https:\/\/www.losangeles.net.au\/fr\/wp-json\/wp\/v2\/types\/page"}],"author":[{"embeddable":true,"href":"https:\/\/www.losangeles.net.au\/fr\/wp-json\/wp\/v2\/users\/1"}],"replies":[{"embeddable":true,"href":"https:\/\/www.losangeles.net.au\/fr\/wp-json\/wp\/v2\/comments?post=3710"}],"version-history":[{"count":0,"href":"https:\/\/www.losangeles.net.au\/fr\/wp-json\/wp\/v2\/pages\/3710\/revisions"}],"up":[{"embeddable":true,"href":"https:\/\/www.losangeles.net.au\/fr\/wp-json\/wp\/v2\/pages\/3680"}],"wp:attachment":[{"href":"https:\/\/www.losangeles.net.au\/fr\/wp-json\/wp\/v2\/media?parent=3710"}],"curies":[{"name":"wp","href":"https:\/\/api.w.org\/{rel}","templated":true}]}}