{"id":3709,"date":"2012-10-13T12:16:51","date_gmt":"2012-10-13T01:16:51","guid":{"rendered":"https:\/\/www.losangeles.net.au\/parcs-a-theme\/parc-du-pacifique\/"},"modified":"2012-10-13T12:16:51","modified_gmt":"2012-10-13T01:16:51","slug":"parc-du-pacifique","status":"publish","type":"page","link":"https:\/\/www.losangeles.net.au\/fr\/parcs-a-theme\/parc-du-pacifique\/","title":{"rendered":"Parc du Pacifique"},"content":{"rendered":"<p>Pacific Park est l&rsquo;une des principales attractions touristiques du sud de la Californie, et c&rsquo;est aussi le seul parc d&rsquo;attractions sur une jet\u00e9e de la c\u00f4te ouest des \u00c9tats-Unis ! Les attractions de Pacific Park comprennent douze man\u00e8ges \u00e0 th\u00e8me palpitants, ainsi qu&rsquo;une s\u00e9lection de jeux, de boutiques et de points de vente de nourriture.<\/p>\n<p>Le parc est situ\u00e9 sur la jet\u00e9e de Santa Monica, \u00e0 quelques minutes du centre-ville de Santa Monica, et offre une vue fantastique sur la ville et l&rsquo;oc\u00e9an Pacifique. La jet\u00e9e elle-m\u00eame est un monument californien, car elle a \u00e9t\u00e9 construite il y a plus de 100 ans. D\u00e8s le d\u00e9but, elle a \u00e9t\u00e9 une destination touristique populaire et, depuis l&rsquo;ouverture du parc du Pacifique en 1996, elle attire aujourd&rsquo;hui plus de visiteurs que jamais.<\/p>\n<p>Les attractions du parc Pacific sont adapt\u00e9es aux familles. Parmi les plus populaires, citons la grande roue Pacific Wheel, le bateau pirate Sea Dragon qui se balance et les montagnes russes West Coaster, qui font le tour complet du parc. Pour les plus jeunes, il y a des man\u00e8ges pour enfants, dont une version miniature du Sea Dragon appel\u00e9e Ship Ahoy et la tour de chute rebondissante Frog Hopper, sur le th\u00e8me des amphibiens.<\/p>\n<p>Les tickets pour les man\u00e8ges co\u00fbtent entre 3 et 5 dollars, ou vous pouvez obtenir un bracelet pour un nombre illimit\u00e9 de man\u00e8ges pour 22,95 dollars. Le parc est ouvert de mai \u00e0 septembre chaque ann\u00e9e et, pendant les mois d&rsquo;\u00e9t\u00e9, il reste ouvert jusqu&rsquo;\u00e0 minuit et demi le week-end, afin de satisfaire les amateurs de sensations fortes les plus \u00e2g\u00e9s. Si les attractions des parcs \u00e0 th\u00e8me ne vous conviennent pas, il y a encore beaucoup de choses \u00e0 faire \u00e0 Pacific Park. Il y a une grande vari\u00e9t\u00e9 de jeux, y compris de nombreux classiques des parcs d&rsquo;attractions tels que Wac-A-Mole et Break A Plate, o\u00f9 vous avez la chance de gagner des prix tels que des nounours et des jouets gonflables.<\/p>\n<p>Si vous avez faim pendant votre visite \u00e0 Pacific Park, vous avez le choix entre plusieurs points de vente de nourriture, dont des noms connus tels que Pizza Hut et Taco Bell. En outre, vous pouvez bien s\u00fbr vous procurer toutes les friandises traditionnelles des parcs d&rsquo;attractions, comme les cornets de glace, la barbe \u00e0 papa, les hamburgers et les hot-dogs. Dans le parc, vous pouvez \u00e9galement acheter des souvenirs et des cadeaux pour vos amis et votre famille, notamment des t-shirts, des bijoux et m\u00eame des galets de la plage de Santa Monica !<\/p>\n<p><span style=\"text-decoration: underline;\">Options de visite et de tarification<\/span><\/p>\n<ul>\n<li>Roue et repas \u00e0 partir de 15<\/li>\n<li>Bracelet illimit\u00e9 \u00e0 partir de 21<\/li>\n<li>Offre Fun and Food \u00e0 partir de 31<\/li>\n<li>Offre Fun to the Max \u00e0 partir de 35<\/li>\n<\/ul>\n<p>Si vous \u00eates impatient de d\u00e9couvrir Pacific Park et la jet\u00e9e de Santa Monica, cliquez ici pour r\u00e9server vos billets en ligne d\u00e8s maintenant. Vous b\u00e9n\u00e9ficierez m\u00eame d&rsquo;une r\u00e9duction sur le plein tarif en achetant nos billets pour le <a href=\"http:\/\/www.shareasale.com\/r.cfm?u=403568&amp;b=132440&amp;m=18208&amp;afftrack=losangeles&amp;urllink=www%2Eviator%2Ecom%2Ftours%2FLos%2DAngeles%2FTicket%2Dto%2DPacific%2DPark%2Don%2Dthe%2DSanta%2DMonica%2DPier%2Fd645%2D5612PP\" target=\"_blank\" rel=\"noopener\">Pacific Park sur la jet\u00e9e de Santa Monica<\/a>.<\/p>\n","protected":false},"excerpt":{"rendered":"<p>Pacific Park est l&rsquo;une des principales attractions touristiques du sud de la&hellip;<\/p>\n","protected":false},"author":1,"featured_media":0,"parent":3680,"menu_order":0,"comment_status":"closed","ping_status":"closed","template":"","meta":{"_monsterinsights_skip_tracking":false,"_monsterinsights_sitenote_active":false,"_monsterinsights_sitenote_note":"","_monsterinsights_sitenote_category":0,"footnotes":""},"class_list":["post-3709","page","type-page","status-publish","hentry"],"yoast_head":"<!-- This site is optimized with the Yoast SEO plugin v27.3 - https:\/\/yoast.com\/product\/yoast-seo-wordpress\/ -->\n<title>Parc du Pacifique - Los Angeles<\/title>\n<meta name=\"robots\" content=\"index, follow, max-snippet:-1, max-image-preview:large, max-video-preview:-1\" \/>\n<link rel=\"canonical\" href=\"https:\/\/www.losangeles.net.au\/fr\/parcs-a-theme\/parc-du-pacifique\/\" \/>\n<meta property=\"og:locale\" content=\"fr_FR\" \/>\n<meta property=\"og:type\" content=\"article\" \/>\n<meta property=\"og:title\" content=\"Parc du Pacifique - Los Angeles\" \/>\n<meta property=\"og:description\" content=\"Pacific Park est l&rsquo;une des principales attractions touristiques du sud de la&hellip;\" \/>\n<meta property=\"og:url\" content=\"https:\/\/www.losangeles.net.au\/fr\/parcs-a-theme\/parc-du-pacifique\/\" \/>\n<meta property=\"og:site_name\" content=\"Los Angeles\" \/>\n<meta name=\"twitter:card\" content=\"summary_large_image\" \/>\n<meta name=\"twitter:label1\" content=\"Dur\u00e9e de lecture estim\u00e9e\" \/>\n\t<meta name=\"twitter:data1\" content=\"3 minutes\" \/>\n<script type=\"application\/ld+json\" class=\"yoast-schema-graph\">{\"@context\":\"https:\\\/\\\/schema.org\",\"@graph\":[{\"@type\":\"WebPage\",\"@id\":\"https:\\\/\\\/www.losangeles.net.au\\\/fr\\\/parcs-a-theme\\\/parc-du-pacifique\\\/\",\"url\":\"https:\\\/\\\/www.losangeles.net.au\\\/fr\\\/parcs-a-theme\\\/parc-du-pacifique\\\/\",\"name\":\"Parc du Pacifique - Los Angeles\",\"isPartOf\":{\"@id\":\"https:\\\/\\\/www.losangeles.net.au\\\/fr\\\/#website\"},\"datePublished\":\"2012-10-13T01:16:51+00:00\",\"breadcrumb\":{\"@id\":\"https:\\\/\\\/www.losangeles.net.au\\\/fr\\\/parcs-a-theme\\\/parc-du-pacifique\\\/#breadcrumb\"},\"inLanguage\":\"fr-FR\",\"potentialAction\":[{\"@type\":\"ReadAction\",\"target\":[\"https:\\\/\\\/www.losangeles.net.au\\\/fr\\\/parcs-a-theme\\\/parc-du-pacifique\\\/\"]}]},{\"@type\":\"BreadcrumbList\",\"@id\":\"https:\\\/\\\/www.losangeles.net.au\\\/fr\\\/parcs-a-theme\\\/parc-du-pacifique\\\/#breadcrumb\",\"itemListElement\":[{\"@type\":\"ListItem\",\"position\":1,\"name\":\"Home\",\"item\":\"https:\\\/\\\/www.losangeles.net.au\\\/fr\\\/\"},{\"@type\":\"ListItem\",\"position\":2,\"name\":\"Parcs \u00e0 th\u00e8me\",\"item\":\"https:\\\/\\\/www.losangeles.net.au\\\/fr\\\/parcs-a-theme\\\/\"},{\"@type\":\"ListItem\",\"position\":3,\"name\":\"Parc du Pacifique\"}]},{\"@type\":\"WebSite\",\"@id\":\"https:\\\/\\\/www.losangeles.net.au\\\/fr\\\/#website\",\"url\":\"https:\\\/\\\/www.losangeles.net.au\\\/fr\\\/\",\"name\":\"Los Angeles\",\"description\":\"Los Angeles Theme Parks, Tours, Flights, LA Hotels &amp; Travel Deals\",\"potentialAction\":[{\"@type\":\"SearchAction\",\"target\":{\"@type\":\"EntryPoint\",\"urlTemplate\":\"https:\\\/\\\/www.losangeles.net.au\\\/fr\\\/?s={search_term_string}\"},\"query-input\":{\"@type\":\"PropertyValueSpecification\",\"valueRequired\":true,\"valueName\":\"search_term_string\"}}],\"inLanguage\":\"fr-FR\"}]}<\/script>\n<!-- \/ Yoast SEO plugin. -->","yoast_head_json":{"title":"Parc du Pacifique - Los Angeles","robots":{"index":"index","follow":"follow","max-snippet":"max-snippet:-1","max-image-preview":"max-image-preview:large","max-video-preview":"max-video-preview:-1"},"canonical":"https:\/\/www.losangeles.net.au\/fr\/parcs-a-theme\/parc-du-pacifique\/","og_locale":"fr_FR","og_type":"article","og_title":"Parc du Pacifique - Los Angeles","og_description":"Pacific Park est l&rsquo;une des principales attractions touristiques du sud de la&hellip;","og_url":"https:\/\/www.losangeles.net.au\/fr\/parcs-a-theme\/parc-du-pacifique\/","og_site_name":"Los Angeles","twitter_card":"summary_large_image","twitter_misc":{"Dur\u00e9e de lecture estim\u00e9e":"3 minutes"},"schema":{"@context":"https:\/\/schema.org","@graph":[{"@type":"WebPage","@id":"https:\/\/www.losangeles.net.au\/fr\/parcs-a-theme\/parc-du-pacifique\/","url":"https:\/\/www.losangeles.net.au\/fr\/parcs-a-theme\/parc-du-pacifique\/","name":"Parc du Pacifique - Los Angeles","isPartOf":{"@id":"https:\/\/www.losangeles.net.au\/fr\/#website"},"datePublished":"2012-10-13T01:16:51+00:00","breadcrumb":{"@id":"https:\/\/www.losangeles.net.au\/fr\/parcs-a-theme\/parc-du-pacifique\/#breadcrumb"},"inLanguage":"fr-FR","potentialAction":[{"@type":"ReadAction","target":["https:\/\/www.losangeles.net.au\/fr\/parcs-a-theme\/parc-du-pacifique\/"]}]},{"@type":"BreadcrumbList","@id":"https:\/\/www.losangeles.net.au\/fr\/parcs-a-theme\/parc-du-pacifique\/#breadcrumb","itemListElement":[{"@type":"ListItem","position":1,"name":"Home","item":"https:\/\/www.losangeles.net.au\/fr\/"},{"@type":"ListItem","position":2,"name":"Parcs \u00e0 th\u00e8me","item":"https:\/\/www.losangeles.net.au\/fr\/parcs-a-theme\/"},{"@type":"ListItem","position":3,"name":"Parc du Pacifique"}]},{"@type":"WebSite","@id":"https:\/\/www.losangeles.net.au\/fr\/#website","url":"https:\/\/www.losangeles.net.au\/fr\/","name":"Los Angeles","description":"Los Angeles Theme Parks, Tours, Flights, LA Hotels &amp; Travel Deals","potentialAction":[{"@type":"SearchAction","target":{"@type":"EntryPoint","urlTemplate":"https:\/\/www.losangeles.net.au\/fr\/?s={search_term_string}"},"query-input":{"@type":"PropertyValueSpecification","valueRequired":true,"valueName":"search_term_string"}}],"inLanguage":"fr-FR"}]}},"_links":{"self":[{"href":"https:\/\/www.losangeles.net.au\/fr\/wp-json\/wp\/v2\/pages\/3709","targetHints":{"allow":["GET"]}}],"collection":[{"href":"https:\/\/www.losangeles.net.au\/fr\/wp-json\/wp\/v2\/pages"}],"about":[{"href":"https:\/\/www.losangeles.net.au\/fr\/wp-json\/wp\/v2\/types\/page"}],"author":[{"embeddable":true,"href":"https:\/\/www.losangeles.net.au\/fr\/wp-json\/wp\/v2\/users\/1"}],"replies":[{"embeddable":true,"href":"https:\/\/www.losangeles.net.au\/fr\/wp-json\/wp\/v2\/comments?post=3709"}],"version-history":[{"count":0,"href":"https:\/\/www.losangeles.net.au\/fr\/wp-json\/wp\/v2\/pages\/3709\/revisions"}],"up":[{"embeddable":true,"href":"https:\/\/www.losangeles.net.au\/fr\/wp-json\/wp\/v2\/pages\/3680"}],"wp:attachment":[{"href":"https:\/\/www.losangeles.net.au\/fr\/wp-json\/wp\/v2\/media?parent=3709"}],"curies":[{"name":"wp","href":"https:\/\/api.w.org\/{rel}","templated":true}]}}