{"id":3707,"date":"2012-10-13T12:13:04","date_gmt":"2012-10-13T01:13:04","guid":{"rendered":"https:\/\/www.losangeles.net.au\/parcs-a-theme\/disneyland\/"},"modified":"2012-10-13T12:13:04","modified_gmt":"2012-10-13T01:13:04","slug":"disneyland","status":"publish","type":"page","link":"https:\/\/www.losangeles.net.au\/fr\/parcs-a-theme\/disneyland\/","title":{"rendered":"Disneyland"},"content":{"rendered":"<p>Le Disneyland Resort, situ\u00e9 \u00e0 Anaheim, en Californie, abrite deux parcs \u00e0 th\u00e8me : le parc Disneyland d&rsquo;origine et le parc Disney California Adventure, construit plus r\u00e9cemment. Le complexe comprend trois h\u00f4tels et un quartier appel\u00e9 Downtown Disney, o\u00f9 l&rsquo;on trouve des boutiques, des restaurants et d&rsquo;autres divertissements.<\/p>\n<p>Le parc Disneyland est le seul des parcs \u00e0 th\u00e8me de Disney \u00e0 avoir \u00e9t\u00e9 con\u00e7u et d\u00e9velopp\u00e9 par Walt Disney lui-m\u00eame. Sur le th\u00e8me des personnages de Disney et des contes de f\u00e9es, il attire environ 16 millions de visiteurs par an, ce qui en fait l&rsquo;un des parcs \u00e0 th\u00e8me les plus populaires au monde. Le parc comprend huit terrains diff\u00e9rents, chacun ayant son propre th\u00e8me. Vous entrez dans le parc en arrivant sur Main Street USA, avec une vision du majestueux et embl\u00e9matique ch\u00e2teau de la Belle au bois dormant. \u00c0 partir de l\u00e0, vous pouvez choisir votre itin\u00e9raire, avec diff\u00e9rents terrains adapt\u00e9s \u00e0 diff\u00e9rents int\u00e9r\u00eats.<\/p>\n<p>Pour les amateurs de sensations fortes parmi vous, le quartier futuriste de Tomorrowland est incontournable, car il abrite les audacieuses montagnes russes de Space Mountain. Frontierland poss\u00e8de \u00e9galement de fantastiques montagnes russes, Thunder Mountain. Si vous n&rsquo;avez pas peur de vous mouiller, Splash Mountain est \u00e9galement tr\u00e8s amusant et fait battre le c\u0153ur avec sa chute spectaculaire ! Parmi les autres attractions populaires pour les adolescents et les adultes, citons les Pirates des Cara\u00efbes (qui ont d&rsquo;ailleurs inspir\u00e9 le film !) et l&rsquo;effrayant Manoir hant\u00e9.<\/p>\n<p>Pour les plus jeunes, de nombreuses attractions offrent une exp\u00e9rience magique de Disney, notamment It\u00e2\u20ac&#x2122;s A Small World et The Many Adventures of Winnie The Pooh. De plus, il y a du plaisir pour toute la famille sur The Jungle Cruise dans Adventureland et Peter Pan\u00e2\u20ac&#x2122;s Flight, au cours duquel vous aurez une vue imprenable sur l&rsquo;ensemble du parc.<\/p>\n<p>Le parc Disney California Adventure a un th\u00e8me diff\u00e9rent, refl\u00e9tant la culture, l&rsquo;histoire et la g\u00e9ographie de la Californie elle-m\u00eame. Le parc comprend huit zones, chacune ayant son propre th\u00e8me, dont le Paradise Pier, d&rsquo;inspiration victorienne, et le Hollywood Land, tr\u00e8s glamour. Le parc propose une grande s\u00e9lection de man\u00e8ges particuli\u00e8rement adapt\u00e9s aux familles avec enfants, ainsi que des films et des spectacles impressionnants tels que Muppet Vision 3D et Disney\u00e2\u20ac&#x2122;s Aladdin : a Musical Spectacular.<\/p>\n<p>Dans les deux parcs, vous aurez la possibilit\u00e9 de rencontrer et de vous faire photographier avec tous les personnages Disney les plus populaires, tels que Cendrillon, Chip et Dale, et bien s\u00fbr Mickey et Minnie Mouse. Tout au long de l&rsquo;ann\u00e9e, de nombreux \u00e9v\u00e9nements saisonniers sp\u00e9ciaux sont organis\u00e9s, par exemple des feux d&rsquo;artifice et des d\u00e9fil\u00e9s. Les parcs sont ouverts toute l&rsquo;ann\u00e9e, quel que soit le temps, m\u00eame le jour de No\u00ebl.<\/p>\n<p>Si vous \u00eates \u00e0 la recherche des vacances d&rsquo;une vie, dont vous parlerez pendant le reste de l&rsquo;ann\u00e9e, cliquez ici pour r\u00e9server votre voyage \u00e0 Disneyland Resort d\u00e8s maintenant et \u00e9conomisez de l&rsquo;argent gr\u00e2ce \u00e0 notre <a href=\"http:\/\/www.shareasale.com\/r.cfm?u=403568&amp;b=132440&amp;m=18208&amp;afftrack=&amp;urllink=www%2Eviator%2Ecom%2Ftours%2FLos%2DAngeles%2FDisneyland%2Dor%2DDisneys%2DCalifornia%2DAdventure%2Dfrom%2DLos%2DAngeles%2Fd645%2D229012\" target=\"_blank\" rel=\"noopener\">prix r\u00e9duit sp\u00e9cial<\/a>!<\/p>\n","protected":false},"excerpt":{"rendered":"<p>Le Disneyland Resort, situ\u00e9 \u00e0 Anaheim, en Californie, abrite deux parcs \u00e0&hellip;<\/p>\n","protected":false},"author":1,"featured_media":2357,"parent":3680,"menu_order":0,"comment_status":"closed","ping_status":"closed","template":"","meta":{"_monsterinsights_skip_tracking":false,"_monsterinsights_sitenote_active":false,"_monsterinsights_sitenote_note":"","_monsterinsights_sitenote_category":0,"footnotes":""},"class_list":["post-3707","page","type-page","status-publish","has-post-thumbnail","hentry"],"yoast_head":"<!-- This site is optimized with the Yoast SEO plugin v27.4 - https:\/\/yoast.com\/product\/yoast-seo-wordpress\/ -->\n<title>Disneyland - Los Angeles<\/title>\n<meta name=\"robots\" content=\"index, follow, max-snippet:-1, max-image-preview:large, max-video-preview:-1\" \/>\n<link rel=\"canonical\" href=\"https:\/\/www.losangeles.net.au\/fr\/parcs-a-theme\/disneyland\/\" \/>\n<meta property=\"og:locale\" content=\"fr_FR\" \/>\n<meta property=\"og:type\" content=\"article\" \/>\n<meta property=\"og:title\" content=\"Disneyland - Los Angeles\" \/>\n<meta property=\"og:description\" content=\"Le Disneyland Resort, situ\u00e9 \u00e0 Anaheim, en Californie, abrite deux parcs \u00e0&hellip;\" \/>\n<meta property=\"og:url\" content=\"https:\/\/www.losangeles.net.au\/fr\/parcs-a-theme\/disneyland\/\" \/>\n<meta property=\"og:site_name\" content=\"Los Angeles\" \/>\n<meta name=\"twitter:card\" content=\"summary_large_image\" \/>\n<meta name=\"twitter:label1\" content=\"Dur\u00e9e de lecture estim\u00e9e\" \/>\n\t<meta name=\"twitter:data1\" content=\"3 minutes\" \/>\n<script type=\"application\/ld+json\" class=\"yoast-schema-graph\">{\"@context\":\"https:\\\/\\\/schema.org\",\"@graph\":[{\"@type\":\"WebPage\",\"@id\":\"https:\\\/\\\/www.losangeles.net.au\\\/fr\\\/parcs-a-theme\\\/disneyland\\\/\",\"url\":\"https:\\\/\\\/www.losangeles.net.au\\\/fr\\\/parcs-a-theme\\\/disneyland\\\/\",\"name\":\"Disneyland - Los Angeles\",\"isPartOf\":{\"@id\":\"https:\\\/\\\/www.losangeles.net.au\\\/fr\\\/#website\"},\"primaryImageOfPage\":{\"@id\":\"https:\\\/\\\/www.losangeles.net.au\\\/fr\\\/parcs-a-theme\\\/disneyland\\\/#primaryimage\"},\"image\":{\"@id\":\"https:\\\/\\\/www.losangeles.net.au\\\/fr\\\/parcs-a-theme\\\/disneyland\\\/#primaryimage\"},\"thumbnailUrl\":\"https:\\\/\\\/www.losangeles.net.au\\\/wp-content\\\/uploads\\\/2012\\\/10\\\/Disneyland.jpg\",\"datePublished\":\"2012-10-13T01:13:04+00:00\",\"breadcrumb\":{\"@id\":\"https:\\\/\\\/www.losangeles.net.au\\\/fr\\\/parcs-a-theme\\\/disneyland\\\/#breadcrumb\"},\"inLanguage\":\"fr-FR\",\"potentialAction\":[{\"@type\":\"ReadAction\",\"target\":[\"https:\\\/\\\/www.losangeles.net.au\\\/fr\\\/parcs-a-theme\\\/disneyland\\\/\"]}]},{\"@type\":\"ImageObject\",\"inLanguage\":\"fr-FR\",\"@id\":\"https:\\\/\\\/www.losangeles.net.au\\\/fr\\\/parcs-a-theme\\\/disneyland\\\/#primaryimage\",\"url\":\"https:\\\/\\\/www.losangeles.net.au\\\/wp-content\\\/uploads\\\/2012\\\/10\\\/Disneyland.jpg\",\"contentUrl\":\"https:\\\/\\\/www.losangeles.net.au\\\/wp-content\\\/uploads\\\/2012\\\/10\\\/Disneyland.jpg\",\"width\":960,\"height\":960,\"caption\":\"Disneyland Los Angeles\"},{\"@type\":\"BreadcrumbList\",\"@id\":\"https:\\\/\\\/www.losangeles.net.au\\\/fr\\\/parcs-a-theme\\\/disneyland\\\/#breadcrumb\",\"itemListElement\":[{\"@type\":\"ListItem\",\"position\":1,\"name\":\"Home\",\"item\":\"https:\\\/\\\/www.losangeles.net.au\\\/fr\\\/\"},{\"@type\":\"ListItem\",\"position\":2,\"name\":\"Parcs \u00e0 th\u00e8me\",\"item\":\"https:\\\/\\\/www.losangeles.net.au\\\/fr\\\/parcs-a-theme\\\/\"},{\"@type\":\"ListItem\",\"position\":3,\"name\":\"Disneyland\"}]},{\"@type\":\"WebSite\",\"@id\":\"https:\\\/\\\/www.losangeles.net.au\\\/fr\\\/#website\",\"url\":\"https:\\\/\\\/www.losangeles.net.au\\\/fr\\\/\",\"name\":\"Los Angeles\",\"description\":\"Los Angeles Theme Parks, Tours, Flights, LA Hotels &amp; Travel Deals\",\"potentialAction\":[{\"@type\":\"SearchAction\",\"target\":{\"@type\":\"EntryPoint\",\"urlTemplate\":\"https:\\\/\\\/www.losangeles.net.au\\\/fr\\\/?s={search_term_string}\"},\"query-input\":{\"@type\":\"PropertyValueSpecification\",\"valueRequired\":true,\"valueName\":\"search_term_string\"}}],\"inLanguage\":\"fr-FR\"}]}<\/script>\n<!-- \/ Yoast SEO plugin. -->","yoast_head_json":{"title":"Disneyland - Los Angeles","robots":{"index":"index","follow":"follow","max-snippet":"max-snippet:-1","max-image-preview":"max-image-preview:large","max-video-preview":"max-video-preview:-1"},"canonical":"https:\/\/www.losangeles.net.au\/fr\/parcs-a-theme\/disneyland\/","og_locale":"fr_FR","og_type":"article","og_title":"Disneyland - Los Angeles","og_description":"Le Disneyland Resort, situ\u00e9 \u00e0 Anaheim, en Californie, abrite deux parcs \u00e0&hellip;","og_url":"https:\/\/www.losangeles.net.au\/fr\/parcs-a-theme\/disneyland\/","og_site_name":"Los Angeles","twitter_card":"summary_large_image","twitter_misc":{"Dur\u00e9e de lecture estim\u00e9e":"3 minutes"},"schema":{"@context":"https:\/\/schema.org","@graph":[{"@type":"WebPage","@id":"https:\/\/www.losangeles.net.au\/fr\/parcs-a-theme\/disneyland\/","url":"https:\/\/www.losangeles.net.au\/fr\/parcs-a-theme\/disneyland\/","name":"Disneyland - Los Angeles","isPartOf":{"@id":"https:\/\/www.losangeles.net.au\/fr\/#website"},"primaryImageOfPage":{"@id":"https:\/\/www.losangeles.net.au\/fr\/parcs-a-theme\/disneyland\/#primaryimage"},"image":{"@id":"https:\/\/www.losangeles.net.au\/fr\/parcs-a-theme\/disneyland\/#primaryimage"},"thumbnailUrl":"https:\/\/www.losangeles.net.au\/wp-content\/uploads\/2012\/10\/Disneyland.jpg","datePublished":"2012-10-13T01:13:04+00:00","breadcrumb":{"@id":"https:\/\/www.losangeles.net.au\/fr\/parcs-a-theme\/disneyland\/#breadcrumb"},"inLanguage":"fr-FR","potentialAction":[{"@type":"ReadAction","target":["https:\/\/www.losangeles.net.au\/fr\/parcs-a-theme\/disneyland\/"]}]},{"@type":"ImageObject","inLanguage":"fr-FR","@id":"https:\/\/www.losangeles.net.au\/fr\/parcs-a-theme\/disneyland\/#primaryimage","url":"https:\/\/www.losangeles.net.au\/wp-content\/uploads\/2012\/10\/Disneyland.jpg","contentUrl":"https:\/\/www.losangeles.net.au\/wp-content\/uploads\/2012\/10\/Disneyland.jpg","width":960,"height":960,"caption":"Disneyland Los Angeles"},{"@type":"BreadcrumbList","@id":"https:\/\/www.losangeles.net.au\/fr\/parcs-a-theme\/disneyland\/#breadcrumb","itemListElement":[{"@type":"ListItem","position":1,"name":"Home","item":"https:\/\/www.losangeles.net.au\/fr\/"},{"@type":"ListItem","position":2,"name":"Parcs \u00e0 th\u00e8me","item":"https:\/\/www.losangeles.net.au\/fr\/parcs-a-theme\/"},{"@type":"ListItem","position":3,"name":"Disneyland"}]},{"@type":"WebSite","@id":"https:\/\/www.losangeles.net.au\/fr\/#website","url":"https:\/\/www.losangeles.net.au\/fr\/","name":"Los Angeles","description":"Los Angeles Theme Parks, Tours, Flights, LA Hotels &amp; Travel Deals","potentialAction":[{"@type":"SearchAction","target":{"@type":"EntryPoint","urlTemplate":"https:\/\/www.losangeles.net.au\/fr\/?s={search_term_string}"},"query-input":{"@type":"PropertyValueSpecification","valueRequired":true,"valueName":"search_term_string"}}],"inLanguage":"fr-FR"}]}},"_links":{"self":[{"href":"https:\/\/www.losangeles.net.au\/fr\/wp-json\/wp\/v2\/pages\/3707","targetHints":{"allow":["GET"]}}],"collection":[{"href":"https:\/\/www.losangeles.net.au\/fr\/wp-json\/wp\/v2\/pages"}],"about":[{"href":"https:\/\/www.losangeles.net.au\/fr\/wp-json\/wp\/v2\/types\/page"}],"author":[{"embeddable":true,"href":"https:\/\/www.losangeles.net.au\/fr\/wp-json\/wp\/v2\/users\/1"}],"replies":[{"embeddable":true,"href":"https:\/\/www.losangeles.net.au\/fr\/wp-json\/wp\/v2\/comments?post=3707"}],"version-history":[{"count":0,"href":"https:\/\/www.losangeles.net.au\/fr\/wp-json\/wp\/v2\/pages\/3707\/revisions"}],"up":[{"embeddable":true,"href":"https:\/\/www.losangeles.net.au\/fr\/wp-json\/wp\/v2\/pages\/3680"}],"wp:featuredmedia":[{"embeddable":true,"href":"https:\/\/www.losangeles.net.au\/fr\/wp-json\/wp\/v2\/media\/2357"}],"wp:attachment":[{"href":"https:\/\/www.losangeles.net.au\/fr\/wp-json\/wp\/v2\/media?parent=3707"}],"curies":[{"name":"wp","href":"https:\/\/api.w.org\/{rel}","templated":true}]}}