{"id":3692,"date":"2024-01-05T12:16:56","date_gmt":"2024-01-05T01:16:56","guid":{"rendered":"https:\/\/www.losangeles.net.au\/parcs-a-theme\/seaworld-san-diego\/"},"modified":"2012-10-13T12:16:56","modified_gmt":"2012-10-13T01:16:56","slug":"seaworld-san-diego","status":"publish","type":"page","link":"https:\/\/www.losangeles.net.au\/fr\/parcs-a-theme\/seaworld-san-diego\/","title":{"rendered":"SeaWorld San Diego"},"content":{"rendered":"<p>Les parcs \u00e0 th\u00e8me sont amusants pour toute la famille, que vous soyez un drogu\u00e9 de l&rsquo;adr\u00e9naline \u00e0 la recherche de votre prochaine dose de montagnes russes, que vous vouliez retrouver votre \u00e2me d&rsquo;enfant ou que vous souhaitiez que vos enfants passent les meilleurs moments de leur vie, la Californie a tout cela \u00e0 offrir, et bien plus encore.<\/p>\n<p>Le parc \u00e0 th\u00e8me SeaWorld San Diego, en Californie, est une excellente sortie familiale pour les amateurs de sensations fortes, les enfants et les amoureux des animaux : ce parc a tout pour plaire ! Des man\u00e8ges pour adultes aux spectacles pour enfants en passant par les c\u00e9l\u00e8bres spectacles de Shamu et de dauphins, SeaWorld of California est une journ\u00e9e qui plaira \u00e0 tout le monde.<\/p>\n<p>Le parc est ouvert de 10h \u00e0 19h30 et est facilement accessible par les transports publics. Le parc propose \u00e9galement un service de location de poussettes pour permettre \u00e0 vos enfants de se d\u00e9placer dans le parc, ainsi qu&rsquo;un service de location de fauteuils roulants et un programme d&rsquo;accessibilit\u00e9 aux man\u00e8ges pour les visiteurs souhaitant b\u00e9n\u00e9ficier d&rsquo;un acc\u00e8s sp\u00e9cial.<\/p>\n<p>Pour les amateurs de sensations fortes, il y a le Voyage \u00e0 Atlantis, un man\u00e8ge aquatique qui vous ram\u00e8nera \u00e0 la civilisation perdue, les vagues des rapides de l&rsquo;\u00e9pave et le voyage en h\u00e9licopt\u00e8re dans l&rsquo;Arctique sauvage. Pour les plus aventureux, Sea World San Diego propose d\u00e9sormais les montagnes russes Manta, qui font monter l&rsquo;adr\u00e9naline. Pour divertir les plus jeunes, il y a le man\u00e8ge du poisson volant d&rsquo;Elmo, le tour de l&rsquo;\u00e9toile de mer d&rsquo;Abby et l&rsquo;anguille \u00e0 bascule d&rsquo;Oscar.<\/p>\n<p>Le SeaWorld de Californie propose une grande vari\u00e9t\u00e9 de spectacles qui plaisent \u00e0 toute la famille. Observez les dauphins dans Horizons bleus, voyez les otaries en direct, observez les meilleurs tours de chiens dans Pets Rule et rendez visite \u00e0 Elmo et ses amis dans Sesame Street Presents : Lumi\u00e8res, cam\u00e9ra, imagination. Regardez \u00e9galement les c\u00e9l\u00e8bres orques de SeaWorld se produire dans Shamu Rocks, d\u00e9couvrez l&rsquo;histoire de Shamu dans The Shamu Story et profitez du tout nouveau spectacle de Shamu de SeaWorld, One Ocean !<\/p>\n<p>Les amoureux des animaux pourront \u00e9galement approcher de pr\u00e8s certains des pensionnaires de SeaWorld. Touchez un grand dauphin \u00e0 Dolphin Point, interagissez avec les dauphins et les b\u00e9lugas dans le cadre des programmes d&rsquo;interaction de SeaWorld et rencontrez des requins en traversant l&rsquo;un des plus grands tunnels sous-marins du monde.<\/p>\n<p>Apr\u00e8s toutes ces \u00e9motions, vous pourrez vous restaurer dans les nombreux restaurants du parc ou m\u00eame prendre le petit-d\u00e9jeuner ou d\u00eener avec Shamu ! Pour ceux qui souhaitent fl\u00e2ner dans les boutiques, les occasions ne manquent pas d&rsquo;acheter un beau cadeau en souvenir de cette journ\u00e9e.<\/p>\n<p>Parmi les \u00e9v\u00e9nements \u00e0 ne pas manquer, citons Halloween Spectacular du 29 au 30 septembre et les week-ends d&rsquo;octobre, ainsi que les c\u00e9l\u00e9brations de No\u00ebl de SeaWorld les week-ends de novembre et de d\u00e9cembre.<\/p>\n<p>Pour visiter l&rsquo;un des meilleurs parcs \u00e0 th\u00e8me de Californie, r\u00e9servez en ligne d\u00e8s aujourd&rsquo;hui et \u00e9conomisez de l&rsquo;argent sur les billets <a href=\"http:\/\/www.shareasale.com\/r.cfm?u=403568&amp;b=132440&amp;m=18208&amp;afftrack=&amp;urllink=www%2Eviator%2Ecom%2Ftours%2FLos%2DAngeles%2FSeaWorld%2Dof%2DCalifornia%2Dwith%2DTransport%2Fd645%2D2290%5FB0007\" target=\"_blank\" rel=\"noopener\">SeaWorld of California with Transfers<\/a>.<\/p>\n<figure id=\"attachment_2273\" aria-describedby=\"caption-attachment-2273\" style=\"width: 936px\" class=\"wp-caption aligncenter\"><img decoding=\"async\" class=\"size-full wp-image-105\" src=\"https:\/\/www.losangeles.net.au\/wp-content\/uploads\/2012\/10\/SeaWorld-San-Diego-Theme-Park-Map.jpeg\" alt=\"SeaWorld San Diego (carte)\" width=\"936\" height=\"538\" srcset=\"https:\/\/www.losangeles.net.au\/wp-content\/uploads\/2012\/10\/SeaWorld-San-Diego-Theme-Park-Map.jpeg 936w, https:\/\/www.losangeles.net.au\/wp-content\/uploads\/2012\/10\/SeaWorld-San-Diego-Theme-Park-Map-300x172.jpeg 300w\" sizes=\"(max-width: 936px) 100vw, 936px\" \/><figcaption id=\"caption-attachment-2273\" class=\"wp-caption-text\">SeaWorld San Diego (carte)<\/figcaption><\/figure>\n","protected":false},"excerpt":{"rendered":"<p>Les parcs \u00e0 th\u00e8me sont amusants pour toute la famille, que vous&hellip;<\/p>\n","protected":false},"author":1,"featured_media":2285,"parent":3680,"menu_order":0,"comment_status":"closed","ping_status":"closed","template":"","meta":{"_monsterinsights_skip_tracking":false,"_monsterinsights_sitenote_active":false,"_monsterinsights_sitenote_note":"","_monsterinsights_sitenote_category":0,"footnotes":""},"class_list":["post-3692","page","type-page","status-publish","has-post-thumbnail","hentry"],"yoast_head":"<!-- This site is optimized with the Yoast SEO plugin v27.5 - https:\/\/yoast.com\/product\/yoast-seo-wordpress\/ -->\n<title>SeaWorld San Diego - Los Angeles<\/title>\n<meta name=\"robots\" content=\"index, follow, max-snippet:-1, max-image-preview:large, max-video-preview:-1\" \/>\n<link rel=\"canonical\" href=\"https:\/\/www.losangeles.net.au\/fr\/parcs-a-theme\/seaworld-san-diego\/\" \/>\n<meta property=\"og:locale\" content=\"fr_FR\" \/>\n<meta property=\"og:type\" content=\"article\" \/>\n<meta property=\"og:title\" content=\"SeaWorld San Diego - Los Angeles\" \/>\n<meta property=\"og:description\" content=\"Les parcs \u00e0 th\u00e8me sont amusants pour toute la famille, que vous&hellip;\" \/>\n<meta property=\"og:url\" content=\"https:\/\/www.losangeles.net.au\/fr\/parcs-a-theme\/seaworld-san-diego\/\" \/>\n<meta property=\"og:site_name\" content=\"Los Angeles\" \/>\n<meta property=\"og:image\" content=\"https:\/\/www.losangeles.net.au\/wp-content\/uploads\/2012\/10\/SeaWorld-San-Diego-Theme-Park-Map.jpeg\" \/>\n<meta name=\"twitter:card\" content=\"summary_large_image\" \/>\n<meta name=\"twitter:label1\" content=\"Dur\u00e9e de lecture estim\u00e9e\" \/>\n\t<meta name=\"twitter:data1\" content=\"3 minutes\" \/>\n<script type=\"application\/ld+json\" class=\"yoast-schema-graph\">{\"@context\":\"https:\\\/\\\/schema.org\",\"@graph\":[{\"@type\":\"WebPage\",\"@id\":\"https:\\\/\\\/www.losangeles.net.au\\\/fr\\\/parcs-a-theme\\\/seaworld-san-diego\\\/\",\"url\":\"https:\\\/\\\/www.losangeles.net.au\\\/fr\\\/parcs-a-theme\\\/seaworld-san-diego\\\/\",\"name\":\"SeaWorld San Diego - Los Angeles\",\"isPartOf\":{\"@id\":\"https:\\\/\\\/www.losangeles.net.au\\\/fr\\\/#website\"},\"primaryImageOfPage\":{\"@id\":\"https:\\\/\\\/www.losangeles.net.au\\\/fr\\\/parcs-a-theme\\\/seaworld-san-diego\\\/#primaryimage\"},\"image\":{\"@id\":\"https:\\\/\\\/www.losangeles.net.au\\\/fr\\\/parcs-a-theme\\\/seaworld-san-diego\\\/#primaryimage\"},\"thumbnailUrl\":\"https:\\\/\\\/www.losangeles.net.au\\\/wp-content\\\/uploads\\\/2012\\\/10\\\/SeaWorld-logo.png\",\"datePublished\":\"2024-01-05T01:16:56+00:00\",\"breadcrumb\":{\"@id\":\"https:\\\/\\\/www.losangeles.net.au\\\/fr\\\/parcs-a-theme\\\/seaworld-san-diego\\\/#breadcrumb\"},\"inLanguage\":\"fr-FR\",\"potentialAction\":[{\"@type\":\"ReadAction\",\"target\":[\"https:\\\/\\\/www.losangeles.net.au\\\/fr\\\/parcs-a-theme\\\/seaworld-san-diego\\\/\"]}]},{\"@type\":\"ImageObject\",\"inLanguage\":\"fr-FR\",\"@id\":\"https:\\\/\\\/www.losangeles.net.au\\\/fr\\\/parcs-a-theme\\\/seaworld-san-diego\\\/#primaryimage\",\"url\":\"https:\\\/\\\/www.losangeles.net.au\\\/wp-content\\\/uploads\\\/2012\\\/10\\\/SeaWorld-logo.png\",\"contentUrl\":\"https:\\\/\\\/www.losangeles.net.au\\\/wp-content\\\/uploads\\\/2012\\\/10\\\/SeaWorld-logo.png\",\"width\":523,\"height\":265,\"caption\":\"SeaWorld San Diego\"},{\"@type\":\"BreadcrumbList\",\"@id\":\"https:\\\/\\\/www.losangeles.net.au\\\/fr\\\/parcs-a-theme\\\/seaworld-san-diego\\\/#breadcrumb\",\"itemListElement\":[{\"@type\":\"ListItem\",\"position\":1,\"name\":\"Home\",\"item\":\"https:\\\/\\\/www.losangeles.net.au\\\/fr\\\/\"},{\"@type\":\"ListItem\",\"position\":2,\"name\":\"Parcs \u00e0 th\u00e8me\",\"item\":\"https:\\\/\\\/www.losangeles.net.au\\\/fr\\\/parcs-a-theme\\\/\"},{\"@type\":\"ListItem\",\"position\":3,\"name\":\"SeaWorld San Diego\"}]},{\"@type\":\"WebSite\",\"@id\":\"https:\\\/\\\/www.losangeles.net.au\\\/fr\\\/#website\",\"url\":\"https:\\\/\\\/www.losangeles.net.au\\\/fr\\\/\",\"name\":\"Los Angeles\",\"description\":\"Los Angeles Theme Parks, Tours, Flights, LA Hotels &amp; Travel Deals\",\"potentialAction\":[{\"@type\":\"SearchAction\",\"target\":{\"@type\":\"EntryPoint\",\"urlTemplate\":\"https:\\\/\\\/www.losangeles.net.au\\\/fr\\\/?s={search_term_string}\"},\"query-input\":{\"@type\":\"PropertyValueSpecification\",\"valueRequired\":true,\"valueName\":\"search_term_string\"}}],\"inLanguage\":\"fr-FR\"}]}<\/script>\n<!-- \/ Yoast SEO plugin. -->","yoast_head_json":{"title":"SeaWorld San Diego - Los Angeles","robots":{"index":"index","follow":"follow","max-snippet":"max-snippet:-1","max-image-preview":"max-image-preview:large","max-video-preview":"max-video-preview:-1"},"canonical":"https:\/\/www.losangeles.net.au\/fr\/parcs-a-theme\/seaworld-san-diego\/","og_locale":"fr_FR","og_type":"article","og_title":"SeaWorld San Diego - Los Angeles","og_description":"Les parcs \u00e0 th\u00e8me sont amusants pour toute la famille, que vous&hellip;","og_url":"https:\/\/www.losangeles.net.au\/fr\/parcs-a-theme\/seaworld-san-diego\/","og_site_name":"Los Angeles","og_image":[{"url":"https:\/\/www.losangeles.net.au\/wp-content\/uploads\/2012\/10\/SeaWorld-San-Diego-Theme-Park-Map.jpeg","type":"","width":"","height":""}],"twitter_card":"summary_large_image","twitter_misc":{"Dur\u00e9e de lecture estim\u00e9e":"3 minutes"},"schema":{"@context":"https:\/\/schema.org","@graph":[{"@type":"WebPage","@id":"https:\/\/www.losangeles.net.au\/fr\/parcs-a-theme\/seaworld-san-diego\/","url":"https:\/\/www.losangeles.net.au\/fr\/parcs-a-theme\/seaworld-san-diego\/","name":"SeaWorld San Diego - Los Angeles","isPartOf":{"@id":"https:\/\/www.losangeles.net.au\/fr\/#website"},"primaryImageOfPage":{"@id":"https:\/\/www.losangeles.net.au\/fr\/parcs-a-theme\/seaworld-san-diego\/#primaryimage"},"image":{"@id":"https:\/\/www.losangeles.net.au\/fr\/parcs-a-theme\/seaworld-san-diego\/#primaryimage"},"thumbnailUrl":"https:\/\/www.losangeles.net.au\/wp-content\/uploads\/2012\/10\/SeaWorld-logo.png","datePublished":"2024-01-05T01:16:56+00:00","breadcrumb":{"@id":"https:\/\/www.losangeles.net.au\/fr\/parcs-a-theme\/seaworld-san-diego\/#breadcrumb"},"inLanguage":"fr-FR","potentialAction":[{"@type":"ReadAction","target":["https:\/\/www.losangeles.net.au\/fr\/parcs-a-theme\/seaworld-san-diego\/"]}]},{"@type":"ImageObject","inLanguage":"fr-FR","@id":"https:\/\/www.losangeles.net.au\/fr\/parcs-a-theme\/seaworld-san-diego\/#primaryimage","url":"https:\/\/www.losangeles.net.au\/wp-content\/uploads\/2012\/10\/SeaWorld-logo.png","contentUrl":"https:\/\/www.losangeles.net.au\/wp-content\/uploads\/2012\/10\/SeaWorld-logo.png","width":523,"height":265,"caption":"SeaWorld San Diego"},{"@type":"BreadcrumbList","@id":"https:\/\/www.losangeles.net.au\/fr\/parcs-a-theme\/seaworld-san-diego\/#breadcrumb","itemListElement":[{"@type":"ListItem","position":1,"name":"Home","item":"https:\/\/www.losangeles.net.au\/fr\/"},{"@type":"ListItem","position":2,"name":"Parcs \u00e0 th\u00e8me","item":"https:\/\/www.losangeles.net.au\/fr\/parcs-a-theme\/"},{"@type":"ListItem","position":3,"name":"SeaWorld San Diego"}]},{"@type":"WebSite","@id":"https:\/\/www.losangeles.net.au\/fr\/#website","url":"https:\/\/www.losangeles.net.au\/fr\/","name":"Los Angeles","description":"Los Angeles Theme Parks, Tours, Flights, LA Hotels &amp; Travel Deals","potentialAction":[{"@type":"SearchAction","target":{"@type":"EntryPoint","urlTemplate":"https:\/\/www.losangeles.net.au\/fr\/?s={search_term_string}"},"query-input":{"@type":"PropertyValueSpecification","valueRequired":true,"valueName":"search_term_string"}}],"inLanguage":"fr-FR"}]}},"_links":{"self":[{"href":"https:\/\/www.losangeles.net.au\/fr\/wp-json\/wp\/v2\/pages\/3692","targetHints":{"allow":["GET"]}}],"collection":[{"href":"https:\/\/www.losangeles.net.au\/fr\/wp-json\/wp\/v2\/pages"}],"about":[{"href":"https:\/\/www.losangeles.net.au\/fr\/wp-json\/wp\/v2\/types\/page"}],"author":[{"embeddable":true,"href":"https:\/\/www.losangeles.net.au\/fr\/wp-json\/wp\/v2\/users\/1"}],"replies":[{"embeddable":true,"href":"https:\/\/www.losangeles.net.au\/fr\/wp-json\/wp\/v2\/comments?post=3692"}],"version-history":[{"count":0,"href":"https:\/\/www.losangeles.net.au\/fr\/wp-json\/wp\/v2\/pages\/3692\/revisions"}],"up":[{"embeddable":true,"href":"https:\/\/www.losangeles.net.au\/fr\/wp-json\/wp\/v2\/pages\/3680"}],"wp:featuredmedia":[{"embeddable":true,"href":"https:\/\/www.losangeles.net.au\/fr\/wp-json\/wp\/v2\/media\/2285"}],"wp:attachment":[{"href":"https:\/\/www.losangeles.net.au\/fr\/wp-json\/wp\/v2\/media?parent=3692"}],"curies":[{"name":"wp","href":"https:\/\/api.w.org\/{rel}","templated":true}]}}