{"id":3680,"date":"2024-05-28T04:37:30","date_gmt":"2024-05-27T18:37:30","guid":{"rendered":"https:\/\/www.losangeles.net.au\/parcs-a-theme\/"},"modified":"2024-01-10T09:09:23","modified_gmt":"2024-01-09T22:09:23","slug":"parcs-a-theme","status":"publish","type":"page","link":"https:\/\/www.losangeles.net.au\/fr\/parcs-a-theme\/","title":{"rendered":"Parcs \u00e0 th\u00e8me"},"content":{"rendered":"<p>La r\u00e9gion de Los Angeles compte cinq grands parcs \u00e0 th\u00e8me et quatre parcs aquatiques qui offrent des centaines de choix de man\u00e8ges et d&rsquo;attractions aux visiteurs. Tous ces parcs sont payants, c&rsquo;est-\u00e0-dire qu&rsquo;une fois le droit d&rsquo;entr\u00e9e acquitt\u00e9, tous les man\u00e8ges et les divertissements sont gratuits. Disneyland et Knott&rsquo;s Berry Farm sont situ\u00e9s \u00e0 Anaheim, en Californie, tandis que Univerisal Studios et Six Flags sont situ\u00e9s dans les vall\u00e9es de Los Angeles, \u00e0 environ 95 km du centre de Los Angeles.<\/p>\n<p>Il est conseill\u00e9 de r\u00e9server vos billets pour les attractions des parcs \u00e0 th\u00e8me en ligne avant votre arriv\u00e9e afin d&rsquo;\u00e9viter les longues files d&rsquo;attente et de profiter au maximum de votre journ\u00e9e de visite. \u00c2 Parmi les attractions touristiques les plus populaires, on peut citer<\/p>\n<ul>\n<li><a href=\"http:\/\/www.losangeles.net.au\/theme-parks\/universal-studios\/\">Universal Studios Hollywood<\/a><\/li>\n<li><a href=\"http:\/\/www.losangeles.net.au\/theme-parks\/knotts-berry-farm\/\">Billet d&rsquo;entr\u00e9e g\u00e9n\u00e9rale \u00e0 Knott&rsquo;s Berry Farm<\/a><\/li>\n<li><a href=\"http:\/\/www.losangeles.net.au\/theme-parks\/disneyland\/\">Disneyland Los Angeles<\/a><\/li>\n<li><a href=\"http:\/\/www.losangeles.net.au\/theme-parks\/california-adventure-park\/\">Parc Disney&rsquo;s California Adventure<\/a><\/li>\n<li><a href=\"http:\/\/www.losangeles.net.au\/theme-parks\/six-flags\/\">Six Flags Magic Mountain<\/a><\/li>\n<li><a href=\"http:\/\/www.losangeles.net.au\/theme-parks\/legoland\/\">Legoland Californie<\/a><\/li>\n<li><a href=\"http:\/\/www.losangeles.net.au\/theme-parks\/pacific-park\/\">Parc du Pacifique sur Santa Monica<\/a><\/li>\n<li><a href=\"http:\/\/www.losangeles.net.au\/theme-parks\/seaworld\/\">SeaWorld de Californie<\/a><\/li>\n<\/ul>\n<p><strong>Les parcs \u00e0 th\u00e8me de Los Angeles<\/strong><br \/>\nDisneyland &#8211; Anaheim, Comt\u00e9 d&rsquo;Orange<br \/>\nParc Disney&rsquo;s California Adventure &#8211; Situ\u00e9 \u00e0 proximit\u00e9 de Disneyland<br \/>\nKnott&rsquo;s Berry Farm &#8211; 8039 Beach Blvd, Buena Park, Californie<br \/>\nUniversal Studios &#8211; Universal City, Hollywood<br \/>\nSix Flags Magic Mountain &#8211; Valence, Californie<\/p>\n<p><strong>Parcs aquatiques de Los Angeles<\/strong><br \/>\nKnott&rsquo;s Soak City &#8211; Situ\u00e9 \u00e0 c\u00f4t\u00e9 de Knott&rsquo;s Berry Farm<br \/>\nParc aquatique Wild Rivers &#8211; Irvine, Californie<br \/>\nRaging Waters &#8211; San Dimas, Californie<br \/>\nHurricane Harbour &#8211; Valencia, Californie<\/p>\n<p><strong>Parcs \u00e0 th\u00e8me de San Diego<\/strong><br \/>\nLegoland California &#8211; Carlsbad, North San Diego<br \/>\nSea World San Diego &#8211; Sea World Drive, San Diego, CA\u00e2\u20ac\u017d<br \/>\nSan Diego Wild Animal Park &#8211; 51 km au nord-est de San Diego (pr\u00e8s d&rsquo;Escondido)<br \/>\nZoo de San Diego &#8211; 2920 Zoo Drive, San Diego, CA<br \/>\nBelmont Park &#8211; 3190 Mission Boulevard, San Diego, CA<\/p>\n","protected":false},"excerpt":{"rendered":"<p>La r\u00e9gion de Los Angeles compte cinq grands parcs \u00e0 th\u00e8me et&hellip;<\/p>\n","protected":false},"author":1,"featured_media":0,"parent":0,"menu_order":0,"comment_status":"closed","ping_status":"closed","template":"","meta":{"_monsterinsights_skip_tracking":false,"_monsterinsights_sitenote_active":false,"_monsterinsights_sitenote_note":"","_monsterinsights_sitenote_category":0,"footnotes":""},"class_list":["post-3680","page","type-page","status-publish","hentry"],"yoast_head":"<!-- This site is optimized with the Yoast SEO plugin v27.4 - https:\/\/yoast.com\/product\/yoast-seo-wordpress\/ -->\n<title>Parcs \u00e0 th\u00e8me - Los Angeles<\/title>\n<meta name=\"robots\" content=\"index, follow, max-snippet:-1, max-image-preview:large, max-video-preview:-1\" \/>\n<link rel=\"canonical\" href=\"https:\/\/www.losangeles.net.au\/fr\/parcs-a-theme\/\" \/>\n<meta property=\"og:locale\" content=\"fr_FR\" \/>\n<meta property=\"og:type\" content=\"article\" \/>\n<meta property=\"og:title\" content=\"Parcs \u00e0 th\u00e8me - Los Angeles\" \/>\n<meta property=\"og:description\" content=\"La r\u00e9gion de Los Angeles compte cinq grands parcs \u00e0 th\u00e8me et&hellip;\" \/>\n<meta property=\"og:url\" content=\"https:\/\/www.losangeles.net.au\/fr\/parcs-a-theme\/\" \/>\n<meta property=\"og:site_name\" content=\"Los Angeles\" \/>\n<meta name=\"twitter:card\" content=\"summary_large_image\" \/>\n<meta name=\"twitter:label1\" content=\"Dur\u00e9e de lecture estim\u00e9e\" \/>\n\t<meta name=\"twitter:data1\" content=\"2 minutes\" \/>\n<script type=\"application\/ld+json\" class=\"yoast-schema-graph\">{\"@context\":\"https:\\\/\\\/schema.org\",\"@graph\":[{\"@type\":\"WebPage\",\"@id\":\"https:\\\/\\\/www.losangeles.net.au\\\/fr\\\/parcs-a-theme\\\/\",\"url\":\"https:\\\/\\\/www.losangeles.net.au\\\/fr\\\/parcs-a-theme\\\/\",\"name\":\"Parcs \u00e0 th\u00e8me - Los Angeles\",\"isPartOf\":{\"@id\":\"https:\\\/\\\/www.losangeles.net.au\\\/fr\\\/#website\"},\"datePublished\":\"2024-05-27T18:37:30+00:00\",\"breadcrumb\":{\"@id\":\"https:\\\/\\\/www.losangeles.net.au\\\/fr\\\/parcs-a-theme\\\/#breadcrumb\"},\"inLanguage\":\"fr-FR\",\"potentialAction\":[{\"@type\":\"ReadAction\",\"target\":[\"https:\\\/\\\/www.losangeles.net.au\\\/fr\\\/parcs-a-theme\\\/\"]}]},{\"@type\":\"BreadcrumbList\",\"@id\":\"https:\\\/\\\/www.losangeles.net.au\\\/fr\\\/parcs-a-theme\\\/#breadcrumb\",\"itemListElement\":[{\"@type\":\"ListItem\",\"position\":1,\"name\":\"Home\",\"item\":\"https:\\\/\\\/www.losangeles.net.au\\\/fr\\\/\"},{\"@type\":\"ListItem\",\"position\":2,\"name\":\"Parcs \u00e0 th\u00e8me\"}]},{\"@type\":\"WebSite\",\"@id\":\"https:\\\/\\\/www.losangeles.net.au\\\/fr\\\/#website\",\"url\":\"https:\\\/\\\/www.losangeles.net.au\\\/fr\\\/\",\"name\":\"Los Angeles\",\"description\":\"Los Angeles Theme Parks, Tours, Flights, LA Hotels &amp; Travel Deals\",\"potentialAction\":[{\"@type\":\"SearchAction\",\"target\":{\"@type\":\"EntryPoint\",\"urlTemplate\":\"https:\\\/\\\/www.losangeles.net.au\\\/fr\\\/?s={search_term_string}\"},\"query-input\":{\"@type\":\"PropertyValueSpecification\",\"valueRequired\":true,\"valueName\":\"search_term_string\"}}],\"inLanguage\":\"fr-FR\"}]}<\/script>\n<!-- \/ Yoast SEO plugin. -->","yoast_head_json":{"title":"Parcs \u00e0 th\u00e8me - Los Angeles","robots":{"index":"index","follow":"follow","max-snippet":"max-snippet:-1","max-image-preview":"max-image-preview:large","max-video-preview":"max-video-preview:-1"},"canonical":"https:\/\/www.losangeles.net.au\/fr\/parcs-a-theme\/","og_locale":"fr_FR","og_type":"article","og_title":"Parcs \u00e0 th\u00e8me - Los Angeles","og_description":"La r\u00e9gion de Los Angeles compte cinq grands parcs \u00e0 th\u00e8me et&hellip;","og_url":"https:\/\/www.losangeles.net.au\/fr\/parcs-a-theme\/","og_site_name":"Los Angeles","twitter_card":"summary_large_image","twitter_misc":{"Dur\u00e9e de lecture estim\u00e9e":"2 minutes"},"schema":{"@context":"https:\/\/schema.org","@graph":[{"@type":"WebPage","@id":"https:\/\/www.losangeles.net.au\/fr\/parcs-a-theme\/","url":"https:\/\/www.losangeles.net.au\/fr\/parcs-a-theme\/","name":"Parcs \u00e0 th\u00e8me - Los Angeles","isPartOf":{"@id":"https:\/\/www.losangeles.net.au\/fr\/#website"},"datePublished":"2024-05-27T18:37:30+00:00","breadcrumb":{"@id":"https:\/\/www.losangeles.net.au\/fr\/parcs-a-theme\/#breadcrumb"},"inLanguage":"fr-FR","potentialAction":[{"@type":"ReadAction","target":["https:\/\/www.losangeles.net.au\/fr\/parcs-a-theme\/"]}]},{"@type":"BreadcrumbList","@id":"https:\/\/www.losangeles.net.au\/fr\/parcs-a-theme\/#breadcrumb","itemListElement":[{"@type":"ListItem","position":1,"name":"Home","item":"https:\/\/www.losangeles.net.au\/fr\/"},{"@type":"ListItem","position":2,"name":"Parcs \u00e0 th\u00e8me"}]},{"@type":"WebSite","@id":"https:\/\/www.losangeles.net.au\/fr\/#website","url":"https:\/\/www.losangeles.net.au\/fr\/","name":"Los Angeles","description":"Los Angeles Theme Parks, Tours, Flights, LA Hotels &amp; Travel Deals","potentialAction":[{"@type":"SearchAction","target":{"@type":"EntryPoint","urlTemplate":"https:\/\/www.losangeles.net.au\/fr\/?s={search_term_string}"},"query-input":{"@type":"PropertyValueSpecification","valueRequired":true,"valueName":"search_term_string"}}],"inLanguage":"fr-FR"}]}},"_links":{"self":[{"href":"https:\/\/www.losangeles.net.au\/fr\/wp-json\/wp\/v2\/pages\/3680","targetHints":{"allow":["GET"]}}],"collection":[{"href":"https:\/\/www.losangeles.net.au\/fr\/wp-json\/wp\/v2\/pages"}],"about":[{"href":"https:\/\/www.losangeles.net.au\/fr\/wp-json\/wp\/v2\/types\/page"}],"author":[{"embeddable":true,"href":"https:\/\/www.losangeles.net.au\/fr\/wp-json\/wp\/v2\/users\/1"}],"replies":[{"embeddable":true,"href":"https:\/\/www.losangeles.net.au\/fr\/wp-json\/wp\/v2\/comments?post=3680"}],"version-history":[{"count":0,"href":"https:\/\/www.losangeles.net.au\/fr\/wp-json\/wp\/v2\/pages\/3680\/revisions"}],"wp:attachment":[{"href":"https:\/\/www.losangeles.net.au\/fr\/wp-json\/wp\/v2\/media?parent=3680"}],"curies":[{"name":"wp","href":"https:\/\/api.w.org\/{rel}","templated":true}]}}