{"id":3738,"date":"2024-01-03T12:11:14","date_gmt":"2024-01-03T01:11:14","guid":{"rendered":"https:\/\/www.losangeles.net.au\/parques-tematicos\/universal-studios-hollywood\/"},"modified":"2012-10-13T12:11:14","modified_gmt":"2012-10-13T01:11:14","slug":"universal-studios-hollywood","status":"publish","type":"page","link":"https:\/\/www.losangeles.net.au\/es\/parques-tematicos\/universal-studios-hollywood\/","title":{"rendered":"Universal Studios Hollywood"},"content":{"rendered":"<p>Si le gusta el cine y la televisi\u00f3n, no puede visitar Los \u00c1ngeles sin pasar por Universal Studios Hollywood. En este parque tem\u00e1tico, en el que se mezclan los estudios de cine, tendr\u00e1 la oportunidad de conocer c\u00f3mo se hicieron algunas de las pel\u00edculas de m\u00e1s \u00e9xito de la historia, adem\u00e1s de disfrutar de atracciones y espect\u00e1culos de primera categor\u00eda.<\/p>\n<p>En Universal Studios Hollywood hay 16 atracciones diferentes, cada una de ellas tem\u00e1tica de una de las pel\u00edculas o programas de televisi\u00f3n cl\u00e1sicos de Universal. Para los amantes de las emociones fuertes hay una terror\u00edfica monta\u00f1a rusa cubierta, Revenge of the Mummy, la Universal House of Horrors y una divertida atracci\u00f3n acu\u00e1tica inspirada en Jurassic Park. Otra reciente y popular incorporaci\u00f3n al parque es Transformers: The Ride, una atracci\u00f3n 3D en la oscuridad que, seg\u00fan Los Angeles Times, \u00abfigura entre las mejores atracciones de parques tem\u00e1ticos del mundo\u00bb.<\/p>\n<p>Para las familias con ni\u00f1os peque\u00f1os, la oferta de ocio es amplia. La atracci\u00f3n de Los Simpson, ambientada en el parque tem\u00e1tico Krustyland del payaso Krusty, es muy popular, al igual que la zona de juegos de agua y bolas Las aventuras de Jorge el Curioso. Mientras pasea por el parque, es posible que vea algunas caras conocidas. Tendr\u00e1 la oportunidad de conocer y fotografiarse con muchos de los personajes y estrellas m\u00e1s populares de Universal, como Marilyn Monroe, Dora la Exploradora, el Conde Dr\u00e1cula y Shrek.<\/p>\n<p>Adem\u00e1s de las atracciones, durante su visita a Universal Studios Hollywood podr\u00e1 disfrutar de fant\u00e1sticos espect\u00e1culos. A los aficionados a la m\u00fasica les encantar\u00e1 The Blues Brothers Revue, mientras que a los fan\u00e1ticos del cine les fascinar\u00e1 el Escenario de Efectos Especiales, y el espect\u00e1culo Universal Animal Actors siempre cae bien entre los ni\u00f1os.<\/p>\n<p>Tambi\u00e9n puede visitar el estudio, que es el mayor del mundo en funcionamiento y fue construido con Steven Spielberg como asesor creativo. Algunos de los lugares famosos que podr\u00e1 visitar son Wisteria Lane, la casa de las Amas de Casa Desesperadas, y el Motel Bates, donde se encontrar\u00e1 con Norman Bates, el asesino de Psicosis.<\/p>\n<p>El parque est\u00e1 abierto todo el a\u00f1o, con frecuentes eventos especiales como Halloween Horror Nights en octubre y Grinchmas durante el periodo navide\u00f1o. Una vez en el parque, todas sus necesidades estar\u00e1n cubiertas, con una gran variedad de comida y algunos recuerdos incre\u00edbles con tem\u00e1tica de cine y televisi\u00f3n.<\/p>\n<p>Si busca unas vacaciones inolvidables y una aut\u00e9ntica experiencia hollywoodiense, \u00a1reserve hoy mismo su viaje a Universal Studios! Haga clic aqu\u00ed para reservar a trav\u00e9s de nosotros y ahorrar dinero sobre el precio completo en algunas de nuestras opciones de pase favoritas:<\/p>\n<ul>\n<li>S\u00e1ltate la cola:\u00c2 <a href=\"http:\/\/www.shareasale.com\/r.cfm?u=403568&amp;b=132440&amp;m=18208&amp;afftrack=&amp;urllink=www%2Eviator%2Ecom%2Ftours%2FLos%2DAngeles%2FSkip%2Dthe%2DLine%2DFront%2Dof%2DLine%2DPass%2Dat%2DUniversal%2DStudios%2DHollywood%2Fd645%2D2030FRONT%5FLINE\" target=\"_blank\" rel=\"noopener\">Pase de primera fila en Universal Studios Hollywood<\/a><\/li>\n<li><a href=\"http:\/\/www.shareasale.com\/r.cfm?u=403568&amp;b=132440&amp;m=18208&amp;afftrack=&amp;urllink=www%2Eviator%2Ecom%2Ftours%2FLos%2DAngeles%2FVIP%2DExperience%2Dat%2DUniversal%2DStudios%2DHollywood%2Fd645%2D2030VIP\" target=\"_blank\" rel=\"noopener\">Experiencia VIP en Universal Studios Hollywood<\/a><\/li>\n<li><a href=\"http:\/\/www.shareasale.com\/r.cfm?u=403568&amp;b=132440&amp;m=18208&amp;afftrack=&amp;urllink=www%2Eviator%2Ecom%2Ftours%2FLos%2DAngeles%2FUniversal%2DStudios%2DHollywood%2DMovie%2DStars%2DHomes%2DTour%2Dand%2DCity%2DTour%2Fd645%2D3638%5F5\" target=\"_blank\" rel=\"noopener\">Universal Studios Hollywood + Movie Star&#8217;s &amp; LA City Tour<\/a><\/li>\n<\/ul>\n","protected":false},"excerpt":{"rendered":"<p>Si le gusta el cine y la televisi\u00f3n, no puede visitar Los&hellip;<\/p>\n","protected":false},"author":1,"featured_media":0,"parent":3647,"menu_order":0,"comment_status":"closed","ping_status":"closed","template":"","meta":{"_monsterinsights_skip_tracking":false,"_monsterinsights_sitenote_active":false,"_monsterinsights_sitenote_note":"","_monsterinsights_sitenote_category":0,"footnotes":""},"class_list":["post-3738","page","type-page","status-publish","hentry"],"yoast_head":"<!-- This site is optimized with the Yoast SEO plugin v27.6 - https:\/\/yoast.com\/product\/yoast-seo-wordpress\/ -->\n<title>Universal Studios Hollywood - Los Angeles<\/title>\n<meta name=\"robots\" content=\"index, follow, max-snippet:-1, max-image-preview:large, max-video-preview:-1\" \/>\n<link rel=\"canonical\" href=\"https:\/\/www.losangeles.net.au\/es\/parques-tematicos\/universal-studios-hollywood\/\" \/>\n<meta property=\"og:locale\" content=\"es_ES\" \/>\n<meta property=\"og:type\" content=\"article\" \/>\n<meta property=\"og:title\" content=\"Universal Studios Hollywood - Los Angeles\" \/>\n<meta property=\"og:description\" content=\"Si le gusta el cine y la televisi\u00f3n, no puede visitar Los&hellip;\" \/>\n<meta property=\"og:url\" content=\"https:\/\/www.losangeles.net.au\/es\/parques-tematicos\/universal-studios-hollywood\/\" \/>\n<meta property=\"og:site_name\" content=\"Los Angeles\" \/>\n<meta name=\"twitter:card\" content=\"summary_large_image\" \/>\n<meta name=\"twitter:label1\" content=\"Tiempo de lectura\" \/>\n\t<meta name=\"twitter:data1\" content=\"3 minutos\" \/>\n<script type=\"application\/ld+json\" class=\"yoast-schema-graph\">{\"@context\":\"https:\\\/\\\/schema.org\",\"@graph\":[{\"@type\":\"WebPage\",\"@id\":\"https:\\\/\\\/www.losangeles.net.au\\\/es\\\/parques-tematicos\\\/universal-studios-hollywood\\\/\",\"url\":\"https:\\\/\\\/www.losangeles.net.au\\\/es\\\/parques-tematicos\\\/universal-studios-hollywood\\\/\",\"name\":\"Universal Studios Hollywood - Los Angeles\",\"isPartOf\":{\"@id\":\"https:\\\/\\\/www.losangeles.net.au\\\/es\\\/#website\"},\"datePublished\":\"2024-01-03T01:11:14+00:00\",\"breadcrumb\":{\"@id\":\"https:\\\/\\\/www.losangeles.net.au\\\/es\\\/parques-tematicos\\\/universal-studios-hollywood\\\/#breadcrumb\"},\"inLanguage\":\"es\",\"potentialAction\":[{\"@type\":\"ReadAction\",\"target\":[\"https:\\\/\\\/www.losangeles.net.au\\\/es\\\/parques-tematicos\\\/universal-studios-hollywood\\\/\"]}]},{\"@type\":\"BreadcrumbList\",\"@id\":\"https:\\\/\\\/www.losangeles.net.au\\\/es\\\/parques-tematicos\\\/universal-studios-hollywood\\\/#breadcrumb\",\"itemListElement\":[{\"@type\":\"ListItem\",\"position\":1,\"name\":\"Home\",\"item\":\"https:\\\/\\\/www.losangeles.net.au\\\/es\\\/\"},{\"@type\":\"ListItem\",\"position\":2,\"name\":\"Parques tem\u00e1ticos\",\"item\":\"https:\\\/\\\/www.losangeles.net.au\\\/es\\\/parques-tematicos\\\/\"},{\"@type\":\"ListItem\",\"position\":3,\"name\":\"Universal Studios Hollywood\"}]},{\"@type\":\"WebSite\",\"@id\":\"https:\\\/\\\/www.losangeles.net.au\\\/es\\\/#website\",\"url\":\"https:\\\/\\\/www.losangeles.net.au\\\/es\\\/\",\"name\":\"Los Angeles\",\"description\":\"Los Angeles Theme Parks, Tours, Flights, LA Hotels &amp; Travel Deals\",\"potentialAction\":[{\"@type\":\"SearchAction\",\"target\":{\"@type\":\"EntryPoint\",\"urlTemplate\":\"https:\\\/\\\/www.losangeles.net.au\\\/es\\\/?s={search_term_string}\"},\"query-input\":{\"@type\":\"PropertyValueSpecification\",\"valueRequired\":true,\"valueName\":\"search_term_string\"}}],\"inLanguage\":\"es\"}]}<\/script>\n<!-- \/ Yoast SEO plugin. -->","yoast_head_json":{"title":"Universal Studios Hollywood - Los Angeles","robots":{"index":"index","follow":"follow","max-snippet":"max-snippet:-1","max-image-preview":"max-image-preview:large","max-video-preview":"max-video-preview:-1"},"canonical":"https:\/\/www.losangeles.net.au\/es\/parques-tematicos\/universal-studios-hollywood\/","og_locale":"es_ES","og_type":"article","og_title":"Universal Studios Hollywood - Los Angeles","og_description":"Si le gusta el cine y la televisi\u00f3n, no puede visitar Los&hellip;","og_url":"https:\/\/www.losangeles.net.au\/es\/parques-tematicos\/universal-studios-hollywood\/","og_site_name":"Los Angeles","twitter_card":"summary_large_image","twitter_misc":{"Tiempo de lectura":"3 minutos"},"schema":{"@context":"https:\/\/schema.org","@graph":[{"@type":"WebPage","@id":"https:\/\/www.losangeles.net.au\/es\/parques-tematicos\/universal-studios-hollywood\/","url":"https:\/\/www.losangeles.net.au\/es\/parques-tematicos\/universal-studios-hollywood\/","name":"Universal Studios Hollywood - Los Angeles","isPartOf":{"@id":"https:\/\/www.losangeles.net.au\/es\/#website"},"datePublished":"2024-01-03T01:11:14+00:00","breadcrumb":{"@id":"https:\/\/www.losangeles.net.au\/es\/parques-tematicos\/universal-studios-hollywood\/#breadcrumb"},"inLanguage":"es","potentialAction":[{"@type":"ReadAction","target":["https:\/\/www.losangeles.net.au\/es\/parques-tematicos\/universal-studios-hollywood\/"]}]},{"@type":"BreadcrumbList","@id":"https:\/\/www.losangeles.net.au\/es\/parques-tematicos\/universal-studios-hollywood\/#breadcrumb","itemListElement":[{"@type":"ListItem","position":1,"name":"Home","item":"https:\/\/www.losangeles.net.au\/es\/"},{"@type":"ListItem","position":2,"name":"Parques tem\u00e1ticos","item":"https:\/\/www.losangeles.net.au\/es\/parques-tematicos\/"},{"@type":"ListItem","position":3,"name":"Universal Studios Hollywood"}]},{"@type":"WebSite","@id":"https:\/\/www.losangeles.net.au\/es\/#website","url":"https:\/\/www.losangeles.net.au\/es\/","name":"Los Angeles","description":"Los Angeles Theme Parks, Tours, Flights, LA Hotels &amp; Travel Deals","potentialAction":[{"@type":"SearchAction","target":{"@type":"EntryPoint","urlTemplate":"https:\/\/www.losangeles.net.au\/es\/?s={search_term_string}"},"query-input":{"@type":"PropertyValueSpecification","valueRequired":true,"valueName":"search_term_string"}}],"inLanguage":"es"}]}},"_links":{"self":[{"href":"https:\/\/www.losangeles.net.au\/es\/wp-json\/wp\/v2\/pages\/3738","targetHints":{"allow":["GET"]}}],"collection":[{"href":"https:\/\/www.losangeles.net.au\/es\/wp-json\/wp\/v2\/pages"}],"about":[{"href":"https:\/\/www.losangeles.net.au\/es\/wp-json\/wp\/v2\/types\/page"}],"author":[{"embeddable":true,"href":"https:\/\/www.losangeles.net.au\/es\/wp-json\/wp\/v2\/users\/1"}],"replies":[{"embeddable":true,"href":"https:\/\/www.losangeles.net.au\/es\/wp-json\/wp\/v2\/comments?post=3738"}],"version-history":[{"count":0,"href":"https:\/\/www.losangeles.net.au\/es\/wp-json\/wp\/v2\/pages\/3738\/revisions"}],"up":[{"embeddable":true,"href":"https:\/\/www.losangeles.net.au\/es\/wp-json\/wp\/v2\/pages\/3647"}],"wp:attachment":[{"href":"https:\/\/www.losangeles.net.au\/es\/wp-json\/wp\/v2\/media?parent=3738"}],"curies":[{"name":"wp","href":"https:\/\/api.w.org\/{rel}","templated":true}]}}