{"id":3730,"date":"2024-01-10T09:19:52","date_gmt":"2024-01-09T22:19:52","guid":{"rendered":"https:\/\/www.losangeles.net.au\/parques-tematicos\/legoland-california\/"},"modified":"2024-01-10T09:22:10","modified_gmt":"2024-01-09T22:22:10","slug":"legoland-california","status":"publish","type":"page","link":"https:\/\/www.losangeles.net.au\/es\/parques-tematicos\/legoland-california\/","title":{"rendered":"Legoland California"},"content":{"rendered":"<p>Llamamiento a todos los legoman\u00edacos, j\u00f3venes y mayores: \u00a1hagan un viaje a Legoland, California! A s\u00f3lo treinta minutos al norte de San Diego y una hora al sur de Anaheim, Legoland es un destino ideal para familias con ni\u00f1os peque\u00f1os, y est\u00e1 repleto de diversi\u00f3n para todas las edades.<\/p>\n<p>Tanto si se trata de una excursi\u00f3n de un d\u00eda como de unas vacaciones, la diversi\u00f3n es infinita. El complejo cuenta con m\u00e1s de 60 atracciones que har\u00e1n vibrar sus sentidos.<\/p>\n<p>Dir\u00edgete a Fun Town, donde podr\u00e1s pasear por el Club de Aventureros y explorar antiguos misterios desde Egipto hasta el \u00c1rtico. Suba a las Power Towers para contemplar vistas panor\u00e1micas de todo el complejo. En Pirate Shores podr\u00e1 poner a prueba sus piernas marinas en el barco oscilante del Capit\u00e1n Cranky o darse un chapuz\u00f3n mientras su barco de troncos recorre el mini tobog\u00e1n acu\u00e1tico de Treasure Falls. Un corto paseo hasta la Isla de los Dinosaurios le permitir\u00e1 zambullirse en una jungla de emociones en el Coastersaurus, esquivando gigantescos dinosaurios de Lego.<\/p>\n<p>Los j\u00f3venes arque\u00f3logos pueden descubrir huesos prehist\u00f3ricos en Dig Those Dinos, con m\u00e1s de 30 metros c\u00fabicos de arena para explorar. Los j\u00f3venes golfistas pueden dirigirse a Wild Woods para disfrutar de 18 hoyos de minigolf repletos de creaciones de lego. La Tierra de la Aventura permite a tu familia formar un equipo en una expedici\u00f3n para recuperar el tesoro robado del Reino Perdido disparando a dianas l\u00e1ser. Explore el parque para descubrir mundos de diversi\u00f3n en familia.<\/p>\n<p>En los calurosos d\u00edas de verano, vaya a mojarse los pies al Parque Acu\u00e1tico Legoland. Despu\u00e9s de deslizarte por el Splash Safari y de disparar un ca\u00f1\u00f3n de agua en el Arrecife Pirata, estar\u00e1s fresco como una lechuga.<\/p>\n<p>Despu\u00e9s de un ajetreado d\u00eda de aventuras, no le faltar\u00e1n opciones para comer, desde los grandes cl\u00e1sicos americanos hasta los platos favoritos de los ni\u00f1os y las delicias del parque de atracciones. Dir\u00edjase a Castle Hill para degustar una jugosa hamburguesa Castle y, a continuaci\u00f3n, pase por Granny&#8217;s Apple Fries para saborear un postre emblem\u00e1tico de Legoland. \u00bfTe apetece un trozo? Vaya a Pizza Zone, en la Zona de la Imaginaci\u00f3n, donde se sirven pizzas individuales y familiares reci\u00e9n salidas del horno. \u00bfBusca algo sano? El restaurante Garden de Mini-landia USA es tu destino para disfrutar de s\u00e1ndwiches, sopas y ensaladas frescas y gourmet.<\/p>\n<p>Legoland abre cinco d\u00edas a la semana y cierra los martes y mi\u00e9rcoles. Legoland abre especialmente en determinados d\u00edas festivos, as\u00ed que aseg\u00farese de comprobar los horarios de apertura en l\u00ednea antes de salir.<\/p>\n<p>Puede ahorrar tiempo y dinero reservando sus entradas para Legoland en l\u00ednea antes de salir.<\/p>\n<ul>\n<li><a href=\"http:\/\/www.shareasale.com\/r.cfm?u=403568&amp;b=132440&amp;m=18208&amp;afftrack=losangeles&amp;urllink=www%2Eviator%2Ecom%2Ftours%2FAnaheim%2Dand%2DBuena%2DPark%2FAnaheim%2DRound%2DTrip%2DTheme%2DPark%2DTransfer%2DLEGOLAND%2DCalifornia%2Fd797%2D3457%5FB0046\" target=\"_blank\" rel=\"noopener\">Traslado de ida y vuelta al Parque Tem\u00e1tico de Anaheim: LEGOLAND\u00ae California<\/a><\/li>\n<li><a href=\"http:\/\/www.shareasale.com\/r.cfm?u=403568&amp;b=132440&amp;m=18208&amp;afftrack=losangeles&amp;urllink=www%2Eviator%2Ecom%2Ftours%2FSan%2DDiego%2FLEGOLAND%2DCalifornia%2Fd736%2D3618LEGO\" target=\"_blank\" rel=\"noopener\">LEGOLAND\u00ae California Pass<\/a><\/li>\n<li><a href=\"http:\/\/www.shareasale.com\/r.cfm?u=403568&amp;b=132440&amp;m=18208&amp;afftrack=losangeles&amp;urllink=www%2Eviator%2Ecom%2Ftours%2FAnaheim%2Dand%2DBuena%2DPark%2FLegoland%2DCalifornia%2Dwith%2DTransport%2Fd797%2D3457%5F13\">Legoland\u00ae California con transporte<\/a><\/li>\n<\/ul>\n","protected":false},"excerpt":{"rendered":"<p>Llamamiento a todos los legoman\u00edacos, j\u00f3venes y mayores: \u00a1hagan un viaje a&hellip;<\/p>\n","protected":false},"author":1,"featured_media":3727,"parent":3647,"menu_order":0,"comment_status":"closed","ping_status":"closed","template":"","meta":{"_monsterinsights_skip_tracking":false,"_monsterinsights_sitenote_active":false,"_monsterinsights_sitenote_note":"","_monsterinsights_sitenote_category":0,"footnotes":""},"class_list":["post-3730","page","type-page","status-publish","has-post-thumbnail","hentry"],"yoast_head":"<!-- This site is optimized with the Yoast SEO plugin v27.4 - https:\/\/yoast.com\/product\/yoast-seo-wordpress\/ -->\n<title>Legoland California - Los Angeles<\/title>\n<meta name=\"robots\" content=\"index, follow, max-snippet:-1, max-image-preview:large, max-video-preview:-1\" \/>\n<link rel=\"canonical\" href=\"https:\/\/www.losangeles.net.au\/es\/parques-tematicos\/legoland-california\/\" \/>\n<meta property=\"og:locale\" content=\"es_ES\" \/>\n<meta property=\"og:type\" content=\"article\" \/>\n<meta property=\"og:title\" content=\"Legoland California - Los Angeles\" \/>\n<meta property=\"og:description\" content=\"Llamamiento a todos los legoman\u00edacos, j\u00f3venes y mayores: \u00a1hagan un viaje a&hellip;\" \/>\n<meta property=\"og:url\" content=\"https:\/\/www.losangeles.net.au\/es\/parques-tematicos\/legoland-california\/\" \/>\n<meta property=\"og:site_name\" content=\"Los Angeles\" \/>\n<meta property=\"article:modified_time\" content=\"2024-01-09T22:22:10+00:00\" \/>\n<meta property=\"og:image\" content=\"https:\/\/www.losangeles.net.au\/wp-content\/uploads\/2024\/01\/emmets-house.png\" \/>\n\t<meta property=\"og:image:width\" content=\"609\" \/>\n\t<meta property=\"og:image:height\" content=\"464\" \/>\n\t<meta property=\"og:image:type\" content=\"image\/png\" \/>\n<meta name=\"twitter:card\" content=\"summary_large_image\" \/>\n<meta name=\"twitter:label1\" content=\"Tiempo de lectura\" \/>\n\t<meta name=\"twitter:data1\" content=\"3 minutos\" \/>\n<script type=\"application\/ld+json\" class=\"yoast-schema-graph\">{\"@context\":\"https:\\\/\\\/schema.org\",\"@graph\":[{\"@type\":\"WebPage\",\"@id\":\"https:\\\/\\\/www.losangeles.net.au\\\/es\\\/parques-tematicos\\\/legoland-california\\\/\",\"url\":\"https:\\\/\\\/www.losangeles.net.au\\\/es\\\/parques-tematicos\\\/legoland-california\\\/\",\"name\":\"Legoland California - Los Angeles\",\"isPartOf\":{\"@id\":\"https:\\\/\\\/www.losangeles.net.au\\\/es\\\/#website\"},\"primaryImageOfPage\":{\"@id\":\"https:\\\/\\\/www.losangeles.net.au\\\/es\\\/parques-tematicos\\\/legoland-california\\\/#primaryimage\"},\"image\":{\"@id\":\"https:\\\/\\\/www.losangeles.net.au\\\/es\\\/parques-tematicos\\\/legoland-california\\\/#primaryimage\"},\"thumbnailUrl\":\"https:\\\/\\\/www.losangeles.net.au\\\/wp-content\\\/uploads\\\/2024\\\/01\\\/emmets-house.png\",\"datePublished\":\"2024-01-09T22:19:52+00:00\",\"dateModified\":\"2024-01-09T22:22:10+00:00\",\"breadcrumb\":{\"@id\":\"https:\\\/\\\/www.losangeles.net.au\\\/es\\\/parques-tematicos\\\/legoland-california\\\/#breadcrumb\"},\"inLanguage\":\"es\",\"potentialAction\":[{\"@type\":\"ReadAction\",\"target\":[\"https:\\\/\\\/www.losangeles.net.au\\\/es\\\/parques-tematicos\\\/legoland-california\\\/\"]}]},{\"@type\":\"ImageObject\",\"inLanguage\":\"es\",\"@id\":\"https:\\\/\\\/www.losangeles.net.au\\\/es\\\/parques-tematicos\\\/legoland-california\\\/#primaryimage\",\"url\":\"https:\\\/\\\/www.losangeles.net.au\\\/wp-content\\\/uploads\\\/2024\\\/01\\\/emmets-house.png\",\"contentUrl\":\"https:\\\/\\\/www.losangeles.net.au\\\/wp-content\\\/uploads\\\/2024\\\/01\\\/emmets-house.png\",\"width\":609,\"height\":464},{\"@type\":\"BreadcrumbList\",\"@id\":\"https:\\\/\\\/www.losangeles.net.au\\\/es\\\/parques-tematicos\\\/legoland-california\\\/#breadcrumb\",\"itemListElement\":[{\"@type\":\"ListItem\",\"position\":1,\"name\":\"Home\",\"item\":\"https:\\\/\\\/www.losangeles.net.au\\\/es\\\/\"},{\"@type\":\"ListItem\",\"position\":2,\"name\":\"Parques tem\u00e1ticos\",\"item\":\"https:\\\/\\\/www.losangeles.net.au\\\/es\\\/parques-tematicos\\\/\"},{\"@type\":\"ListItem\",\"position\":3,\"name\":\"Legoland California\"}]},{\"@type\":\"WebSite\",\"@id\":\"https:\\\/\\\/www.losangeles.net.au\\\/es\\\/#website\",\"url\":\"https:\\\/\\\/www.losangeles.net.au\\\/es\\\/\",\"name\":\"Los Angeles\",\"description\":\"Los Angeles Theme Parks, Tours, Flights, LA Hotels &amp; Travel Deals\",\"potentialAction\":[{\"@type\":\"SearchAction\",\"target\":{\"@type\":\"EntryPoint\",\"urlTemplate\":\"https:\\\/\\\/www.losangeles.net.au\\\/es\\\/?s={search_term_string}\"},\"query-input\":{\"@type\":\"PropertyValueSpecification\",\"valueRequired\":true,\"valueName\":\"search_term_string\"}}],\"inLanguage\":\"es\"}]}<\/script>\n<!-- \/ Yoast SEO plugin. -->","yoast_head_json":{"title":"Legoland California - Los Angeles","robots":{"index":"index","follow":"follow","max-snippet":"max-snippet:-1","max-image-preview":"max-image-preview:large","max-video-preview":"max-video-preview:-1"},"canonical":"https:\/\/www.losangeles.net.au\/es\/parques-tematicos\/legoland-california\/","og_locale":"es_ES","og_type":"article","og_title":"Legoland California - Los Angeles","og_description":"Llamamiento a todos los legoman\u00edacos, j\u00f3venes y mayores: \u00a1hagan un viaje a&hellip;","og_url":"https:\/\/www.losangeles.net.au\/es\/parques-tematicos\/legoland-california\/","og_site_name":"Los Angeles","article_modified_time":"2024-01-09T22:22:10+00:00","og_image":[{"width":609,"height":464,"url":"https:\/\/www.losangeles.net.au\/wp-content\/uploads\/2024\/01\/emmets-house.png","type":"image\/png"}],"twitter_card":"summary_large_image","twitter_misc":{"Tiempo de lectura":"3 minutos"},"schema":{"@context":"https:\/\/schema.org","@graph":[{"@type":"WebPage","@id":"https:\/\/www.losangeles.net.au\/es\/parques-tematicos\/legoland-california\/","url":"https:\/\/www.losangeles.net.au\/es\/parques-tematicos\/legoland-california\/","name":"Legoland California - Los Angeles","isPartOf":{"@id":"https:\/\/www.losangeles.net.au\/es\/#website"},"primaryImageOfPage":{"@id":"https:\/\/www.losangeles.net.au\/es\/parques-tematicos\/legoland-california\/#primaryimage"},"image":{"@id":"https:\/\/www.losangeles.net.au\/es\/parques-tematicos\/legoland-california\/#primaryimage"},"thumbnailUrl":"https:\/\/www.losangeles.net.au\/wp-content\/uploads\/2024\/01\/emmets-house.png","datePublished":"2024-01-09T22:19:52+00:00","dateModified":"2024-01-09T22:22:10+00:00","breadcrumb":{"@id":"https:\/\/www.losangeles.net.au\/es\/parques-tematicos\/legoland-california\/#breadcrumb"},"inLanguage":"es","potentialAction":[{"@type":"ReadAction","target":["https:\/\/www.losangeles.net.au\/es\/parques-tematicos\/legoland-california\/"]}]},{"@type":"ImageObject","inLanguage":"es","@id":"https:\/\/www.losangeles.net.au\/es\/parques-tematicos\/legoland-california\/#primaryimage","url":"https:\/\/www.losangeles.net.au\/wp-content\/uploads\/2024\/01\/emmets-house.png","contentUrl":"https:\/\/www.losangeles.net.au\/wp-content\/uploads\/2024\/01\/emmets-house.png","width":609,"height":464},{"@type":"BreadcrumbList","@id":"https:\/\/www.losangeles.net.au\/es\/parques-tematicos\/legoland-california\/#breadcrumb","itemListElement":[{"@type":"ListItem","position":1,"name":"Home","item":"https:\/\/www.losangeles.net.au\/es\/"},{"@type":"ListItem","position":2,"name":"Parques tem\u00e1ticos","item":"https:\/\/www.losangeles.net.au\/es\/parques-tematicos\/"},{"@type":"ListItem","position":3,"name":"Legoland California"}]},{"@type":"WebSite","@id":"https:\/\/www.losangeles.net.au\/es\/#website","url":"https:\/\/www.losangeles.net.au\/es\/","name":"Los Angeles","description":"Los Angeles Theme Parks, Tours, Flights, LA Hotels &amp; Travel Deals","potentialAction":[{"@type":"SearchAction","target":{"@type":"EntryPoint","urlTemplate":"https:\/\/www.losangeles.net.au\/es\/?s={search_term_string}"},"query-input":{"@type":"PropertyValueSpecification","valueRequired":true,"valueName":"search_term_string"}}],"inLanguage":"es"}]}},"_links":{"self":[{"href":"https:\/\/www.losangeles.net.au\/es\/wp-json\/wp\/v2\/pages\/3730","targetHints":{"allow":["GET"]}}],"collection":[{"href":"https:\/\/www.losangeles.net.au\/es\/wp-json\/wp\/v2\/pages"}],"about":[{"href":"https:\/\/www.losangeles.net.au\/es\/wp-json\/wp\/v2\/types\/page"}],"author":[{"embeddable":true,"href":"https:\/\/www.losangeles.net.au\/es\/wp-json\/wp\/v2\/users\/1"}],"replies":[{"embeddable":true,"href":"https:\/\/www.losangeles.net.au\/es\/wp-json\/wp\/v2\/comments?post=3730"}],"version-history":[{"count":0,"href":"https:\/\/www.losangeles.net.au\/es\/wp-json\/wp\/v2\/pages\/3730\/revisions"}],"up":[{"embeddable":true,"href":"https:\/\/www.losangeles.net.au\/es\/wp-json\/wp\/v2\/pages\/3647"}],"wp:featuredmedia":[{"embeddable":true,"href":"https:\/\/www.losangeles.net.au\/es\/wp-json\/wp\/v2\/media\/3727"}],"wp:attachment":[{"href":"https:\/\/www.losangeles.net.au\/es\/wp-json\/wp\/v2\/media?parent=3730"}],"curies":[{"name":"wp","href":"https:\/\/api.w.org\/{rel}","templated":true}]}}