{"id":3696,"date":"2012-10-13T12:16:51","date_gmt":"2012-10-13T01:16:51","guid":{"rendered":"https:\/\/www.losangeles.net.au\/parques-tematicos\/parque-del-pacifico\/"},"modified":"2024-01-10T09:15:54","modified_gmt":"2024-01-09T22:15:54","slug":"parque-del-pacifico","status":"publish","type":"page","link":"https:\/\/www.losangeles.net.au\/es\/parques-tematicos\/parque-del-pacifico\/","title":{"rendered":"Parque del Pac\u00edfico"},"content":{"rendered":"<p>Pacific Park es una de las principales atracciones tur\u00edsticas del sur de California, y tambi\u00e9n el \u00fanico parque de atracciones en un muelle de la costa oeste de Estados Unidos. Las atracciones de Pacific Park incluyen doce emocionantes atracciones de parque tem\u00e1tico, adem\u00e1s de una selecci\u00f3n de juegos, tiendas y puestos de comida.<\/p>\n<p>El parque est\u00e1 situado en el muelle de Santa M\u00f3nica, a pocos minutos del centro de la ciudad, y con una fant\u00e1stica vista sobre la ciudad y el oc\u00e9ano Pac\u00edfico. El propio muelle es un monumento de California, ya que se construy\u00f3 hace m\u00e1s de 100 a\u00f1os. Desde el principio fue un destino tur\u00edstico popular, y desde la apertura de Pacific Park en 1996 atrae a m\u00e1s visitantes que nunca.<\/p>\n<p>Las atracciones de Pacific Park est\u00e1n pensadas para familias, y algunas de las m\u00e1s populares son la noria Pacific Wheel, el barco pirata Sea Dragon, que se balancea, y la monta\u00f1a rusa West Coaster, que rodea todo el per\u00edmetro del parque. Para los m\u00e1s peque\u00f1os, hay atracciones infantiles, como una versi\u00f3n en miniatura del Sea Dragon, llamada Ship Ahoy, y la torre saltarina Frog Hopper, de tem\u00e1tica anfibia.<\/p>\n<p>Las entradas para las atracciones cuestan entre 3 y 5 d\u00f3lares, o bien puede adquirir una pulsera de acceso ilimitado por 22,95 d\u00f3lares. El parque abre de mayo a septiembre todos los a\u00f1os, y en los meses de verano permanece abierto hasta las 12.30 de la ma\u00f1ana los fines de semana, para atender a los amantes de las emociones fuertes de m\u00e1s edad. Si las atracciones de los parques tem\u00e1ticos no son lo suyo, a\u00fan hay mucho que hacer en Pacific Park. Hay una gran variedad de juegos, entre ellos muchos cl\u00e1sicos de los parques de atracciones, como Wac-A-Mole y Break A Plate, en los que tendr\u00e1s la oportunidad de ganar premios como peluches y juguetes hinchables.<\/p>\n<p>Si le entra hambre durante su visita a Pacific Park, puede elegir entre una gran variedad de establecimientos de comida, incluidos nombres tan conocidos como Pizza Hut y Taco Bell. Adem\u00e1s, por supuesto, podr\u00e1 degustar todas las delicias tradicionales de los parques de atracciones, como cucuruchos de helado, algod\u00f3n de az\u00facar, hamburguesas y perritos calientes. En el parque tambi\u00e9n podr\u00e1 comprar recuerdos y regalos para sus amigos y familiares, como camisetas, joyas e incluso piedras de la playa de Santa M\u00f3nica.<\/p>\n<p><span style=\"text-decoration: underline;\">Recorridos y precios<\/span><\/p>\n<ul>\n<li>Rueda y comida a partir de 15<\/li>\n<li>Pulsera para viajes ilimitados desde 21<\/li>\n<li>Diversi\u00f3n y comida a partir de 31<\/li>\n<li>Diversi\u00f3n al m\u00e1ximo Oferta desde 35<\/li>\n<\/ul>\n<p>Si est\u00e1 impaciente por conocer Pacific Park y el muelle de Santa M\u00f3nica, haga clic aqu\u00ed para reservar sus entradas en l\u00ednea ahora mismo. Incluso obtendr\u00e1 un descuento sobre la tarifa completa si compra nuestras entradas para <a href=\"http:\/\/www.shareasale.com\/r.cfm?u=403568&amp;b=132440&amp;m=18208&amp;afftrack=losangeles&amp;urllink=www%2Eviator%2Ecom%2Ftours%2FLos%2DAngeles%2FTicket%2Dto%2DPacific%2DPark%2Don%2Dthe%2DSanta%2DMonica%2DPier%2Fd645%2D5612PP\" target=\"_blank\" rel=\"noopener\">Pacific Park, en el muelle de Santa M\u00f3nica<\/a>.<\/p>\n","protected":false},"excerpt":{"rendered":"<p>Pacific Park es una de las principales atracciones tur\u00edsticas del sur de&hellip;<\/p>\n","protected":false},"author":1,"featured_media":0,"parent":3647,"menu_order":0,"comment_status":"closed","ping_status":"closed","template":"","meta":{"_monsterinsights_skip_tracking":false,"_monsterinsights_sitenote_active":false,"_monsterinsights_sitenote_note":"","_monsterinsights_sitenote_category":0,"footnotes":""},"class_list":["post-3696","page","type-page","status-publish","hentry"],"yoast_head":"<!-- This site is optimized with the Yoast SEO plugin v27.6 - https:\/\/yoast.com\/product\/yoast-seo-wordpress\/ -->\n<title>Parque del Pac\u00edfico - Los Angeles<\/title>\n<meta name=\"robots\" content=\"index, follow, max-snippet:-1, max-image-preview:large, max-video-preview:-1\" \/>\n<link rel=\"canonical\" href=\"https:\/\/www.losangeles.net.au\/es\/parques-tematicos\/parque-del-pacifico\/\" \/>\n<meta property=\"og:locale\" content=\"es_ES\" \/>\n<meta property=\"og:type\" content=\"article\" \/>\n<meta property=\"og:title\" content=\"Parque del Pac\u00edfico - Los Angeles\" \/>\n<meta property=\"og:description\" content=\"Pacific Park es una de las principales atracciones tur\u00edsticas del sur de&hellip;\" \/>\n<meta property=\"og:url\" content=\"https:\/\/www.losangeles.net.au\/es\/parques-tematicos\/parque-del-pacifico\/\" \/>\n<meta property=\"og:site_name\" content=\"Los Angeles\" \/>\n<meta property=\"article:modified_time\" content=\"2024-01-09T22:15:54+00:00\" \/>\n<meta name=\"twitter:card\" content=\"summary_large_image\" \/>\n<meta name=\"twitter:label1\" content=\"Tiempo de lectura\" \/>\n\t<meta name=\"twitter:data1\" content=\"2 minutos\" \/>\n<script type=\"application\/ld+json\" class=\"yoast-schema-graph\">{\"@context\":\"https:\\\/\\\/schema.org\",\"@graph\":[{\"@type\":\"WebPage\",\"@id\":\"https:\\\/\\\/www.losangeles.net.au\\\/es\\\/parques-tematicos\\\/parque-del-pacifico\\\/\",\"url\":\"https:\\\/\\\/www.losangeles.net.au\\\/es\\\/parques-tematicos\\\/parque-del-pacifico\\\/\",\"name\":\"Parque del Pac\u00edfico - Los Angeles\",\"isPartOf\":{\"@id\":\"https:\\\/\\\/www.losangeles.net.au\\\/es\\\/#website\"},\"datePublished\":\"2012-10-13T01:16:51+00:00\",\"dateModified\":\"2024-01-09T22:15:54+00:00\",\"breadcrumb\":{\"@id\":\"https:\\\/\\\/www.losangeles.net.au\\\/es\\\/parques-tematicos\\\/parque-del-pacifico\\\/#breadcrumb\"},\"inLanguage\":\"es\",\"potentialAction\":[{\"@type\":\"ReadAction\",\"target\":[\"https:\\\/\\\/www.losangeles.net.au\\\/es\\\/parques-tematicos\\\/parque-del-pacifico\\\/\"]}]},{\"@type\":\"BreadcrumbList\",\"@id\":\"https:\\\/\\\/www.losangeles.net.au\\\/es\\\/parques-tematicos\\\/parque-del-pacifico\\\/#breadcrumb\",\"itemListElement\":[{\"@type\":\"ListItem\",\"position\":1,\"name\":\"Home\",\"item\":\"https:\\\/\\\/www.losangeles.net.au\\\/es\\\/\"},{\"@type\":\"ListItem\",\"position\":2,\"name\":\"Parques tem\u00e1ticos\",\"item\":\"https:\\\/\\\/www.losangeles.net.au\\\/es\\\/parques-tematicos\\\/\"},{\"@type\":\"ListItem\",\"position\":3,\"name\":\"Parque del Pac\u00edfico\"}]},{\"@type\":\"WebSite\",\"@id\":\"https:\\\/\\\/www.losangeles.net.au\\\/es\\\/#website\",\"url\":\"https:\\\/\\\/www.losangeles.net.au\\\/es\\\/\",\"name\":\"Los Angeles\",\"description\":\"Los Angeles Theme Parks, Tours, Flights, LA Hotels &amp; Travel Deals\",\"potentialAction\":[{\"@type\":\"SearchAction\",\"target\":{\"@type\":\"EntryPoint\",\"urlTemplate\":\"https:\\\/\\\/www.losangeles.net.au\\\/es\\\/?s={search_term_string}\"},\"query-input\":{\"@type\":\"PropertyValueSpecification\",\"valueRequired\":true,\"valueName\":\"search_term_string\"}}],\"inLanguage\":\"es\"}]}<\/script>\n<!-- \/ Yoast SEO plugin. -->","yoast_head_json":{"title":"Parque del Pac\u00edfico - Los Angeles","robots":{"index":"index","follow":"follow","max-snippet":"max-snippet:-1","max-image-preview":"max-image-preview:large","max-video-preview":"max-video-preview:-1"},"canonical":"https:\/\/www.losangeles.net.au\/es\/parques-tematicos\/parque-del-pacifico\/","og_locale":"es_ES","og_type":"article","og_title":"Parque del Pac\u00edfico - Los Angeles","og_description":"Pacific Park es una de las principales atracciones tur\u00edsticas del sur de&hellip;","og_url":"https:\/\/www.losangeles.net.au\/es\/parques-tematicos\/parque-del-pacifico\/","og_site_name":"Los Angeles","article_modified_time":"2024-01-09T22:15:54+00:00","twitter_card":"summary_large_image","twitter_misc":{"Tiempo de lectura":"2 minutos"},"schema":{"@context":"https:\/\/schema.org","@graph":[{"@type":"WebPage","@id":"https:\/\/www.losangeles.net.au\/es\/parques-tematicos\/parque-del-pacifico\/","url":"https:\/\/www.losangeles.net.au\/es\/parques-tematicos\/parque-del-pacifico\/","name":"Parque del Pac\u00edfico - Los Angeles","isPartOf":{"@id":"https:\/\/www.losangeles.net.au\/es\/#website"},"datePublished":"2012-10-13T01:16:51+00:00","dateModified":"2024-01-09T22:15:54+00:00","breadcrumb":{"@id":"https:\/\/www.losangeles.net.au\/es\/parques-tematicos\/parque-del-pacifico\/#breadcrumb"},"inLanguage":"es","potentialAction":[{"@type":"ReadAction","target":["https:\/\/www.losangeles.net.au\/es\/parques-tematicos\/parque-del-pacifico\/"]}]},{"@type":"BreadcrumbList","@id":"https:\/\/www.losangeles.net.au\/es\/parques-tematicos\/parque-del-pacifico\/#breadcrumb","itemListElement":[{"@type":"ListItem","position":1,"name":"Home","item":"https:\/\/www.losangeles.net.au\/es\/"},{"@type":"ListItem","position":2,"name":"Parques tem\u00e1ticos","item":"https:\/\/www.losangeles.net.au\/es\/parques-tematicos\/"},{"@type":"ListItem","position":3,"name":"Parque del Pac\u00edfico"}]},{"@type":"WebSite","@id":"https:\/\/www.losangeles.net.au\/es\/#website","url":"https:\/\/www.losangeles.net.au\/es\/","name":"Los Angeles","description":"Los Angeles Theme Parks, Tours, Flights, LA Hotels &amp; Travel Deals","potentialAction":[{"@type":"SearchAction","target":{"@type":"EntryPoint","urlTemplate":"https:\/\/www.losangeles.net.au\/es\/?s={search_term_string}"},"query-input":{"@type":"PropertyValueSpecification","valueRequired":true,"valueName":"search_term_string"}}],"inLanguage":"es"}]}},"_links":{"self":[{"href":"https:\/\/www.losangeles.net.au\/es\/wp-json\/wp\/v2\/pages\/3696","targetHints":{"allow":["GET"]}}],"collection":[{"href":"https:\/\/www.losangeles.net.au\/es\/wp-json\/wp\/v2\/pages"}],"about":[{"href":"https:\/\/www.losangeles.net.au\/es\/wp-json\/wp\/v2\/types\/page"}],"author":[{"embeddable":true,"href":"https:\/\/www.losangeles.net.au\/es\/wp-json\/wp\/v2\/users\/1"}],"replies":[{"embeddable":true,"href":"https:\/\/www.losangeles.net.au\/es\/wp-json\/wp\/v2\/comments?post=3696"}],"version-history":[{"count":0,"href":"https:\/\/www.losangeles.net.au\/es\/wp-json\/wp\/v2\/pages\/3696\/revisions"}],"up":[{"embeddable":true,"href":"https:\/\/www.losangeles.net.au\/es\/wp-json\/wp\/v2\/pages\/3647"}],"wp:attachment":[{"href":"https:\/\/www.losangeles.net.au\/es\/wp-json\/wp\/v2\/media?parent=3696"}],"curies":[{"name":"wp","href":"https:\/\/api.w.org\/{rel}","templated":true}]}}