{"id":3672,"date":"2024-07-02T13:39:31","date_gmt":"2024-07-02T03:39:31","guid":{"rendered":"https:\/\/www.losangeles.net.au\/magic-castle-hotel-hollywood\/"},"modified":"2015-10-14T11:47:47","modified_gmt":"2015-10-14T00:47:47","slug":"magic-castle-hotel-hollywood","status":"publish","type":"page","link":"https:\/\/www.losangeles.net.au\/es\/magic-castle-hotel-hollywood\/","title":{"rendered":"Magic Castle Hotel Hollywood"},"content":{"rendered":"<p>El Magic Castle Hotel Hollywood ofrece una experiencia galardonada y de lujo para la familia de vacaciones o el hombre de negocios que busca intimidad.<\/p>\n<p>Situado en el 7025 de Franklin Avenue, en Los \u00c1ngeles, California, el Magic Castle Hotel Hollywood cuenta con edificios de 3 plantas que rodean una piscina al aire libre. Las 43 habitaciones ofrecen como opciones habitaci\u00f3n individual y suites de uno o dos dormitorios. Apta para 1 \u00f3 2 personas, la habitaci\u00f3n individual tiene una cama tama\u00f1o Queen con escritorio, caja fuerte, mininevera y cafetera. La suite de un dormitorio tiene 2 camas o una cama tama\u00f1o King en el dormitorio junto con una cama plegable en la sala de estar. Una cocina completa y un comedor, junto con dos televisores, hacen que la experiencia sea similar a la de un apartamento. La suite de dos dormitorios a\u00f1ade un dormitorio adicional con una cama tama\u00f1o Queen y televisi\u00f3n para alojar c\u00f3modamente hasta 6 personas.<\/p>\n<p>Todas las habitaciones disponen de conexi\u00f3n Wi-Fi gratuita y desayuno continental con caf\u00e9 Wolfgang Puck y productos reci\u00e9n horneados de Susina Bakery. Los televisores incluyen Showtime, Starz y HBO a la carta, adem\u00e1s de las cadenas habituales. Pantuflas y albornoces para todos, incluidos los ni\u00f1os, har\u00e1n que todos disfruten en el regazo del lujo. Los ni\u00f1os menores de 12 a\u00f1os se alojan gratis si acompa\u00f1an a su madre, padre o tutor. Hay cunas para beb\u00e9s disponibles previa petici\u00f3n.<\/p>\n<p>El bar de aperitivos gratuito est\u00e1 abierto todo el d\u00eda, todos los d\u00edas. A los ni\u00f1os les encantar\u00e1n los refrescos, los caramelos y todas las golosinas que puedan tomar. Adem\u00e1s, es una zona privilegiada para conocer a otros hu\u00e9spedes y entablar conversaciones.<\/p>\n<p>A cuatro manzanas hay un gimnasio para uso de los hu\u00e9spedes del hotel sin cargo adicional. Las m\u00e1quinas cardiovasculares y de resistencia, junto con los pesos libres, est\u00e1n ah\u00ed para hacer sudar la gota gorda. El parque Runyon Canyon est\u00e1 a 800 metros del hotel, con rutas de senderismo y bonitas vistas de la ciudad. A cinco kil\u00f3metros est\u00e1 el parque Griffith, con campo de golf, pistas de tenis, ciclismo, equitaci\u00f3n y picnic.<\/p>\n<p>El Magic Castle Club, adyacente al hotel, ofrece espect\u00e1culos de magia nocturnos con cena en los que participan los mejores magos que ofrece Los \u00c1ngeles. Se requiere reserva y chaqueta y corbata para los hombres.<\/p>\n<p>El Paseo de la Fama de Hollywood est\u00e1 a una manzana del hotel y a un corto salto en metro se encuentran los Estudios Universal. El famoso Teatro Chino y el Museo de Cera de Madame Tussaud tambi\u00e9n est\u00e1n a una manzana. El cercano restaurante Yamashiro tiene una estupenda comida asi\u00e1tica con unas vistas fabulosas y el edificio es una r\u00e9plica de un palacio de Kioto.<\/p>\n<p>El Magic Castle Hotel Hollywood cuenta con un personal de primera que se encargar\u00e1 de que su visita est\u00e9 llena de diversi\u00f3n y comodidad. Los recuerdos que te llevar\u00e1s a casa durar\u00e1n toda la vida.<\/p>\n<p><script type=\"text\/javascript\" src=\"https:\/\/www.hotelscombined.com\/SearchBox\/307074?hotelID=0\"><\/script><\/p>\n","protected":false},"excerpt":{"rendered":"<p>El Magic Castle Hotel Hollywood ofrece una experiencia galardonada y de lujo&hellip;<\/p>\n","protected":false},"author":1,"featured_media":2437,"parent":0,"menu_order":0,"comment_status":"closed","ping_status":"closed","template":"","meta":{"_monsterinsights_skip_tracking":false,"_monsterinsights_sitenote_active":false,"_monsterinsights_sitenote_note":"","_monsterinsights_sitenote_category":0,"footnotes":""},"class_list":["post-3672","page","type-page","status-publish","has-post-thumbnail","hentry"],"yoast_head":"<!-- This site is optimized with the Yoast SEO plugin v27.5 - https:\/\/yoast.com\/product\/yoast-seo-wordpress\/ -->\n<title>Magic Castle Hotel Hollywood - Los Angeles<\/title>\n<meta name=\"description\" content=\"El Magic Castle Hotel Hollywood ofrece una experiencia galardonada y de lujo para la familia de vacaciones o el hombre de negocios que busca intimidad.\" \/>\n<meta name=\"robots\" content=\"index, follow, max-snippet:-1, max-image-preview:large, max-video-preview:-1\" \/>\n<link rel=\"canonical\" href=\"https:\/\/www.losangeles.net.au\/es\/magic-castle-hotel-hollywood\/\" \/>\n<meta property=\"og:locale\" content=\"es_ES\" \/>\n<meta property=\"og:type\" content=\"article\" \/>\n<meta property=\"og:title\" content=\"Magic Castle Hotel Hollywood - Los Angeles\" \/>\n<meta property=\"og:description\" content=\"El Magic Castle Hotel Hollywood ofrece una experiencia galardonada y de lujo para la familia de vacaciones o el hombre de negocios que busca intimidad.\" \/>\n<meta property=\"og:url\" content=\"https:\/\/www.losangeles.net.au\/es\/magic-castle-hotel-hollywood\/\" \/>\n<meta property=\"og:site_name\" content=\"Los Angeles\" \/>\n<meta property=\"og:image\" content=\"https:\/\/www.losangeles.net.au\/wp-content\/uploads\/2015\/10\/main_gfx_3.jpg\" \/>\n\t<meta property=\"og:image:width\" content=\"960\" \/>\n\t<meta property=\"og:image:height\" content=\"379\" \/>\n\t<meta property=\"og:image:type\" content=\"image\/jpeg\" \/>\n<meta name=\"twitter:card\" content=\"summary_large_image\" \/>\n<meta name=\"twitter:label1\" content=\"Tiempo de lectura\" \/>\n\t<meta name=\"twitter:data1\" content=\"3 minutos\" \/>\n<script type=\"application\/ld+json\" class=\"yoast-schema-graph\">{\"@context\":\"https:\\\/\\\/schema.org\",\"@graph\":[{\"@type\":\"WebPage\",\"@id\":\"https:\\\/\\\/www.losangeles.net.au\\\/es\\\/magic-castle-hotel-hollywood\\\/\",\"url\":\"https:\\\/\\\/www.losangeles.net.au\\\/es\\\/magic-castle-hotel-hollywood\\\/\",\"name\":\"Magic Castle Hotel Hollywood - Los Angeles\",\"isPartOf\":{\"@id\":\"https:\\\/\\\/www.losangeles.net.au\\\/es\\\/#website\"},\"primaryImageOfPage\":{\"@id\":\"https:\\\/\\\/www.losangeles.net.au\\\/es\\\/magic-castle-hotel-hollywood\\\/#primaryimage\"},\"image\":{\"@id\":\"https:\\\/\\\/www.losangeles.net.au\\\/es\\\/magic-castle-hotel-hollywood\\\/#primaryimage\"},\"thumbnailUrl\":\"https:\\\/\\\/www.losangeles.net.au\\\/wp-content\\\/uploads\\\/2015\\\/10\\\/main_gfx_3.jpg\",\"datePublished\":\"2024-07-02T03:39:31+00:00\",\"description\":\"El Magic Castle Hotel Hollywood ofrece una experiencia galardonada y de lujo para la familia de vacaciones o el hombre de negocios que busca intimidad.\",\"breadcrumb\":{\"@id\":\"https:\\\/\\\/www.losangeles.net.au\\\/es\\\/magic-castle-hotel-hollywood\\\/#breadcrumb\"},\"inLanguage\":\"es\",\"potentialAction\":[{\"@type\":\"ReadAction\",\"target\":[\"https:\\\/\\\/www.losangeles.net.au\\\/es\\\/magic-castle-hotel-hollywood\\\/\"]}]},{\"@type\":\"ImageObject\",\"inLanguage\":\"es\",\"@id\":\"https:\\\/\\\/www.losangeles.net.au\\\/es\\\/magic-castle-hotel-hollywood\\\/#primaryimage\",\"url\":\"https:\\\/\\\/www.losangeles.net.au\\\/wp-content\\\/uploads\\\/2015\\\/10\\\/main_gfx_3.jpg\",\"contentUrl\":\"https:\\\/\\\/www.losangeles.net.au\\\/wp-content\\\/uploads\\\/2015\\\/10\\\/main_gfx_3.jpg\",\"width\":960,\"height\":379,\"caption\":\"Magic Castle Hotel Hollywood\"},{\"@type\":\"BreadcrumbList\",\"@id\":\"https:\\\/\\\/www.losangeles.net.au\\\/es\\\/magic-castle-hotel-hollywood\\\/#breadcrumb\",\"itemListElement\":[{\"@type\":\"ListItem\",\"position\":1,\"name\":\"Home\",\"item\":\"https:\\\/\\\/www.losangeles.net.au\\\/es\\\/\"},{\"@type\":\"ListItem\",\"position\":2,\"name\":\"Magic Castle Hotel Hollywood\"}]},{\"@type\":\"WebSite\",\"@id\":\"https:\\\/\\\/www.losangeles.net.au\\\/es\\\/#website\",\"url\":\"https:\\\/\\\/www.losangeles.net.au\\\/es\\\/\",\"name\":\"Los Angeles\",\"description\":\"Los Angeles Theme Parks, Tours, Flights, LA Hotels &amp; Travel Deals\",\"potentialAction\":[{\"@type\":\"SearchAction\",\"target\":{\"@type\":\"EntryPoint\",\"urlTemplate\":\"https:\\\/\\\/www.losangeles.net.au\\\/es\\\/?s={search_term_string}\"},\"query-input\":{\"@type\":\"PropertyValueSpecification\",\"valueRequired\":true,\"valueName\":\"search_term_string\"}}],\"inLanguage\":\"es\"}]}<\/script>\n<!-- \/ Yoast SEO plugin. -->","yoast_head_json":{"title":"Magic Castle Hotel Hollywood - Los Angeles","description":"El Magic Castle Hotel Hollywood ofrece una experiencia galardonada y de lujo para la familia de vacaciones o el hombre de negocios que busca intimidad.","robots":{"index":"index","follow":"follow","max-snippet":"max-snippet:-1","max-image-preview":"max-image-preview:large","max-video-preview":"max-video-preview:-1"},"canonical":"https:\/\/www.losangeles.net.au\/es\/magic-castle-hotel-hollywood\/","og_locale":"es_ES","og_type":"article","og_title":"Magic Castle Hotel Hollywood - Los Angeles","og_description":"El Magic Castle Hotel Hollywood ofrece una experiencia galardonada y de lujo para la familia de vacaciones o el hombre de negocios que busca intimidad.","og_url":"https:\/\/www.losangeles.net.au\/es\/magic-castle-hotel-hollywood\/","og_site_name":"Los Angeles","og_image":[{"width":960,"height":379,"url":"https:\/\/www.losangeles.net.au\/wp-content\/uploads\/2015\/10\/main_gfx_3.jpg","type":"image\/jpeg"}],"twitter_card":"summary_large_image","twitter_misc":{"Tiempo de lectura":"3 minutos"},"schema":{"@context":"https:\/\/schema.org","@graph":[{"@type":"WebPage","@id":"https:\/\/www.losangeles.net.au\/es\/magic-castle-hotel-hollywood\/","url":"https:\/\/www.losangeles.net.au\/es\/magic-castle-hotel-hollywood\/","name":"Magic Castle Hotel Hollywood - Los Angeles","isPartOf":{"@id":"https:\/\/www.losangeles.net.au\/es\/#website"},"primaryImageOfPage":{"@id":"https:\/\/www.losangeles.net.au\/es\/magic-castle-hotel-hollywood\/#primaryimage"},"image":{"@id":"https:\/\/www.losangeles.net.au\/es\/magic-castle-hotel-hollywood\/#primaryimage"},"thumbnailUrl":"https:\/\/www.losangeles.net.au\/wp-content\/uploads\/2015\/10\/main_gfx_3.jpg","datePublished":"2024-07-02T03:39:31+00:00","description":"El Magic Castle Hotel Hollywood ofrece una experiencia galardonada y de lujo para la familia de vacaciones o el hombre de negocios que busca intimidad.","breadcrumb":{"@id":"https:\/\/www.losangeles.net.au\/es\/magic-castle-hotel-hollywood\/#breadcrumb"},"inLanguage":"es","potentialAction":[{"@type":"ReadAction","target":["https:\/\/www.losangeles.net.au\/es\/magic-castle-hotel-hollywood\/"]}]},{"@type":"ImageObject","inLanguage":"es","@id":"https:\/\/www.losangeles.net.au\/es\/magic-castle-hotel-hollywood\/#primaryimage","url":"https:\/\/www.losangeles.net.au\/wp-content\/uploads\/2015\/10\/main_gfx_3.jpg","contentUrl":"https:\/\/www.losangeles.net.au\/wp-content\/uploads\/2015\/10\/main_gfx_3.jpg","width":960,"height":379,"caption":"Magic Castle Hotel Hollywood"},{"@type":"BreadcrumbList","@id":"https:\/\/www.losangeles.net.au\/es\/magic-castle-hotel-hollywood\/#breadcrumb","itemListElement":[{"@type":"ListItem","position":1,"name":"Home","item":"https:\/\/www.losangeles.net.au\/es\/"},{"@type":"ListItem","position":2,"name":"Magic Castle Hotel Hollywood"}]},{"@type":"WebSite","@id":"https:\/\/www.losangeles.net.au\/es\/#website","url":"https:\/\/www.losangeles.net.au\/es\/","name":"Los Angeles","description":"Los Angeles Theme Parks, Tours, Flights, LA Hotels &amp; Travel Deals","potentialAction":[{"@type":"SearchAction","target":{"@type":"EntryPoint","urlTemplate":"https:\/\/www.losangeles.net.au\/es\/?s={search_term_string}"},"query-input":{"@type":"PropertyValueSpecification","valueRequired":true,"valueName":"search_term_string"}}],"inLanguage":"es"}]}},"_links":{"self":[{"href":"https:\/\/www.losangeles.net.au\/es\/wp-json\/wp\/v2\/pages\/3672","targetHints":{"allow":["GET"]}}],"collection":[{"href":"https:\/\/www.losangeles.net.au\/es\/wp-json\/wp\/v2\/pages"}],"about":[{"href":"https:\/\/www.losangeles.net.au\/es\/wp-json\/wp\/v2\/types\/page"}],"author":[{"embeddable":true,"href":"https:\/\/www.losangeles.net.au\/es\/wp-json\/wp\/v2\/users\/1"}],"replies":[{"embeddable":true,"href":"https:\/\/www.losangeles.net.au\/es\/wp-json\/wp\/v2\/comments?post=3672"}],"version-history":[{"count":0,"href":"https:\/\/www.losangeles.net.au\/es\/wp-json\/wp\/v2\/pages\/3672\/revisions"}],"wp:featuredmedia":[{"embeddable":true,"href":"https:\/\/www.losangeles.net.au\/es\/wp-json\/wp\/v2\/media\/2437"}],"wp:attachment":[{"href":"https:\/\/www.losangeles.net.au\/es\/wp-json\/wp\/v2\/media?parent=3672"}],"curies":[{"name":"wp","href":"https:\/\/api.w.org\/{rel}","templated":true}]}}