{"id":3665,"date":"2024-07-02T13:37:59","date_gmt":"2024-07-02T03:37:59","guid":{"rendered":"https:\/\/www.losangeles.net.au\/sheraton-gateway-hotel-lax\/"},"modified":"2015-10-14T11:47:39","modified_gmt":"2015-10-14T00:47:39","slug":"sheraton-gateway-hotel-lax","status":"publish","type":"page","link":"https:\/\/www.losangeles.net.au\/es\/sheraton-gateway-hotel-lax\/","title":{"rendered":"Sheraton Gateway Hotel LAX"},"content":{"rendered":"<p>El Sheraton Gateway Hotel es una soluci\u00f3n integral para viajeros de negocios y familias que valoran tanto la comodidad como la productividad, sin hacer concesiones. Situado a pocos pasos del aeropuerto de Los \u00c1ngeles y dotado de habitaciones c\u00f3modas y elegantes y de un sinf\u00edn de servicios, este hotel casi toma las decisiones de su viaje por usted.<\/p>\n<p>Siguiendo la tradici\u00f3n Sheraton, este hotel equilibra confort, elegancia y practicidad. Un servicio gratuito de enlace con el aeropuerto las 24 horas se encargar\u00e1 de que no falte a sus citas, mientras que el aparcamiento de autoservicio y el servicio de aparcacoches ofrecen una c\u00f3moda opci\u00f3n para todos los viajeros. Nada m\u00e1s entrar en el hotel, su amable personal atender\u00e1 todas sus necesidades y le indicar\u00e1 c\u00f3mo llegar a sus modernas salas de conferencias y eventos, un \u00e9xito para clientes corporativos y del sector p\u00fablico.<\/p>\n<p>El Sheraton Gateway Hotel ofrece 802 espaciosas habitaciones para satisfacer las necesidades de cualquier viajero.<br \/>\nLa Habitaci\u00f3n Tradicional, con capacidad para cuatro personas, cuenta con dos camas Sheraton Sweet Sleeper, que har\u00e1n las delicias tanto de los viajeros de negocios como de los ni\u00f1os m\u00e1s revoltosos. La habitaci\u00f3n tambi\u00e9n incluye un gran televisor LCD de 37 pulgadas y un escritorio de gran tama\u00f1o.<\/p>\n<p>Las habitaciones Club Level de Sheraton ofrecen una experiencia refinada para aquellos que desean m\u00e1s comodidad y estilo. Las habitaciones Club Level tambi\u00e9n incluyen acceso al Sheraton Club Lounge, que ofrece un desayuno diario gratuito, acceso a un asistente de negocios profesional y disponibilidad de ordenadores e impresoras gratuitas.<\/p>\n<p>La Suite Ejecutiva Sheraton es perfecta para aquellos que quieren mucho espacio tanto para trabajar como para divertirse. Una cama King-size Sweet Sleeper proporciona una gran noche de sue\u00f1o, mientras que una amplia sala de estar con sof\u00e1s y mesa de trabajo le permiten ponerse manos a la obra para cenar a sus clientes.<\/p>\n<p>Para aquellos que desean lo \u00faltimo en hospitalidad Sheraton, la Corner Suite es la elecci\u00f3n natural. Con sus vistas panor\u00e1micas del aeropuerto de Los \u00c1ngeles y sus alrededores, su cama tama\u00f1o King y su lujosa zona de estar, la Corner Suite es la base de operaciones ideal para una larga estancia de negocios o unas vacaciones en Los \u00c1ngeles.<\/p>\n<p>Todos los hu\u00e9spedes del hotel tienen acceso a una hermosa piscina climatizada al aire libre y a una ba\u00f1era de hidromasaje, as\u00ed como a un gimnasio gratuito abierto las 24 horas. Hay Internet Wifi disponible por una tarifa diaria nominal, y servicios de guarder\u00eda, limpieza en seco en el establecimiento y una tienda de regalos.<\/p>\n<p>El mayor logro del hotel es su capacidad para albergar eventos empresariales completos bajo un mismo techo. Con m\u00e1s de 50.000 pies cuadrados de espacio para reuniones y eventos, el hotel es m\u00e1s que capaz de acomodar asuntos de negocios de todos los tama\u00f1os. Sus 11.400 m2 ft. El Grand Ballroom ha sido escenario de muchos hitos importantes, y las 38 salas de reuniones ofrecen espacios ideales para ponerse manos a la obra.<\/p>\n<p>A los hu\u00e9spedes concienciados con el medio ambiente les alegrar\u00e1 saber que el hotel ha sido certificado como Hotel Ecol\u00f3gico de Nivel Plata. Los hu\u00e9spedes pueden desempe\u00f1ar un papel activo en la conservaci\u00f3n de los recursos incluso durante su estancia en el hotel, participando en el sencillo y c\u00f3modo programa Green Choice.<\/p>\n<p>Los viajeros ocupados que buscan una escapada c\u00f3moda lejos del ruido y el bullicio del centro de Los \u00c1ngeles no tienen que buscar m\u00e1s. El Sheraton Gateway Hotel ofrece comodidad, sofisticaci\u00f3n y sensibilidad en un ordenado paquete, a pocos pasos del aeropuerto de Los \u00c1ngeles. Haga su reserva ahora y prep\u00e1rese para vivir una experiencia de viaje sin igual.<\/p>\n<p><script type=\"text\/javascript\" src=\"https:\/\/www.hotelscombined.com\/SearchBox\/307071?hotelID=0\"><\/script><\/p>\n","protected":false},"excerpt":{"rendered":"<p>El Sheraton Gateway Hotel es una soluci\u00f3n integral para viajeros de negocios&hellip;<\/p>\n","protected":false},"author":1,"featured_media":2461,"parent":0,"menu_order":0,"comment_status":"closed","ping_status":"closed","template":"","meta":{"_monsterinsights_skip_tracking":false,"_monsterinsights_sitenote_active":false,"_monsterinsights_sitenote_note":"","_monsterinsights_sitenote_category":0,"footnotes":""},"class_list":["post-3665","page","type-page","status-publish","has-post-thumbnail","hentry"],"yoast_head":"<!-- This site is optimized with the Yoast SEO plugin v27.5 - https:\/\/yoast.com\/product\/yoast-seo-wordpress\/ -->\n<title>Sheraton Gateway Hotel LAX - Los Angeles<\/title>\n<meta name=\"description\" content=\"El Sheraton Gateway Hotel es una soluci\u00f3n integral para viajeros de negocios y familias que valoran tanto la comodidad como la productividad, sin hacer concesiones.\" \/>\n<meta name=\"robots\" content=\"index, follow, max-snippet:-1, max-image-preview:large, max-video-preview:-1\" \/>\n<link rel=\"canonical\" href=\"https:\/\/www.losangeles.net.au\/es\/sheraton-gateway-hotel-lax\/\" \/>\n<meta property=\"og:locale\" content=\"es_ES\" \/>\n<meta property=\"og:type\" content=\"article\" \/>\n<meta property=\"og:title\" content=\"Sheraton Gateway Hotel LAX - Los Angeles\" \/>\n<meta property=\"og:description\" content=\"El Sheraton Gateway Hotel es una soluci\u00f3n integral para viajeros de negocios y familias que valoran tanto la comodidad como la productividad, sin hacer concesiones.\" \/>\n<meta property=\"og:url\" content=\"https:\/\/www.losangeles.net.au\/es\/sheraton-gateway-hotel-lax\/\" \/>\n<meta property=\"og:site_name\" content=\"Los Angeles\" \/>\n<meta property=\"og:image\" content=\"https:\/\/www.losangeles.net.au\/wp-content\/uploads\/2015\/10\/Sheraton-Gateway-Hotel-LAX.jpg\" \/>\n\t<meta property=\"og:image:width\" content=\"1695\" \/>\n\t<meta property=\"og:image:height\" content=\"1244\" \/>\n\t<meta property=\"og:image:type\" content=\"image\/jpeg\" \/>\n<meta name=\"twitter:card\" content=\"summary_large_image\" \/>\n<meta name=\"twitter:label1\" content=\"Tiempo de lectura\" \/>\n\t<meta name=\"twitter:data1\" content=\"3 minutos\" \/>\n<script type=\"application\/ld+json\" class=\"yoast-schema-graph\">{\"@context\":\"https:\\\/\\\/schema.org\",\"@graph\":[{\"@type\":\"WebPage\",\"@id\":\"https:\\\/\\\/www.losangeles.net.au\\\/es\\\/sheraton-gateway-hotel-lax\\\/\",\"url\":\"https:\\\/\\\/www.losangeles.net.au\\\/es\\\/sheraton-gateway-hotel-lax\\\/\",\"name\":\"Sheraton Gateway Hotel LAX - Los Angeles\",\"isPartOf\":{\"@id\":\"https:\\\/\\\/www.losangeles.net.au\\\/es\\\/#website\"},\"primaryImageOfPage\":{\"@id\":\"https:\\\/\\\/www.losangeles.net.au\\\/es\\\/sheraton-gateway-hotel-lax\\\/#primaryimage\"},\"image\":{\"@id\":\"https:\\\/\\\/www.losangeles.net.au\\\/es\\\/sheraton-gateway-hotel-lax\\\/#primaryimage\"},\"thumbnailUrl\":\"https:\\\/\\\/www.losangeles.net.au\\\/wp-content\\\/uploads\\\/2015\\\/10\\\/Sheraton-Gateway-Hotel-LAX.jpg\",\"datePublished\":\"2024-07-02T03:37:59+00:00\",\"description\":\"El Sheraton Gateway Hotel es una soluci\u00f3n integral para viajeros de negocios y familias que valoran tanto la comodidad como la productividad, sin hacer concesiones.\",\"breadcrumb\":{\"@id\":\"https:\\\/\\\/www.losangeles.net.au\\\/es\\\/sheraton-gateway-hotel-lax\\\/#breadcrumb\"},\"inLanguage\":\"es\",\"potentialAction\":[{\"@type\":\"ReadAction\",\"target\":[\"https:\\\/\\\/www.losangeles.net.au\\\/es\\\/sheraton-gateway-hotel-lax\\\/\"]}]},{\"@type\":\"ImageObject\",\"inLanguage\":\"es\",\"@id\":\"https:\\\/\\\/www.losangeles.net.au\\\/es\\\/sheraton-gateway-hotel-lax\\\/#primaryimage\",\"url\":\"https:\\\/\\\/www.losangeles.net.au\\\/wp-content\\\/uploads\\\/2015\\\/10\\\/Sheraton-Gateway-Hotel-LAX.jpg\",\"contentUrl\":\"https:\\\/\\\/www.losangeles.net.au\\\/wp-content\\\/uploads\\\/2015\\\/10\\\/Sheraton-Gateway-Hotel-LAX.jpg\",\"width\":1695,\"height\":1244,\"caption\":\"Sheraton Gateway Hotel LAX\"},{\"@type\":\"BreadcrumbList\",\"@id\":\"https:\\\/\\\/www.losangeles.net.au\\\/es\\\/sheraton-gateway-hotel-lax\\\/#breadcrumb\",\"itemListElement\":[{\"@type\":\"ListItem\",\"position\":1,\"name\":\"Home\",\"item\":\"https:\\\/\\\/www.losangeles.net.au\\\/es\\\/\"},{\"@type\":\"ListItem\",\"position\":2,\"name\":\"Sheraton Gateway Hotel LAX\"}]},{\"@type\":\"WebSite\",\"@id\":\"https:\\\/\\\/www.losangeles.net.au\\\/es\\\/#website\",\"url\":\"https:\\\/\\\/www.losangeles.net.au\\\/es\\\/\",\"name\":\"Los Angeles\",\"description\":\"Los Angeles Theme Parks, Tours, Flights, LA Hotels &amp; Travel Deals\",\"potentialAction\":[{\"@type\":\"SearchAction\",\"target\":{\"@type\":\"EntryPoint\",\"urlTemplate\":\"https:\\\/\\\/www.losangeles.net.au\\\/es\\\/?s={search_term_string}\"},\"query-input\":{\"@type\":\"PropertyValueSpecification\",\"valueRequired\":true,\"valueName\":\"search_term_string\"}}],\"inLanguage\":\"es\"}]}<\/script>\n<!-- \/ Yoast SEO plugin. -->","yoast_head_json":{"title":"Sheraton Gateway Hotel LAX - Los Angeles","description":"El Sheraton Gateway Hotel es una soluci\u00f3n integral para viajeros de negocios y familias que valoran tanto la comodidad como la productividad, sin hacer concesiones.","robots":{"index":"index","follow":"follow","max-snippet":"max-snippet:-1","max-image-preview":"max-image-preview:large","max-video-preview":"max-video-preview:-1"},"canonical":"https:\/\/www.losangeles.net.au\/es\/sheraton-gateway-hotel-lax\/","og_locale":"es_ES","og_type":"article","og_title":"Sheraton Gateway Hotel LAX - Los Angeles","og_description":"El Sheraton Gateway Hotel es una soluci\u00f3n integral para viajeros de negocios y familias que valoran tanto la comodidad como la productividad, sin hacer concesiones.","og_url":"https:\/\/www.losangeles.net.au\/es\/sheraton-gateway-hotel-lax\/","og_site_name":"Los Angeles","og_image":[{"width":1695,"height":1244,"url":"https:\/\/www.losangeles.net.au\/wp-content\/uploads\/2015\/10\/Sheraton-Gateway-Hotel-LAX.jpg","type":"image\/jpeg"}],"twitter_card":"summary_large_image","twitter_misc":{"Tiempo de lectura":"3 minutos"},"schema":{"@context":"https:\/\/schema.org","@graph":[{"@type":"WebPage","@id":"https:\/\/www.losangeles.net.au\/es\/sheraton-gateway-hotel-lax\/","url":"https:\/\/www.losangeles.net.au\/es\/sheraton-gateway-hotel-lax\/","name":"Sheraton Gateway Hotel LAX - Los Angeles","isPartOf":{"@id":"https:\/\/www.losangeles.net.au\/es\/#website"},"primaryImageOfPage":{"@id":"https:\/\/www.losangeles.net.au\/es\/sheraton-gateway-hotel-lax\/#primaryimage"},"image":{"@id":"https:\/\/www.losangeles.net.au\/es\/sheraton-gateway-hotel-lax\/#primaryimage"},"thumbnailUrl":"https:\/\/www.losangeles.net.au\/wp-content\/uploads\/2015\/10\/Sheraton-Gateway-Hotel-LAX.jpg","datePublished":"2024-07-02T03:37:59+00:00","description":"El Sheraton Gateway Hotel es una soluci\u00f3n integral para viajeros de negocios y familias que valoran tanto la comodidad como la productividad, sin hacer concesiones.","breadcrumb":{"@id":"https:\/\/www.losangeles.net.au\/es\/sheraton-gateway-hotel-lax\/#breadcrumb"},"inLanguage":"es","potentialAction":[{"@type":"ReadAction","target":["https:\/\/www.losangeles.net.au\/es\/sheraton-gateway-hotel-lax\/"]}]},{"@type":"ImageObject","inLanguage":"es","@id":"https:\/\/www.losangeles.net.au\/es\/sheraton-gateway-hotel-lax\/#primaryimage","url":"https:\/\/www.losangeles.net.au\/wp-content\/uploads\/2015\/10\/Sheraton-Gateway-Hotel-LAX.jpg","contentUrl":"https:\/\/www.losangeles.net.au\/wp-content\/uploads\/2015\/10\/Sheraton-Gateway-Hotel-LAX.jpg","width":1695,"height":1244,"caption":"Sheraton Gateway Hotel LAX"},{"@type":"BreadcrumbList","@id":"https:\/\/www.losangeles.net.au\/es\/sheraton-gateway-hotel-lax\/#breadcrumb","itemListElement":[{"@type":"ListItem","position":1,"name":"Home","item":"https:\/\/www.losangeles.net.au\/es\/"},{"@type":"ListItem","position":2,"name":"Sheraton Gateway Hotel LAX"}]},{"@type":"WebSite","@id":"https:\/\/www.losangeles.net.au\/es\/#website","url":"https:\/\/www.losangeles.net.au\/es\/","name":"Los Angeles","description":"Los Angeles Theme Parks, Tours, Flights, LA Hotels &amp; Travel Deals","potentialAction":[{"@type":"SearchAction","target":{"@type":"EntryPoint","urlTemplate":"https:\/\/www.losangeles.net.au\/es\/?s={search_term_string}"},"query-input":{"@type":"PropertyValueSpecification","valueRequired":true,"valueName":"search_term_string"}}],"inLanguage":"es"}]}},"_links":{"self":[{"href":"https:\/\/www.losangeles.net.au\/es\/wp-json\/wp\/v2\/pages\/3665","targetHints":{"allow":["GET"]}}],"collection":[{"href":"https:\/\/www.losangeles.net.au\/es\/wp-json\/wp\/v2\/pages"}],"about":[{"href":"https:\/\/www.losangeles.net.au\/es\/wp-json\/wp\/v2\/types\/page"}],"author":[{"embeddable":true,"href":"https:\/\/www.losangeles.net.au\/es\/wp-json\/wp\/v2\/users\/1"}],"replies":[{"embeddable":true,"href":"https:\/\/www.losangeles.net.au\/es\/wp-json\/wp\/v2\/comments?post=3665"}],"version-history":[{"count":0,"href":"https:\/\/www.losangeles.net.au\/es\/wp-json\/wp\/v2\/pages\/3665\/revisions"}],"wp:featuredmedia":[{"embeddable":true,"href":"https:\/\/www.losangeles.net.au\/es\/wp-json\/wp\/v2\/media\/2461"}],"wp:attachment":[{"href":"https:\/\/www.losangeles.net.au\/es\/wp-json\/wp\/v2\/media?parent=3665"}],"curies":[{"name":"wp","href":"https:\/\/api.w.org\/{rel}","templated":true}]}}