{"id":3663,"date":"2024-07-02T13:41:03","date_gmt":"2024-07-02T03:41:03","guid":{"rendered":"https:\/\/www.losangeles.net.au\/holiday-inn-express-lax\/"},"modified":"2015-10-14T12:04:59","modified_gmt":"2015-10-14T01:04:59","slug":"holiday-inn-express-lax","status":"publish","type":"page","link":"https:\/\/www.losangeles.net.au\/es\/holiday-inn-express-lax\/","title":{"rendered":"Holiday Inn Express LAX"},"content":{"rendered":"<p>Holiday Inn Express Los Angeles-LAX Airport est\u00e1 convenientemente situado para los turistas deseosos de descubrir las atracciones de Los Angeles en un ambiente relajado.<\/p>\n<p>Situado junto a la I-405 en Airport Blvd, este hotel es la escapada perfecta para los viajeros de negocios por su proximidad a una serie de empresas y lugares tur\u00edsticos de Los \u00c1ngeles. Adem\u00e1s, el hotel est\u00e1 a s\u00f3lo unos 4 kil\u00f3metros del aeropuerto internacional de Los \u00c1ngeles. Esto lo convierte en el lugar perfecto para cualquiera que haga escala o llegue al aeropuerto. Busque tambi\u00e9n la direcci\u00f3n del hotel por si surge la necesidad: 8620 Airport Blvd, Los \u00c1ngeles, California 90045, EE UU.<\/p>\n<p>El Holiday Inn Express LA est\u00e1 cerca de notables atracciones que hacen que la estancia en la ciudad sea divertida y relajada. Los amantes del arte se quedar\u00e1n boquiabiertos ante la creatividad del Centro Getty de la colina. Los amantes del espect\u00e1culo, por su parte, tendr\u00e1n la suerte de asistir a multitud de conciertos en el afamado Hollywood Bowl, sin duda el lugar perfecto para ver en directo a las estrellas favoritas.<\/p>\n<p>Los amantes de la naturaleza quedar\u00e1n cautivados por los destinos paisaj\u00edsticos. El muelle y la playa de Santa M\u00f3nica son el destino tur\u00edstico ideal, mientras que el LA Original Farmers Market es el lugar al que acuden los visitantes que desean interactuar con los lugare\u00f1os. Hogar de algunos de los f\u00f3siles m\u00e1s famosos, La Bea Tar Pits LA ofrece una visi\u00f3n profunda de la historia de la zona. Otras atracciones que merece la pena visitar son el Grauman&#8217;s Chines Theatre, Venice Beach y el complejo comercial y de ocio The Grove.<\/p>\n<p>De vuelta al Holiday Inn Express Los Angeles-LAX Airport, los hu\u00e9spedes podr\u00e1n disfrutar de unas instalaciones de primera categor\u00eda. El bar sirve un delicioso desayuno, tras el cual los hu\u00e9spedes pueden sudar en el gimnasio totalmente equipado. La piscina climatizada al aire libre es perfecta para relajarse toda la tarde. Los viajeros de negocios no tienen por qu\u00e9 preocuparse, ya que hay un centro de negocios abierto las 24 horas, adem\u00e1s de una sala de reuniones con capacidad para 40 personas. Dispone de amplio aparcamiento y servicios de enlace con el aeropuerto.<\/p>\n<p>Holiday Inn Express LA se enorgullece de trabajar para ser uno de los mejores hoteles de Los \u00c1ngeles. Su proximidad al aeropuerto, junto con los servicios gratuitos de enlace con el mismo, lo convierten en una opci\u00f3n de escapada. Para los servicios de enlace con el aeropuerto, los hu\u00e9spedes deben ponerse en contacto con el hotel en la zona de recogida de equipajes.<\/p>\n<p>El hotel dispone de habitaciones modernas que ofrecen un espacio de trabajo adecuado, con mobiliario ergon\u00f3mico. Los servicios Wi-Fi gratuitos permiten a los hu\u00e9spedes realizar negocios incluso cuando est\u00e1n fuera. Las opciones de entretenimiento van desde la televisi\u00f3n por cable a las pel\u00edculas en la habitaci\u00f3n, y la disponibilidad de una cafetera sirve para hacer la estancia lo m\u00e1s c\u00f3moda posible. Las suites disponibles son ideales para familias, mientras que las habitaciones accesibles en silla de ruedas est\u00e1n dise\u00f1adas para atender a los discapacitados f\u00edsicos.<\/p>\n<p>El Holiday Inn Express Los Angeles-LAX Airport es un exquisito hotel de 3 estrellas que ofrece a los visitantes razones de peso para explorar el encanto de Los \u00c1ngeles mientras disfrutan de unos servicios incomparables. As\u00ed pues, tanto si desea ir de compras, como enlazar con diversos negocios de la ciudad, o simplemente disfrutar de una escapada rom\u00e1ntica, Holiday Inn Express LA es el lugar id\u00f3neo.<\/p>\n<p><script type=\"text\/javascript\" src=\"https:\/\/www.hotelscombined.com\/SearchBox\/307078?hotelID=0\"><\/script><\/p>\n","protected":false},"excerpt":{"rendered":"<p>Holiday Inn Express Los Angeles-LAX Airport est\u00e1 convenientemente situado para los turistas&hellip;<\/p>\n","protected":false},"author":1,"featured_media":2509,"parent":0,"menu_order":0,"comment_status":"closed","ping_status":"closed","template":"","meta":{"_monsterinsights_skip_tracking":false,"_monsterinsights_sitenote_active":false,"_monsterinsights_sitenote_note":"","_monsterinsights_sitenote_category":0,"footnotes":""},"class_list":["post-3663","page","type-page","status-publish","has-post-thumbnail","hentry"],"yoast_head":"<!-- This site is optimized with the Yoast SEO plugin v27.5 - https:\/\/yoast.com\/product\/yoast-seo-wordpress\/ -->\n<title>Holiday Inn Express LAX - Los Angeles<\/title>\n<meta name=\"description\" content=\"Holiday Inn Express Los Angeles-LAX Airport est\u00e1 convenientemente situado para los turistas deseosos de descubrir las atracciones de Los Angeles en un ambiente relajado.\" \/>\n<meta name=\"robots\" content=\"index, follow, max-snippet:-1, max-image-preview:large, max-video-preview:-1\" \/>\n<link rel=\"canonical\" href=\"https:\/\/www.losangeles.net.au\/es\/holiday-inn-express-lax\/\" \/>\n<meta property=\"og:locale\" content=\"es_ES\" \/>\n<meta property=\"og:type\" content=\"article\" \/>\n<meta property=\"og:title\" content=\"Holiday Inn Express LAX - Los Angeles\" \/>\n<meta property=\"og:description\" content=\"Holiday Inn Express Los Angeles-LAX Airport est\u00e1 convenientemente situado para los turistas deseosos de descubrir las atracciones de Los Angeles en un ambiente relajado.\" \/>\n<meta property=\"og:url\" content=\"https:\/\/www.losangeles.net.au\/es\/holiday-inn-express-lax\/\" \/>\n<meta property=\"og:site_name\" content=\"Los Angeles\" \/>\n<meta property=\"og:image\" content=\"https:\/\/www.losangeles.net.au\/wp-content\/uploads\/2015\/10\/Holiday-Inn-Express-LAX.jpg\" \/>\n\t<meta property=\"og:image:width\" content=\"533\" \/>\n\t<meta property=\"og:image:height\" content=\"800\" \/>\n\t<meta property=\"og:image:type\" content=\"image\/jpeg\" \/>\n<meta name=\"twitter:card\" content=\"summary_large_image\" \/>\n<meta name=\"twitter:label1\" content=\"Tiempo de lectura\" \/>\n\t<meta name=\"twitter:data1\" content=\"3 minutos\" \/>\n<script type=\"application\/ld+json\" class=\"yoast-schema-graph\">{\"@context\":\"https:\\\/\\\/schema.org\",\"@graph\":[{\"@type\":\"WebPage\",\"@id\":\"https:\\\/\\\/www.losangeles.net.au\\\/es\\\/holiday-inn-express-lax\\\/\",\"url\":\"https:\\\/\\\/www.losangeles.net.au\\\/es\\\/holiday-inn-express-lax\\\/\",\"name\":\"Holiday Inn Express LAX - Los Angeles\",\"isPartOf\":{\"@id\":\"https:\\\/\\\/www.losangeles.net.au\\\/es\\\/#website\"},\"primaryImageOfPage\":{\"@id\":\"https:\\\/\\\/www.losangeles.net.au\\\/es\\\/holiday-inn-express-lax\\\/#primaryimage\"},\"image\":{\"@id\":\"https:\\\/\\\/www.losangeles.net.au\\\/es\\\/holiday-inn-express-lax\\\/#primaryimage\"},\"thumbnailUrl\":\"https:\\\/\\\/www.losangeles.net.au\\\/wp-content\\\/uploads\\\/2015\\\/10\\\/Holiday-Inn-Express-LAX.jpg\",\"datePublished\":\"2024-07-02T03:41:03+00:00\",\"description\":\"Holiday Inn Express Los Angeles-LAX Airport est\u00e1 convenientemente situado para los turistas deseosos de descubrir las atracciones de Los Angeles en un ambiente relajado.\",\"breadcrumb\":{\"@id\":\"https:\\\/\\\/www.losangeles.net.au\\\/es\\\/holiday-inn-express-lax\\\/#breadcrumb\"},\"inLanguage\":\"es\",\"potentialAction\":[{\"@type\":\"ReadAction\",\"target\":[\"https:\\\/\\\/www.losangeles.net.au\\\/es\\\/holiday-inn-express-lax\\\/\"]}]},{\"@type\":\"ImageObject\",\"inLanguage\":\"es\",\"@id\":\"https:\\\/\\\/www.losangeles.net.au\\\/es\\\/holiday-inn-express-lax\\\/#primaryimage\",\"url\":\"https:\\\/\\\/www.losangeles.net.au\\\/wp-content\\\/uploads\\\/2015\\\/10\\\/Holiday-Inn-Express-LAX.jpg\",\"contentUrl\":\"https:\\\/\\\/www.losangeles.net.au\\\/wp-content\\\/uploads\\\/2015\\\/10\\\/Holiday-Inn-Express-LAX.jpg\",\"width\":533,\"height\":800,\"caption\":\"Holiday Inn Express LAX\"},{\"@type\":\"BreadcrumbList\",\"@id\":\"https:\\\/\\\/www.losangeles.net.au\\\/es\\\/holiday-inn-express-lax\\\/#breadcrumb\",\"itemListElement\":[{\"@type\":\"ListItem\",\"position\":1,\"name\":\"Home\",\"item\":\"https:\\\/\\\/www.losangeles.net.au\\\/es\\\/\"},{\"@type\":\"ListItem\",\"position\":2,\"name\":\"Holiday Inn Express LAX\"}]},{\"@type\":\"WebSite\",\"@id\":\"https:\\\/\\\/www.losangeles.net.au\\\/es\\\/#website\",\"url\":\"https:\\\/\\\/www.losangeles.net.au\\\/es\\\/\",\"name\":\"Los Angeles\",\"description\":\"Los Angeles Theme Parks, Tours, Flights, LA Hotels &amp; Travel Deals\",\"potentialAction\":[{\"@type\":\"SearchAction\",\"target\":{\"@type\":\"EntryPoint\",\"urlTemplate\":\"https:\\\/\\\/www.losangeles.net.au\\\/es\\\/?s={search_term_string}\"},\"query-input\":{\"@type\":\"PropertyValueSpecification\",\"valueRequired\":true,\"valueName\":\"search_term_string\"}}],\"inLanguage\":\"es\"}]}<\/script>\n<!-- \/ Yoast SEO plugin. -->","yoast_head_json":{"title":"Holiday Inn Express LAX - Los Angeles","description":"Holiday Inn Express Los Angeles-LAX Airport est\u00e1 convenientemente situado para los turistas deseosos de descubrir las atracciones de Los Angeles en un ambiente relajado.","robots":{"index":"index","follow":"follow","max-snippet":"max-snippet:-1","max-image-preview":"max-image-preview:large","max-video-preview":"max-video-preview:-1"},"canonical":"https:\/\/www.losangeles.net.au\/es\/holiday-inn-express-lax\/","og_locale":"es_ES","og_type":"article","og_title":"Holiday Inn Express LAX - Los Angeles","og_description":"Holiday Inn Express Los Angeles-LAX Airport est\u00e1 convenientemente situado para los turistas deseosos de descubrir las atracciones de Los Angeles en un ambiente relajado.","og_url":"https:\/\/www.losangeles.net.au\/es\/holiday-inn-express-lax\/","og_site_name":"Los Angeles","og_image":[{"width":533,"height":800,"url":"https:\/\/www.losangeles.net.au\/wp-content\/uploads\/2015\/10\/Holiday-Inn-Express-LAX.jpg","type":"image\/jpeg"}],"twitter_card":"summary_large_image","twitter_misc":{"Tiempo de lectura":"3 minutos"},"schema":{"@context":"https:\/\/schema.org","@graph":[{"@type":"WebPage","@id":"https:\/\/www.losangeles.net.au\/es\/holiday-inn-express-lax\/","url":"https:\/\/www.losangeles.net.au\/es\/holiday-inn-express-lax\/","name":"Holiday Inn Express LAX - Los Angeles","isPartOf":{"@id":"https:\/\/www.losangeles.net.au\/es\/#website"},"primaryImageOfPage":{"@id":"https:\/\/www.losangeles.net.au\/es\/holiday-inn-express-lax\/#primaryimage"},"image":{"@id":"https:\/\/www.losangeles.net.au\/es\/holiday-inn-express-lax\/#primaryimage"},"thumbnailUrl":"https:\/\/www.losangeles.net.au\/wp-content\/uploads\/2015\/10\/Holiday-Inn-Express-LAX.jpg","datePublished":"2024-07-02T03:41:03+00:00","description":"Holiday Inn Express Los Angeles-LAX Airport est\u00e1 convenientemente situado para los turistas deseosos de descubrir las atracciones de Los Angeles en un ambiente relajado.","breadcrumb":{"@id":"https:\/\/www.losangeles.net.au\/es\/holiday-inn-express-lax\/#breadcrumb"},"inLanguage":"es","potentialAction":[{"@type":"ReadAction","target":["https:\/\/www.losangeles.net.au\/es\/holiday-inn-express-lax\/"]}]},{"@type":"ImageObject","inLanguage":"es","@id":"https:\/\/www.losangeles.net.au\/es\/holiday-inn-express-lax\/#primaryimage","url":"https:\/\/www.losangeles.net.au\/wp-content\/uploads\/2015\/10\/Holiday-Inn-Express-LAX.jpg","contentUrl":"https:\/\/www.losangeles.net.au\/wp-content\/uploads\/2015\/10\/Holiday-Inn-Express-LAX.jpg","width":533,"height":800,"caption":"Holiday Inn Express LAX"},{"@type":"BreadcrumbList","@id":"https:\/\/www.losangeles.net.au\/es\/holiday-inn-express-lax\/#breadcrumb","itemListElement":[{"@type":"ListItem","position":1,"name":"Home","item":"https:\/\/www.losangeles.net.au\/es\/"},{"@type":"ListItem","position":2,"name":"Holiday Inn Express LAX"}]},{"@type":"WebSite","@id":"https:\/\/www.losangeles.net.au\/es\/#website","url":"https:\/\/www.losangeles.net.au\/es\/","name":"Los Angeles","description":"Los Angeles Theme Parks, Tours, Flights, LA Hotels &amp; Travel Deals","potentialAction":[{"@type":"SearchAction","target":{"@type":"EntryPoint","urlTemplate":"https:\/\/www.losangeles.net.au\/es\/?s={search_term_string}"},"query-input":{"@type":"PropertyValueSpecification","valueRequired":true,"valueName":"search_term_string"}}],"inLanguage":"es"}]}},"_links":{"self":[{"href":"https:\/\/www.losangeles.net.au\/es\/wp-json\/wp\/v2\/pages\/3663","targetHints":{"allow":["GET"]}}],"collection":[{"href":"https:\/\/www.losangeles.net.au\/es\/wp-json\/wp\/v2\/pages"}],"about":[{"href":"https:\/\/www.losangeles.net.au\/es\/wp-json\/wp\/v2\/types\/page"}],"author":[{"embeddable":true,"href":"https:\/\/www.losangeles.net.au\/es\/wp-json\/wp\/v2\/users\/1"}],"replies":[{"embeddable":true,"href":"https:\/\/www.losangeles.net.au\/es\/wp-json\/wp\/v2\/comments?post=3663"}],"version-history":[{"count":0,"href":"https:\/\/www.losangeles.net.au\/es\/wp-json\/wp\/v2\/pages\/3663\/revisions"}],"wp:featuredmedia":[{"embeddable":true,"href":"https:\/\/www.losangeles.net.au\/es\/wp-json\/wp\/v2\/media\/2509"}],"wp:attachment":[{"href":"https:\/\/www.losangeles.net.au\/es\/wp-json\/wp\/v2\/media?parent=3663"}],"curies":[{"name":"wp","href":"https:\/\/api.w.org\/{rel}","templated":true}]}}