{"id":3661,"date":"2015-10-14T16:03:04","date_gmt":"2015-10-14T05:03:04","guid":{"rendered":"https:\/\/www.losangeles.net.au\/custom-hotel-la\/"},"modified":"2015-10-14T16:03:04","modified_gmt":"2015-10-14T05:03:04","slug":"custom-hotel-la","status":"publish","type":"page","link":"https:\/\/www.losangeles.net.au\/es\/custom-hotel-la\/","title":{"rendered":"Custom Hotel LA"},"content":{"rendered":"<p>El Custom Hotel de Los \u00c1ngeles est\u00e1 situado a un kil\u00f3metro y medio del aeropuerto y es el destino ideal para los viajeros que buscan una ubicaci\u00f3n c\u00f3moda pero de calidad. A s\u00f3lo ocho minutos del aeropuerto internacional de Los \u00c1ngeles, el hotel ofrece servicio gratuito de enlace con el aeropuerto, disponible previa petici\u00f3n, as\u00ed como vistas panor\u00e1micas a la ciudad y al oc\u00e9ano.<\/p>\n<p>Los \u00c1ngeles es la \u00fanica ciudad en la que cuanto m\u00e1s cerca est\u00e9 el aeropuerto mejor, y conseguir un hotel que se encuentre en los alrededores del aeropuerto es otra cosa de la que presumir. Este hotel est\u00e1 situado en un lugar c\u00e9ntrico con respecto a los lugares m\u00e1s emblem\u00e1ticos del pa\u00eds, como las ciudades costeras y las universidades, y el Oc\u00e9ano Pac\u00edfico se encuentra a s\u00f3lo un kil\u00f3metro y medio de distancia.<\/p>\n<p>El hotel puede describirse como elegante, estilizado y atento, con un dise\u00f1o de capital europeo. Sus habitaciones con aire acondicionado en el interior han sido equipadas con luces LED que cambian de color y ofrecen amplias vistas del LAX con acceso gratuito al centro de negocios. Los pisos se han dise\u00f1ado con conceptos gr\u00e1ficos \u00fanicos que los convierten en hoteles boutique cl\u00e1sicos. Las comodidades de las habitaciones incluyen un televisor de pantalla plana de 32 pulgadas con pel\u00edculas y m\u00fasica a la carta.<\/p>\n<p>Las habitaciones tambi\u00e9n est\u00e1n equipadas con conexi\u00f3n Wi-Fi gratuita y estaci\u00f3n de conexi\u00f3n para iPod. Para mayor comodidad de los hu\u00e9spedes, las ventanas tienen aislamiento ac\u00fastico para que duerman pl\u00e1cidamente. Las c\u00f3modas camas de cada habitaci\u00f3n est\u00e1n vestidas con s\u00e1banas de unos 300 hilos. Aparte de eso, est\u00e1 el Deck 33 Bar and Restaurant, que ofrece c\u00f3cteles para los hu\u00e9spedes en el sal\u00f3n, la terraza o junto al bar y la caba\u00f1a de la piscina. Tambi\u00e9n hay atractivos bares con paneles de madera en el vest\u00edbulo, un sal\u00f3n con DJ y una hoguera al aire libre. Las cubiertas sirven cocina americana de confort y el hotel ofrece cuatro salones sociales especiales. Entre las razones por las que los clientes deber\u00edan elegir siempre el Custom Hotel se incluye el hecho de estar a tan solo un kil\u00f3metro del aeropuerto, de modo que los hu\u00e9spedes pueden pasar tiempo en la sala VIP y mantenerse al d\u00eda de la informaci\u00f3n sobre la impresi\u00f3n de las tarjetas de embarque y la informaci\u00f3n de los vuelos.<\/p>\n<p>Las atracciones de los alrededores del hotel incluyen vistas al oc\u00e9ano Pac\u00edfico, tranquilas ciudades costeras, centros comerciales de primera y elegantes restaurantes. Cerca del hotel tambi\u00e9n hay un campo de golf reci\u00e9n renovado junto con una bolera de 28 pistas. Dentro del hotel, hay muchos m\u00e1s servicios de los que uno pueda imaginar.<\/p>\n<p>El hotel dispone de servicio de recepci\u00f3n 24 horas, gimnasio y conserjer\u00eda. Adem\u00e1s, hay cajero autom\u00e1tico, centro de negocios, sala de juntas, aire acondicionado central, consigna de equipajes y restaurante.<\/p>\n<p>Si se necesitan servicios de canguro o de despertador, tambi\u00e9n se ofrecen en el hotel. Los servicios exteriores incluyen un jacuzzi, una piscina al aire libre, una zona comercial y un servicio de aparcacoches. Por lo tanto, si usted necesita un lugar elegante con hermosas caracter\u00edsticas esc\u00e9nicas, a continuaci\u00f3n, obtener la reserva en el Custom Hotel en Los \u00c1ngeles.<\/p>\n<p><script src=\"https:\/\/www.hotelscombined.com\/SearchBox\/307084?hotelID=0\" type=\"text\/javascript\"><\/script><\/p>\n","protected":false},"excerpt":{"rendered":"<p>El Custom Hotel de Los \u00c1ngeles est\u00e1 situado a un kil\u00f3metro y&hellip;<\/p>\n","protected":false},"author":1,"featured_media":2641,"parent":0,"menu_order":0,"comment_status":"closed","ping_status":"closed","template":"","meta":{"_monsterinsights_skip_tracking":false,"_monsterinsights_sitenote_active":false,"_monsterinsights_sitenote_note":"","_monsterinsights_sitenote_category":0,"footnotes":""},"class_list":["post-3661","page","type-page","status-publish","has-post-thumbnail","hentry"],"yoast_head":"<!-- This site is optimized with the Yoast SEO plugin v27.6 - https:\/\/yoast.com\/product\/yoast-seo-wordpress\/ -->\n<title>Custom Hotel LA - Los Angeles<\/title>\n<meta name=\"description\" content=\"El Custom Hotel de Los \u00c1ngeles est\u00e1 situado a un kil\u00f3metro y medio del aeropuerto y es el destino ideal para los viajeros que buscan una ubicaci\u00f3n c\u00f3moda pero de calidad.\" \/>\n<meta name=\"robots\" content=\"index, follow, max-snippet:-1, max-image-preview:large, max-video-preview:-1\" \/>\n<link rel=\"canonical\" href=\"https:\/\/www.losangeles.net.au\/es\/custom-hotel-la\/\" \/>\n<meta property=\"og:locale\" content=\"es_ES\" \/>\n<meta property=\"og:type\" content=\"article\" \/>\n<meta property=\"og:title\" content=\"Custom Hotel LA - Los Angeles\" \/>\n<meta property=\"og:description\" content=\"El Custom Hotel de Los \u00c1ngeles est\u00e1 situado a un kil\u00f3metro y medio del aeropuerto y es el destino ideal para los viajeros que buscan una ubicaci\u00f3n c\u00f3moda pero de calidad.\" \/>\n<meta property=\"og:url\" content=\"https:\/\/www.losangeles.net.au\/es\/custom-hotel-la\/\" \/>\n<meta property=\"og:site_name\" content=\"Los Angeles\" \/>\n<meta property=\"og:image\" content=\"https:\/\/www.losangeles.net.au\/wp-content\/uploads\/2015\/10\/Custom-Hotel-LA-1024x665.png\" \/>\n\t<meta property=\"og:image:width\" content=\"1024\" \/>\n\t<meta property=\"og:image:height\" content=\"665\" \/>\n\t<meta property=\"og:image:type\" content=\"image\/png\" \/>\n<meta name=\"twitter:card\" content=\"summary_large_image\" \/>\n<meta name=\"twitter:label1\" content=\"Tiempo de lectura\" \/>\n\t<meta name=\"twitter:data1\" content=\"3 minutos\" \/>\n<script type=\"application\/ld+json\" class=\"yoast-schema-graph\">{\"@context\":\"https:\\\/\\\/schema.org\",\"@graph\":[{\"@type\":\"WebPage\",\"@id\":\"https:\\\/\\\/www.losangeles.net.au\\\/es\\\/custom-hotel-la\\\/\",\"url\":\"https:\\\/\\\/www.losangeles.net.au\\\/es\\\/custom-hotel-la\\\/\",\"name\":\"Custom Hotel LA - Los Angeles\",\"isPartOf\":{\"@id\":\"https:\\\/\\\/www.losangeles.net.au\\\/es\\\/#website\"},\"primaryImageOfPage\":{\"@id\":\"https:\\\/\\\/www.losangeles.net.au\\\/es\\\/custom-hotel-la\\\/#primaryimage\"},\"image\":{\"@id\":\"https:\\\/\\\/www.losangeles.net.au\\\/es\\\/custom-hotel-la\\\/#primaryimage\"},\"thumbnailUrl\":\"https:\\\/\\\/www.losangeles.net.au\\\/wp-content\\\/uploads\\\/2015\\\/10\\\/Custom-Hotel-LA.png\",\"datePublished\":\"2015-10-14T05:03:04+00:00\",\"description\":\"El Custom Hotel de Los \u00c1ngeles est\u00e1 situado a un kil\u00f3metro y medio del aeropuerto y es el destino ideal para los viajeros que buscan una ubicaci\u00f3n c\u00f3moda pero de calidad.\",\"breadcrumb\":{\"@id\":\"https:\\\/\\\/www.losangeles.net.au\\\/es\\\/custom-hotel-la\\\/#breadcrumb\"},\"inLanguage\":\"es\",\"potentialAction\":[{\"@type\":\"ReadAction\",\"target\":[\"https:\\\/\\\/www.losangeles.net.au\\\/es\\\/custom-hotel-la\\\/\"]}]},{\"@type\":\"ImageObject\",\"inLanguage\":\"es\",\"@id\":\"https:\\\/\\\/www.losangeles.net.au\\\/es\\\/custom-hotel-la\\\/#primaryimage\",\"url\":\"https:\\\/\\\/www.losangeles.net.au\\\/wp-content\\\/uploads\\\/2015\\\/10\\\/Custom-Hotel-LA.png\",\"contentUrl\":\"https:\\\/\\\/www.losangeles.net.au\\\/wp-content\\\/uploads\\\/2015\\\/10\\\/Custom-Hotel-LA.png\",\"width\":1544,\"height\":1002,\"caption\":\"Custom Hotel LA\"},{\"@type\":\"BreadcrumbList\",\"@id\":\"https:\\\/\\\/www.losangeles.net.au\\\/es\\\/custom-hotel-la\\\/#breadcrumb\",\"itemListElement\":[{\"@type\":\"ListItem\",\"position\":1,\"name\":\"Home\",\"item\":\"https:\\\/\\\/www.losangeles.net.au\\\/es\\\/\"},{\"@type\":\"ListItem\",\"position\":2,\"name\":\"Custom Hotel LA\"}]},{\"@type\":\"WebSite\",\"@id\":\"https:\\\/\\\/www.losangeles.net.au\\\/es\\\/#website\",\"url\":\"https:\\\/\\\/www.losangeles.net.au\\\/es\\\/\",\"name\":\"Los Angeles\",\"description\":\"Los Angeles Theme Parks, Tours, Flights, LA Hotels &amp; Travel Deals\",\"potentialAction\":[{\"@type\":\"SearchAction\",\"target\":{\"@type\":\"EntryPoint\",\"urlTemplate\":\"https:\\\/\\\/www.losangeles.net.au\\\/es\\\/?s={search_term_string}\"},\"query-input\":{\"@type\":\"PropertyValueSpecification\",\"valueRequired\":true,\"valueName\":\"search_term_string\"}}],\"inLanguage\":\"es\"}]}<\/script>\n<!-- \/ Yoast SEO plugin. -->","yoast_head_json":{"title":"Custom Hotel LA - Los Angeles","description":"El Custom Hotel de Los \u00c1ngeles est\u00e1 situado a un kil\u00f3metro y medio del aeropuerto y es el destino ideal para los viajeros que buscan una ubicaci\u00f3n c\u00f3moda pero de calidad.","robots":{"index":"index","follow":"follow","max-snippet":"max-snippet:-1","max-image-preview":"max-image-preview:large","max-video-preview":"max-video-preview:-1"},"canonical":"https:\/\/www.losangeles.net.au\/es\/custom-hotel-la\/","og_locale":"es_ES","og_type":"article","og_title":"Custom Hotel LA - Los Angeles","og_description":"El Custom Hotel de Los \u00c1ngeles est\u00e1 situado a un kil\u00f3metro y medio del aeropuerto y es el destino ideal para los viajeros que buscan una ubicaci\u00f3n c\u00f3moda pero de calidad.","og_url":"https:\/\/www.losangeles.net.au\/es\/custom-hotel-la\/","og_site_name":"Los Angeles","og_image":[{"width":1024,"height":665,"url":"https:\/\/www.losangeles.net.au\/wp-content\/uploads\/2015\/10\/Custom-Hotel-LA-1024x665.png","type":"image\/png"}],"twitter_card":"summary_large_image","twitter_misc":{"Tiempo de lectura":"3 minutos"},"schema":{"@context":"https:\/\/schema.org","@graph":[{"@type":"WebPage","@id":"https:\/\/www.losangeles.net.au\/es\/custom-hotel-la\/","url":"https:\/\/www.losangeles.net.au\/es\/custom-hotel-la\/","name":"Custom Hotel LA - Los Angeles","isPartOf":{"@id":"https:\/\/www.losangeles.net.au\/es\/#website"},"primaryImageOfPage":{"@id":"https:\/\/www.losangeles.net.au\/es\/custom-hotel-la\/#primaryimage"},"image":{"@id":"https:\/\/www.losangeles.net.au\/es\/custom-hotel-la\/#primaryimage"},"thumbnailUrl":"https:\/\/www.losangeles.net.au\/wp-content\/uploads\/2015\/10\/Custom-Hotel-LA.png","datePublished":"2015-10-14T05:03:04+00:00","description":"El Custom Hotel de Los \u00c1ngeles est\u00e1 situado a un kil\u00f3metro y medio del aeropuerto y es el destino ideal para los viajeros que buscan una ubicaci\u00f3n c\u00f3moda pero de calidad.","breadcrumb":{"@id":"https:\/\/www.losangeles.net.au\/es\/custom-hotel-la\/#breadcrumb"},"inLanguage":"es","potentialAction":[{"@type":"ReadAction","target":["https:\/\/www.losangeles.net.au\/es\/custom-hotel-la\/"]}]},{"@type":"ImageObject","inLanguage":"es","@id":"https:\/\/www.losangeles.net.au\/es\/custom-hotel-la\/#primaryimage","url":"https:\/\/www.losangeles.net.au\/wp-content\/uploads\/2015\/10\/Custom-Hotel-LA.png","contentUrl":"https:\/\/www.losangeles.net.au\/wp-content\/uploads\/2015\/10\/Custom-Hotel-LA.png","width":1544,"height":1002,"caption":"Custom Hotel LA"},{"@type":"BreadcrumbList","@id":"https:\/\/www.losangeles.net.au\/es\/custom-hotel-la\/#breadcrumb","itemListElement":[{"@type":"ListItem","position":1,"name":"Home","item":"https:\/\/www.losangeles.net.au\/es\/"},{"@type":"ListItem","position":2,"name":"Custom Hotel LA"}]},{"@type":"WebSite","@id":"https:\/\/www.losangeles.net.au\/es\/#website","url":"https:\/\/www.losangeles.net.au\/es\/","name":"Los Angeles","description":"Los Angeles Theme Parks, Tours, Flights, LA Hotels &amp; Travel Deals","potentialAction":[{"@type":"SearchAction","target":{"@type":"EntryPoint","urlTemplate":"https:\/\/www.losangeles.net.au\/es\/?s={search_term_string}"},"query-input":{"@type":"PropertyValueSpecification","valueRequired":true,"valueName":"search_term_string"}}],"inLanguage":"es"}]}},"_links":{"self":[{"href":"https:\/\/www.losangeles.net.au\/es\/wp-json\/wp\/v2\/pages\/3661","targetHints":{"allow":["GET"]}}],"collection":[{"href":"https:\/\/www.losangeles.net.au\/es\/wp-json\/wp\/v2\/pages"}],"about":[{"href":"https:\/\/www.losangeles.net.au\/es\/wp-json\/wp\/v2\/types\/page"}],"author":[{"embeddable":true,"href":"https:\/\/www.losangeles.net.au\/es\/wp-json\/wp\/v2\/users\/1"}],"replies":[{"embeddable":true,"href":"https:\/\/www.losangeles.net.au\/es\/wp-json\/wp\/v2\/comments?post=3661"}],"version-history":[{"count":0,"href":"https:\/\/www.losangeles.net.au\/es\/wp-json\/wp\/v2\/pages\/3661\/revisions"}],"wp:featuredmedia":[{"embeddable":true,"href":"https:\/\/www.losangeles.net.au\/es\/wp-json\/wp\/v2\/media\/2641"}],"wp:attachment":[{"href":"https:\/\/www.losangeles.net.au\/es\/wp-json\/wp\/v2\/media?parent=3661"}],"curies":[{"name":"wp","href":"https:\/\/api.w.org\/{rel}","templated":true}]}}