{"id":3648,"date":"2022-04-25T07:10:53","date_gmt":"2022-04-24T21:10:53","guid":{"rendered":"https:\/\/www.losangeles.net.au\/suburbios\/valle-de-san-fernando\/"},"modified":"2023-12-09T09:57:11","modified_gmt":"2023-12-08T22:57:11","slug":"valle-de-san-fernando","status":"publish","type":"page","link":"https:\/\/www.losangeles.net.au\/es\/suburbios\/valle-de-san-fernando\/","title":{"rendered":"Valle de San Fernando"},"content":{"rendered":"\n<p>El Valle de San Fernando es una zona situada en el sur de California, delimitada por las ciudades de Beverly Hills, Burbank, Calabasas, Encino, Glendale, Northridge, Pasadena, Reseda, Studio City, Van Nuys, Westwood, Woodland Hills y Winnetka. En la regi\u00f3n viven m\u00e1s de 3 millones de personas, lo que la convierte en la segunda zona m\u00e1s poblada de Estados Unidos. El Valle de San Fernando suele considerarse sin\u00f3nimo del t\u00e9rmino \u00abSilicon Valley\u00bb, pero esto no es del todo exacto. Aunque muchas empresas tienen all\u00ed su sede, Silicon Valley es en realidad una regi\u00f3n mucho m\u00e1s amplia. El Valle de San Fernando lleva mucho tiempo asociado a la industria cinematogr\u00e1fica, debido a su proximidad a Hollywood y los Estudios Universal. De hecho, toda la regi\u00f3n form\u00f3 parte en su d\u00eda del yacimiento petrol\u00edfero de Rancho La Brea. El yacimiento comenz\u00f3 a producir crudo en 1901 y continu\u00f3 hasta 1942. El campo petrol\u00edfero debe su nombre al rancho La Brea, que cubr\u00eda el terreno en aquella \u00e9poca. Se le cambi\u00f3 el nombre tras el descubrimiento de petr\u00f3leo. En el Valle de San Fernando tambi\u00e9n se encuentran algunos de los mayores centros comerciales del mundo, como The Forum Shops at Caesars Palace y Granada Hills Galleria. El Valle de San Fernando es una regi\u00f3n urbana situada en el condado de Los \u00c1ngeles, California, Estados Unidos. Limita al oeste con el oc\u00e9ano Pac\u00edfico, al norte con las monta\u00f1as de San Gabriel, al este con el paso de Santa Susana y al sur con el paso de Sep\u00falveda. El valle debe su nombre a la Misi\u00f3n de San Fernando Rey de Espa\u00f1a, que ahora forma parte de la ciudad de Los \u00c1ngeles.<\/p>\n\n<p>El nombre del valle procede de la palabra espa\u00f1ola valle. La primera referencia al valle data de 1781, cuando se fund\u00f3 la misi\u00f3n. El valle se constituy\u00f3 oficialmente como municipio el 5 de enero de 1887, y se convirti\u00f3 en divisi\u00f3n censal en 1890. La poblaci\u00f3n del valle creci\u00f3 r\u00e1pidamente durante el siglo XX, sobre todo despu\u00e9s de la Segunda Guerra Mundial. Hoy es la segunda \u00e1rea estad\u00edstica metropolitana m\u00e1s poblada del sur de California, por detr\u00e1s de Los \u00c1ngeles. El valle es tambi\u00e9n la mayor zona urbanizada del condado.<\/p>\n\n<p>El valle es el hogar de muchas ciudades importantes como Burbank, Glendale, Pasadena, Van Nuys, Northridge, West Hills, Reseda, Encino, Sherman Oaks, Studio City, Tarzana, Calabasas, Woodland Hills, Toluca Lake, Granada Hills, Sun Valley, Chatsworth.<\/p>\n\n<p>El valle de San Fernando est\u00e1 delimitado por la autopista 5 al norte, la 101 al sur, la Ventura al este y la 405 al oeste. El r\u00edo Los \u00c1ngeles nace en la confluencia del arroyo Calabasas y el arroyo Calabazas. La mayor parte del Valle de San Francisco se encuentra dentro de la jurisdicci\u00f3n de la ciudad de Los \u00c1ngeles, pero tambi\u00e9n hay otras ciudades incorporadas en el valle.<\/p>\n","protected":false},"excerpt":{"rendered":"<p>El Valle de San Fernando es una zona situada en el sur&hellip;<\/p>\n","protected":false},"author":1,"featured_media":0,"parent":3643,"menu_order":0,"comment_status":"closed","ping_status":"closed","template":"","meta":{"_monsterinsights_skip_tracking":false,"_monsterinsights_sitenote_active":false,"_monsterinsights_sitenote_note":"","_monsterinsights_sitenote_category":0,"footnotes":""},"class_list":["post-3648","page","type-page","status-publish","hentry"],"yoast_head":"<!-- This site is optimized with the Yoast SEO plugin v27.5 - https:\/\/yoast.com\/product\/yoast-seo-wordpress\/ -->\n<title>Valle de San Fernando - Los Angeles<\/title>\n<meta name=\"robots\" content=\"index, follow, max-snippet:-1, max-image-preview:large, max-video-preview:-1\" \/>\n<link rel=\"canonical\" href=\"https:\/\/www.losangeles.net.au\/es\/suburbios\/valle-de-san-fernando\/\" \/>\n<meta property=\"og:locale\" content=\"es_ES\" \/>\n<meta property=\"og:type\" content=\"article\" \/>\n<meta property=\"og:title\" content=\"Valle de San Fernando - Los Angeles\" \/>\n<meta property=\"og:description\" content=\"El Valle de San Fernando es una zona situada en el sur&hellip;\" \/>\n<meta property=\"og:url\" content=\"https:\/\/www.losangeles.net.au\/es\/suburbios\/valle-de-san-fernando\/\" \/>\n<meta property=\"og:site_name\" content=\"Los Angeles\" \/>\n<meta property=\"article:modified_time\" content=\"2023-12-08T22:57:11+00:00\" \/>\n<meta name=\"twitter:card\" content=\"summary_large_image\" \/>\n<meta name=\"twitter:label1\" content=\"Tiempo de lectura\" \/>\n\t<meta name=\"twitter:data1\" content=\"2 minutos\" \/>\n<script type=\"application\/ld+json\" class=\"yoast-schema-graph\">{\"@context\":\"https:\\\/\\\/schema.org\",\"@graph\":[{\"@type\":\"WebPage\",\"@id\":\"https:\\\/\\\/www.losangeles.net.au\\\/es\\\/suburbios\\\/valle-de-san-fernando\\\/\",\"url\":\"https:\\\/\\\/www.losangeles.net.au\\\/es\\\/suburbios\\\/valle-de-san-fernando\\\/\",\"name\":\"Valle de San Fernando - Los Angeles\",\"isPartOf\":{\"@id\":\"https:\\\/\\\/www.losangeles.net.au\\\/es\\\/#website\"},\"datePublished\":\"2022-04-24T21:10:53+00:00\",\"dateModified\":\"2023-12-08T22:57:11+00:00\",\"breadcrumb\":{\"@id\":\"https:\\\/\\\/www.losangeles.net.au\\\/es\\\/suburbios\\\/valle-de-san-fernando\\\/#breadcrumb\"},\"inLanguage\":\"es\",\"potentialAction\":[{\"@type\":\"ReadAction\",\"target\":[\"https:\\\/\\\/www.losangeles.net.au\\\/es\\\/suburbios\\\/valle-de-san-fernando\\\/\"]}]},{\"@type\":\"BreadcrumbList\",\"@id\":\"https:\\\/\\\/www.losangeles.net.au\\\/es\\\/suburbios\\\/valle-de-san-fernando\\\/#breadcrumb\",\"itemListElement\":[{\"@type\":\"ListItem\",\"position\":1,\"name\":\"Home\",\"item\":\"https:\\\/\\\/www.losangeles.net.au\\\/es\\\/\"},{\"@type\":\"ListItem\",\"position\":2,\"name\":\"Suburbios\",\"item\":\"https:\\\/\\\/www.losangeles.net.au\\\/es\\\/suburbios\\\/\"},{\"@type\":\"ListItem\",\"position\":3,\"name\":\"Valle de San Fernando\"}]},{\"@type\":\"WebSite\",\"@id\":\"https:\\\/\\\/www.losangeles.net.au\\\/es\\\/#website\",\"url\":\"https:\\\/\\\/www.losangeles.net.au\\\/es\\\/\",\"name\":\"Los Angeles\",\"description\":\"Los Angeles Theme Parks, Tours, Flights, LA Hotels &amp; Travel Deals\",\"potentialAction\":[{\"@type\":\"SearchAction\",\"target\":{\"@type\":\"EntryPoint\",\"urlTemplate\":\"https:\\\/\\\/www.losangeles.net.au\\\/es\\\/?s={search_term_string}\"},\"query-input\":{\"@type\":\"PropertyValueSpecification\",\"valueRequired\":true,\"valueName\":\"search_term_string\"}}],\"inLanguage\":\"es\"}]}<\/script>\n<!-- \/ Yoast SEO plugin. -->","yoast_head_json":{"title":"Valle de San Fernando - Los Angeles","robots":{"index":"index","follow":"follow","max-snippet":"max-snippet:-1","max-image-preview":"max-image-preview:large","max-video-preview":"max-video-preview:-1"},"canonical":"https:\/\/www.losangeles.net.au\/es\/suburbios\/valle-de-san-fernando\/","og_locale":"es_ES","og_type":"article","og_title":"Valle de San Fernando - Los Angeles","og_description":"El Valle de San Fernando es una zona situada en el sur&hellip;","og_url":"https:\/\/www.losangeles.net.au\/es\/suburbios\/valle-de-san-fernando\/","og_site_name":"Los Angeles","article_modified_time":"2023-12-08T22:57:11+00:00","twitter_card":"summary_large_image","twitter_misc":{"Tiempo de lectura":"2 minutos"},"schema":{"@context":"https:\/\/schema.org","@graph":[{"@type":"WebPage","@id":"https:\/\/www.losangeles.net.au\/es\/suburbios\/valle-de-san-fernando\/","url":"https:\/\/www.losangeles.net.au\/es\/suburbios\/valle-de-san-fernando\/","name":"Valle de San Fernando - Los Angeles","isPartOf":{"@id":"https:\/\/www.losangeles.net.au\/es\/#website"},"datePublished":"2022-04-24T21:10:53+00:00","dateModified":"2023-12-08T22:57:11+00:00","breadcrumb":{"@id":"https:\/\/www.losangeles.net.au\/es\/suburbios\/valle-de-san-fernando\/#breadcrumb"},"inLanguage":"es","potentialAction":[{"@type":"ReadAction","target":["https:\/\/www.losangeles.net.au\/es\/suburbios\/valle-de-san-fernando\/"]}]},{"@type":"BreadcrumbList","@id":"https:\/\/www.losangeles.net.au\/es\/suburbios\/valle-de-san-fernando\/#breadcrumb","itemListElement":[{"@type":"ListItem","position":1,"name":"Home","item":"https:\/\/www.losangeles.net.au\/es\/"},{"@type":"ListItem","position":2,"name":"Suburbios","item":"https:\/\/www.losangeles.net.au\/es\/suburbios\/"},{"@type":"ListItem","position":3,"name":"Valle de San Fernando"}]},{"@type":"WebSite","@id":"https:\/\/www.losangeles.net.au\/es\/#website","url":"https:\/\/www.losangeles.net.au\/es\/","name":"Los Angeles","description":"Los Angeles Theme Parks, Tours, Flights, LA Hotels &amp; Travel Deals","potentialAction":[{"@type":"SearchAction","target":{"@type":"EntryPoint","urlTemplate":"https:\/\/www.losangeles.net.au\/es\/?s={search_term_string}"},"query-input":{"@type":"PropertyValueSpecification","valueRequired":true,"valueName":"search_term_string"}}],"inLanguage":"es"}]}},"_links":{"self":[{"href":"https:\/\/www.losangeles.net.au\/es\/wp-json\/wp\/v2\/pages\/3648","targetHints":{"allow":["GET"]}}],"collection":[{"href":"https:\/\/www.losangeles.net.au\/es\/wp-json\/wp\/v2\/pages"}],"about":[{"href":"https:\/\/www.losangeles.net.au\/es\/wp-json\/wp\/v2\/types\/page"}],"author":[{"embeddable":true,"href":"https:\/\/www.losangeles.net.au\/es\/wp-json\/wp\/v2\/users\/1"}],"replies":[{"embeddable":true,"href":"https:\/\/www.losangeles.net.au\/es\/wp-json\/wp\/v2\/comments?post=3648"}],"version-history":[{"count":0,"href":"https:\/\/www.losangeles.net.au\/es\/wp-json\/wp\/v2\/pages\/3648\/revisions"}],"up":[{"embeddable":true,"href":"https:\/\/www.losangeles.net.au\/es\/wp-json\/wp\/v2\/pages\/3643"}],"wp:attachment":[{"href":"https:\/\/www.losangeles.net.au\/es\/wp-json\/wp\/v2\/media?parent=3648"}],"curies":[{"name":"wp","href":"https:\/\/api.w.org\/{rel}","templated":true}]}}