{"id":3647,"date":"2024-05-28T04:37:30","date_gmt":"2024-05-27T18:37:30","guid":{"rendered":"https:\/\/www.losangeles.net.au\/parques-tematicos\/"},"modified":"2010-09-05T06:27:33","modified_gmt":"2010-09-04T20:27:33","slug":"parques-tematicos","status":"publish","type":"page","link":"https:\/\/www.losangeles.net.au\/es\/parques-tematicos\/","title":{"rendered":"Parques tem\u00e1ticos"},"content":{"rendered":"<p>Hay 5 grandes parques tem\u00e1ticos y 4 parques acu\u00e1ticos en la zona de Los \u00c1ngeles que ofrecen cientos de atracciones para los visitantes. Todos ellos son de pago, de modo que una vez que se ha pagado la entrada, todas las atracciones son gratuitas. Disneyland y Knott&#8217;s Berry Farm se encuentran en Anaheim, California, y Univerisal Studios y Six Flags, en los valles de Los \u00c1ngeles, a unos 95 km del centro de la ciudad.<\/p>\n<p>Es una buena idea reservar las entradas para las atracciones de los parques tem\u00e1ticos por Internet antes de llegar para evitar las largas colas y aprovechar al m\u00e1ximo el d\u00eda. Algunas de las atracciones tur\u00c3sticas m\u00c3\u00a1s populares son:<\/p>\n<ul>\n<li><a href=\"http:\/\/www.losangeles.net.au\/theme-parks\/universal-studios\/\">Universal Studios Hollywood<\/a><\/li>\n<li><a href=\"http:\/\/www.losangeles.net.au\/theme-parks\/knotts-berry-farm\/\">Entrada general para Knott&#8217;s Berry Farm<\/a><\/li>\n<li><a href=\"http:\/\/www.losangeles.net.au\/theme-parks\/disneyland\/\">Disneyland Los \u00c1ngeles<\/a><\/li>\n<li><a href=\"http:\/\/www.losangeles.net.au\/theme-parks\/california-adventure-park\/\">Parque Disney&#8217;s California Adventure<\/a><\/li>\n<li><a href=\"http:\/\/www.losangeles.net.au\/theme-parks\/six-flags\/\">Monta\u00f1a M\u00e1gica de Six Flags<\/a><\/li>\n<li><a href=\"http:\/\/www.losangeles.net.au\/theme-parks\/legoland\/\">Legoland California<\/a><\/li>\n<li><a href=\"http:\/\/www.losangeles.net.au\/theme-parks\/pacific-park\/\">Pacific Park en Santa M\u00f3nica<\/a><\/li>\n<li><a href=\"http:\/\/www.losangeles.net.au\/theme-parks\/seaworld\/\">SeaWorld de California<\/a><\/li>\n<\/ul>\n<p><strong>Parques tem\u00e1ticos de Los \u00c1ngeles<\/strong><br \/>\nDisneyland &#8211; Anaheim, Condado de Orange<br \/>\nDisney&#8217;s California Adventure Park &#8211; Situado junto a Disneyland<br \/>\nKnott&#8217;s Berry Farm &#8211; 8039 Beach Blvd, Buena Park, California<br \/>\nEstudios Universal &#8211; Universal City, Hollywood<br \/>\nSix Flags Magic Mountain &#8211; Valencia, California<\/p>\n<p><strong>Parques acu\u00e1ticos de Los \u00c1ngeles<\/strong><br \/>\nKnott&#8217;s Soak City &#8211; Situado junto a Knott&#8217;s Berry Farm<br \/>\nParque acu\u00e1tico Wild Rivers &#8211; Irvine, California<br \/>\nRaging Waters &#8211; San Dimas, California<br \/>\nHurricane Harbour &#8211; Valencia, California<\/p>\n<p><strong>Parques tem\u00e1ticos de San Diego<\/strong><br \/>\nLegoland California &#8211; Carlsbad, Norte de San Diego<br \/>\nSea World San Diego &#8211; Sea World Drive, San Diego, CA\u00e2\u20ac\u017d<br \/>\nSan Diego Wild Animal Park &#8211; 51 km al noreste de San Diego (cerca de Escondido)<br \/>\nZoo de San Diego &#8211; 2920 Zoo Drive, San Diego, CA<br \/>\nBelmont Park &#8211; 3190 Mission Boulevard, San Diego, CA<\/p>\n","protected":false},"excerpt":{"rendered":"<p>Hay 5 grandes parques tem\u00e1ticos y 4 parques acu\u00e1ticos en la zona&hellip;<\/p>\n","protected":false},"author":1,"featured_media":0,"parent":0,"menu_order":0,"comment_status":"closed","ping_status":"closed","template":"","meta":{"_monsterinsights_skip_tracking":false,"_monsterinsights_sitenote_active":false,"_monsterinsights_sitenote_note":"","_monsterinsights_sitenote_category":0,"footnotes":""},"class_list":["post-3647","page","type-page","status-publish","hentry"],"yoast_head":"<!-- This site is optimized with the Yoast SEO plugin v27.4 - https:\/\/yoast.com\/product\/yoast-seo-wordpress\/ -->\n<title>Parques tem\u00e1ticos - Los Angeles<\/title>\n<meta name=\"robots\" content=\"index, follow, max-snippet:-1, max-image-preview:large, max-video-preview:-1\" \/>\n<link rel=\"canonical\" href=\"https:\/\/www.losangeles.net.au\/es\/parques-tematicos\/\" \/>\n<meta property=\"og:locale\" content=\"es_ES\" \/>\n<meta property=\"og:type\" content=\"article\" \/>\n<meta property=\"og:title\" content=\"Parques tem\u00e1ticos - Los Angeles\" \/>\n<meta property=\"og:description\" content=\"Hay 5 grandes parques tem\u00e1ticos y 4 parques acu\u00e1ticos en la zona&hellip;\" \/>\n<meta property=\"og:url\" content=\"https:\/\/www.losangeles.net.au\/es\/parques-tematicos\/\" \/>\n<meta property=\"og:site_name\" content=\"Los Angeles\" \/>\n<meta name=\"twitter:card\" content=\"summary_large_image\" \/>\n<meta name=\"twitter:label1\" content=\"Tiempo de lectura\" \/>\n\t<meta name=\"twitter:data1\" content=\"1 minuto\" \/>\n<script type=\"application\/ld+json\" class=\"yoast-schema-graph\">{\"@context\":\"https:\\\/\\\/schema.org\",\"@graph\":[{\"@type\":\"WebPage\",\"@id\":\"https:\\\/\\\/www.losangeles.net.au\\\/es\\\/parques-tematicos\\\/\",\"url\":\"https:\\\/\\\/www.losangeles.net.au\\\/es\\\/parques-tematicos\\\/\",\"name\":\"Parques tem\u00e1ticos - Los Angeles\",\"isPartOf\":{\"@id\":\"https:\\\/\\\/www.losangeles.net.au\\\/es\\\/#website\"},\"datePublished\":\"2024-05-27T18:37:30+00:00\",\"breadcrumb\":{\"@id\":\"https:\\\/\\\/www.losangeles.net.au\\\/es\\\/parques-tematicos\\\/#breadcrumb\"},\"inLanguage\":\"es\",\"potentialAction\":[{\"@type\":\"ReadAction\",\"target\":[\"https:\\\/\\\/www.losangeles.net.au\\\/es\\\/parques-tematicos\\\/\"]}]},{\"@type\":\"BreadcrumbList\",\"@id\":\"https:\\\/\\\/www.losangeles.net.au\\\/es\\\/parques-tematicos\\\/#breadcrumb\",\"itemListElement\":[{\"@type\":\"ListItem\",\"position\":1,\"name\":\"Home\",\"item\":\"https:\\\/\\\/www.losangeles.net.au\\\/es\\\/\"},{\"@type\":\"ListItem\",\"position\":2,\"name\":\"Parques tem\u00e1ticos\"}]},{\"@type\":\"WebSite\",\"@id\":\"https:\\\/\\\/www.losangeles.net.au\\\/es\\\/#website\",\"url\":\"https:\\\/\\\/www.losangeles.net.au\\\/es\\\/\",\"name\":\"Los Angeles\",\"description\":\"Los Angeles Theme Parks, Tours, Flights, LA Hotels &amp; Travel Deals\",\"potentialAction\":[{\"@type\":\"SearchAction\",\"target\":{\"@type\":\"EntryPoint\",\"urlTemplate\":\"https:\\\/\\\/www.losangeles.net.au\\\/es\\\/?s={search_term_string}\"},\"query-input\":{\"@type\":\"PropertyValueSpecification\",\"valueRequired\":true,\"valueName\":\"search_term_string\"}}],\"inLanguage\":\"es\"}]}<\/script>\n<!-- \/ Yoast SEO plugin. -->","yoast_head_json":{"title":"Parques tem\u00e1ticos - Los Angeles","robots":{"index":"index","follow":"follow","max-snippet":"max-snippet:-1","max-image-preview":"max-image-preview:large","max-video-preview":"max-video-preview:-1"},"canonical":"https:\/\/www.losangeles.net.au\/es\/parques-tematicos\/","og_locale":"es_ES","og_type":"article","og_title":"Parques tem\u00e1ticos - Los Angeles","og_description":"Hay 5 grandes parques tem\u00e1ticos y 4 parques acu\u00e1ticos en la zona&hellip;","og_url":"https:\/\/www.losangeles.net.au\/es\/parques-tematicos\/","og_site_name":"Los Angeles","twitter_card":"summary_large_image","twitter_misc":{"Tiempo de lectura":"1 minuto"},"schema":{"@context":"https:\/\/schema.org","@graph":[{"@type":"WebPage","@id":"https:\/\/www.losangeles.net.au\/es\/parques-tematicos\/","url":"https:\/\/www.losangeles.net.au\/es\/parques-tematicos\/","name":"Parques tem\u00e1ticos - Los Angeles","isPartOf":{"@id":"https:\/\/www.losangeles.net.au\/es\/#website"},"datePublished":"2024-05-27T18:37:30+00:00","breadcrumb":{"@id":"https:\/\/www.losangeles.net.au\/es\/parques-tematicos\/#breadcrumb"},"inLanguage":"es","potentialAction":[{"@type":"ReadAction","target":["https:\/\/www.losangeles.net.au\/es\/parques-tematicos\/"]}]},{"@type":"BreadcrumbList","@id":"https:\/\/www.losangeles.net.au\/es\/parques-tematicos\/#breadcrumb","itemListElement":[{"@type":"ListItem","position":1,"name":"Home","item":"https:\/\/www.losangeles.net.au\/es\/"},{"@type":"ListItem","position":2,"name":"Parques tem\u00e1ticos"}]},{"@type":"WebSite","@id":"https:\/\/www.losangeles.net.au\/es\/#website","url":"https:\/\/www.losangeles.net.au\/es\/","name":"Los Angeles","description":"Los Angeles Theme Parks, Tours, Flights, LA Hotels &amp; Travel Deals","potentialAction":[{"@type":"SearchAction","target":{"@type":"EntryPoint","urlTemplate":"https:\/\/www.losangeles.net.au\/es\/?s={search_term_string}"},"query-input":{"@type":"PropertyValueSpecification","valueRequired":true,"valueName":"search_term_string"}}],"inLanguage":"es"}]}},"_links":{"self":[{"href":"https:\/\/www.losangeles.net.au\/es\/wp-json\/wp\/v2\/pages\/3647","targetHints":{"allow":["GET"]}}],"collection":[{"href":"https:\/\/www.losangeles.net.au\/es\/wp-json\/wp\/v2\/pages"}],"about":[{"href":"https:\/\/www.losangeles.net.au\/es\/wp-json\/wp\/v2\/types\/page"}],"author":[{"embeddable":true,"href":"https:\/\/www.losangeles.net.au\/es\/wp-json\/wp\/v2\/users\/1"}],"replies":[{"embeddable":true,"href":"https:\/\/www.losangeles.net.au\/es\/wp-json\/wp\/v2\/comments?post=3647"}],"version-history":[{"count":0,"href":"https:\/\/www.losangeles.net.au\/es\/wp-json\/wp\/v2\/pages\/3647\/revisions"}],"wp:attachment":[{"href":"https:\/\/www.losangeles.net.au\/es\/wp-json\/wp\/v2\/media?parent=3647"}],"curies":[{"name":"wp","href":"https:\/\/api.w.org\/{rel}","templated":true}]}}