{"id":3645,"date":"2024-01-05T12:16:56","date_gmt":"2024-01-05T01:16:56","guid":{"rendered":"https:\/\/www.losangeles.net.au\/seaworld-san-diego\/"},"modified":"2024-01-10T09:12:58","modified_gmt":"2024-01-09T22:12:58","slug":"seaworld-san-diego","status":"publish","type":"page","link":"https:\/\/www.losangeles.net.au\/es\/parques-tematicos\/seaworld-san-diego\/","title":{"rendered":"SeaWorld San Diego"},"content":{"rendered":"<p>Los parques tem\u00e1ticos son divertidos para toda la familia, tanto si es usted un adicto a la adrenalina en busca de su pr\u00f3xima dosis de monta\u00f1a rusa, como si quiere volver a sentirse como un ni\u00f1o peque\u00f1o o que sus hijos se lo pasen mejor que nunca, California le ofrece todo eso y mucho m\u00e1s.<\/p>\n<p>El parque tem\u00e1tico SeaWorld San Diego, en California, es una estupenda excursi\u00f3n familiar para los amantes de las emociones fuertes, los ni\u00f1os y los animales: \u00a1este parque lo tiene todo en uno! Desde atracciones para adultos y entretenimiento infantil hasta los famosos espect\u00e1culos de Shamu y los delfines, SeaWorld de California es un d\u00eda que disfrutar\u00e1 todo el mundo.<\/p>\n<p>El parque abre de 10.00 a 19.30 horas y es f\u00e1cilmente accesible en transporte p\u00fablico. El parque tambi\u00e9n ofrece un servicio de alquiler de cochecitos para llevar a los m\u00e1s peque\u00f1os por el parque e incluso dispone de alquiler de sillas de ruedas y un programa de accesibilidad a las atracciones para los visitantes que deseen utilizar un acceso especial.<\/p>\n<p>Para los amantes de las emociones fuertes de la familia est\u00e1 el Viaje a la Atl\u00e1ntida, una atracci\u00f3n acu\u00e1tica que le transportar\u00e1 a la civilizaci\u00f3n perdida, surcar las olas en los R\u00e1pidos del Naufragio y embarcarse en un emocionante viaje en helic\u00f3ptero en la atracci\u00f3n Wild Arctic Ride. Para los m\u00e1s aventureros, Sea World San Diego cuenta ahora con la monta\u00f1a rusa Manta, que sube la adrenalina. Para entretener a los m\u00e1s peque\u00f1os est\u00e1n Elmo&#8217;s Flying Fish, Abby&#8217;s Sea Star Spin y Oscar&#8217;s Rocking Eel.<\/p>\n<p>SeaWorld de California ofrece una gran variedad de espect\u00e1culos divertidos para toda la familia. Contemple a los delfines hacer de las suyas en Horizontes Azules, vea a los leones marinos en directo, observe los mejores trucos caninos en Pets Rule y visite a Elmo y sus amigos en Barrio S\u00e9samo Presenta: Luces, C\u00e1mara, Imaginaci\u00f3n. Vea tambi\u00e9n a las famosas orcas de SeaWorld actuar en Shamu Rocks, conozca la historia de Shamu en The Shamu Story y disfrute del nuevo espect\u00e1culo de Shamu de SeaWorld, One Ocean.<\/p>\n<p>Los amantes de los animales tambi\u00e9n podr\u00e1n conocer de cerca a algunos de los residentes de SeaWorld. Toque a un mular en Dolphin Point, interact\u00fae con delfines y belugas galeses en los programas de interacci\u00f3n de SeaWorld y enfr\u00e9ntese a tiburones mientras recorre uno de los t\u00faneles submarinos m\u00e1s grandes del mundo.<\/p>\n<p>Despu\u00e9s de toda esa emoci\u00f3n, puede reponer fuerzas con un poco de comida y bebida en muchos de los lugares de restauraci\u00f3n del parque, \u00a1o incluso desayunar o cenar con Shamu! Quienes deseen recorrer las tiendas tendr\u00e1n muchas oportunidades de comprar un buen regalo como recuerdo del d\u00eda.<\/p>\n<p>Entre los pr\u00f3ximos eventos que no debe perderse figuran Halloween Spectacular, del 29 al 30 de septiembre y los fines de semana de octubre, y SeaWorld&#8217;s Christmas Celebration, los fines de semana de noviembre y todo el mes de diciembre.<\/p>\n<p>Para visitar uno de los mejores parques tem\u00c3\u00a1ticos de California reserve hoy en l\u00c3nea y ahorre dinero en las entradas a <a href=\"http:\/\/www.shareasale.com\/r.cfm?u=403568&amp;b=132440&amp;m=18208&amp;afftrack=&amp;urllink=www%2Eviator%2Ecom%2Ftours%2FLos%2DAngeles%2FSeaWorld%2Dof%2DCalifornia%2Dwith%2DTransport%2Fd645%2D2290%5FB0007\" target=\"_blank\" rel=\"noopener\">SeaWorld de California con Transfers\u00c2<\/a>.<\/p>\n<figure id=\"attachment_2281\" aria-describedby=\"caption-attachment-2281\" style=\"width: 936px\" class=\"wp-caption aligncenter\"><img decoding=\"async\" class=\"size-full wp-image-105\" src=\"https:\/\/www.losangeles.net.au\/wp-content\/uploads\/2012\/10\/SeaWorld-San-Diego-Theme-Park-Map.jpeg\" alt=\"Mapa de SeaWorld San Diego\" width=\"936\" height=\"538\" srcset=\"https:\/\/www.losangeles.net.au\/wp-content\/uploads\/2012\/10\/SeaWorld-San-Diego-Theme-Park-Map.jpeg 936w, https:\/\/www.losangeles.net.au\/wp-content\/uploads\/2012\/10\/SeaWorld-San-Diego-Theme-Park-Map-300x172.jpeg 300w\" sizes=\"(max-width: 936px) 100vw, 936px\" \/><figcaption id=\"caption-attachment-2281\" class=\"wp-caption-text\">Mapa de SeaWorld San Diego<\/figcaption><\/figure>\n","protected":false},"excerpt":{"rendered":"<p>Los parques tem\u00e1ticos son divertidos para toda la familia, tanto si es&hellip;<\/p>\n","protected":false},"author":1,"featured_media":2293,"parent":3647,"menu_order":0,"comment_status":"closed","ping_status":"closed","template":"","meta":{"_monsterinsights_skip_tracking":false,"_monsterinsights_sitenote_active":false,"_monsterinsights_sitenote_note":"","_monsterinsights_sitenote_category":0,"footnotes":""},"class_list":["post-3645","page","type-page","status-publish","has-post-thumbnail","hentry"],"yoast_head":"<!-- This site is optimized with the Yoast SEO plugin v27.4 - https:\/\/yoast.com\/product\/yoast-seo-wordpress\/ -->\n<title>SeaWorld San Diego - Los Angeles<\/title>\n<meta name=\"robots\" content=\"index, follow, max-snippet:-1, max-image-preview:large, max-video-preview:-1\" \/>\n<link rel=\"canonical\" href=\"https:\/\/www.losangeles.net.au\/es\/parques-tematicos\/seaworld-san-diego\/\" \/>\n<meta property=\"og:locale\" content=\"es_ES\" \/>\n<meta property=\"og:type\" content=\"article\" \/>\n<meta property=\"og:title\" content=\"SeaWorld San Diego - Los Angeles\" \/>\n<meta property=\"og:description\" content=\"Los parques tem\u00e1ticos son divertidos para toda la familia, tanto si es&hellip;\" \/>\n<meta property=\"og:url\" content=\"https:\/\/www.losangeles.net.au\/es\/parques-tematicos\/seaworld-san-diego\/\" \/>\n<meta property=\"og:site_name\" content=\"Los Angeles\" \/>\n<meta property=\"article:modified_time\" content=\"2024-01-09T22:12:58+00:00\" \/>\n<meta property=\"og:image\" content=\"https:\/\/www.losangeles.net.au\/wp-content\/uploads\/2012\/10\/SeaWorld-logo.png\" \/>\n\t<meta property=\"og:image:width\" content=\"523\" \/>\n\t<meta property=\"og:image:height\" content=\"265\" \/>\n\t<meta property=\"og:image:type\" content=\"image\/png\" \/>\n<meta name=\"twitter:card\" content=\"summary_large_image\" \/>\n<meta name=\"twitter:label1\" content=\"Tiempo de lectura\" \/>\n\t<meta name=\"twitter:data1\" content=\"3 minutos\" \/>\n<script type=\"application\/ld+json\" class=\"yoast-schema-graph\">{\"@context\":\"https:\\\/\\\/schema.org\",\"@graph\":[{\"@type\":\"WebPage\",\"@id\":\"https:\\\/\\\/www.losangeles.net.au\\\/es\\\/parques-tematicos\\\/seaworld-san-diego\\\/\",\"url\":\"https:\\\/\\\/www.losangeles.net.au\\\/es\\\/parques-tematicos\\\/seaworld-san-diego\\\/\",\"name\":\"SeaWorld San Diego - Los Angeles\",\"isPartOf\":{\"@id\":\"https:\\\/\\\/www.losangeles.net.au\\\/es\\\/#website\"},\"primaryImageOfPage\":{\"@id\":\"https:\\\/\\\/www.losangeles.net.au\\\/es\\\/parques-tematicos\\\/seaworld-san-diego\\\/#primaryimage\"},\"image\":{\"@id\":\"https:\\\/\\\/www.losangeles.net.au\\\/es\\\/parques-tematicos\\\/seaworld-san-diego\\\/#primaryimage\"},\"thumbnailUrl\":\"https:\\\/\\\/www.losangeles.net.au\\\/wp-content\\\/uploads\\\/2012\\\/10\\\/SeaWorld-logo.png\",\"datePublished\":\"2024-01-05T01:16:56+00:00\",\"dateModified\":\"2024-01-09T22:12:58+00:00\",\"breadcrumb\":{\"@id\":\"https:\\\/\\\/www.losangeles.net.au\\\/es\\\/parques-tematicos\\\/seaworld-san-diego\\\/#breadcrumb\"},\"inLanguage\":\"es\",\"potentialAction\":[{\"@type\":\"ReadAction\",\"target\":[\"https:\\\/\\\/www.losangeles.net.au\\\/es\\\/parques-tematicos\\\/seaworld-san-diego\\\/\"]}]},{\"@type\":\"ImageObject\",\"inLanguage\":\"es\",\"@id\":\"https:\\\/\\\/www.losangeles.net.au\\\/es\\\/parques-tematicos\\\/seaworld-san-diego\\\/#primaryimage\",\"url\":\"https:\\\/\\\/www.losangeles.net.au\\\/wp-content\\\/uploads\\\/2012\\\/10\\\/SeaWorld-logo.png\",\"contentUrl\":\"https:\\\/\\\/www.losangeles.net.au\\\/wp-content\\\/uploads\\\/2012\\\/10\\\/SeaWorld-logo.png\",\"width\":523,\"height\":265,\"caption\":\"SeaWorld San Diego\"},{\"@type\":\"BreadcrumbList\",\"@id\":\"https:\\\/\\\/www.losangeles.net.au\\\/es\\\/parques-tematicos\\\/seaworld-san-diego\\\/#breadcrumb\",\"itemListElement\":[{\"@type\":\"ListItem\",\"position\":1,\"name\":\"Home\",\"item\":\"https:\\\/\\\/www.losangeles.net.au\\\/es\\\/\"},{\"@type\":\"ListItem\",\"position\":2,\"name\":\"Parques tem\u00e1ticos\",\"item\":\"https:\\\/\\\/www.losangeles.net.au\\\/es\\\/parques-tematicos\\\/\"},{\"@type\":\"ListItem\",\"position\":3,\"name\":\"SeaWorld San Diego\"}]},{\"@type\":\"WebSite\",\"@id\":\"https:\\\/\\\/www.losangeles.net.au\\\/es\\\/#website\",\"url\":\"https:\\\/\\\/www.losangeles.net.au\\\/es\\\/\",\"name\":\"Los Angeles\",\"description\":\"Los Angeles Theme Parks, Tours, Flights, LA Hotels &amp; Travel Deals\",\"potentialAction\":[{\"@type\":\"SearchAction\",\"target\":{\"@type\":\"EntryPoint\",\"urlTemplate\":\"https:\\\/\\\/www.losangeles.net.au\\\/es\\\/?s={search_term_string}\"},\"query-input\":{\"@type\":\"PropertyValueSpecification\",\"valueRequired\":true,\"valueName\":\"search_term_string\"}}],\"inLanguage\":\"es\"}]}<\/script>\n<!-- \/ Yoast SEO plugin. -->","yoast_head_json":{"title":"SeaWorld San Diego - Los Angeles","robots":{"index":"index","follow":"follow","max-snippet":"max-snippet:-1","max-image-preview":"max-image-preview:large","max-video-preview":"max-video-preview:-1"},"canonical":"https:\/\/www.losangeles.net.au\/es\/parques-tematicos\/seaworld-san-diego\/","og_locale":"es_ES","og_type":"article","og_title":"SeaWorld San Diego - Los Angeles","og_description":"Los parques tem\u00e1ticos son divertidos para toda la familia, tanto si es&hellip;","og_url":"https:\/\/www.losangeles.net.au\/es\/parques-tematicos\/seaworld-san-diego\/","og_site_name":"Los Angeles","article_modified_time":"2024-01-09T22:12:58+00:00","og_image":[{"width":523,"height":265,"url":"https:\/\/www.losangeles.net.au\/wp-content\/uploads\/2012\/10\/SeaWorld-logo.png","type":"image\/png"}],"twitter_card":"summary_large_image","twitter_misc":{"Tiempo de lectura":"3 minutos"},"schema":{"@context":"https:\/\/schema.org","@graph":[{"@type":"WebPage","@id":"https:\/\/www.losangeles.net.au\/es\/parques-tematicos\/seaworld-san-diego\/","url":"https:\/\/www.losangeles.net.au\/es\/parques-tematicos\/seaworld-san-diego\/","name":"SeaWorld San Diego - Los Angeles","isPartOf":{"@id":"https:\/\/www.losangeles.net.au\/es\/#website"},"primaryImageOfPage":{"@id":"https:\/\/www.losangeles.net.au\/es\/parques-tematicos\/seaworld-san-diego\/#primaryimage"},"image":{"@id":"https:\/\/www.losangeles.net.au\/es\/parques-tematicos\/seaworld-san-diego\/#primaryimage"},"thumbnailUrl":"https:\/\/www.losangeles.net.au\/wp-content\/uploads\/2012\/10\/SeaWorld-logo.png","datePublished":"2024-01-05T01:16:56+00:00","dateModified":"2024-01-09T22:12:58+00:00","breadcrumb":{"@id":"https:\/\/www.losangeles.net.au\/es\/parques-tematicos\/seaworld-san-diego\/#breadcrumb"},"inLanguage":"es","potentialAction":[{"@type":"ReadAction","target":["https:\/\/www.losangeles.net.au\/es\/parques-tematicos\/seaworld-san-diego\/"]}]},{"@type":"ImageObject","inLanguage":"es","@id":"https:\/\/www.losangeles.net.au\/es\/parques-tematicos\/seaworld-san-diego\/#primaryimage","url":"https:\/\/www.losangeles.net.au\/wp-content\/uploads\/2012\/10\/SeaWorld-logo.png","contentUrl":"https:\/\/www.losangeles.net.au\/wp-content\/uploads\/2012\/10\/SeaWorld-logo.png","width":523,"height":265,"caption":"SeaWorld San Diego"},{"@type":"BreadcrumbList","@id":"https:\/\/www.losangeles.net.au\/es\/parques-tematicos\/seaworld-san-diego\/#breadcrumb","itemListElement":[{"@type":"ListItem","position":1,"name":"Home","item":"https:\/\/www.losangeles.net.au\/es\/"},{"@type":"ListItem","position":2,"name":"Parques tem\u00e1ticos","item":"https:\/\/www.losangeles.net.au\/es\/parques-tematicos\/"},{"@type":"ListItem","position":3,"name":"SeaWorld San Diego"}]},{"@type":"WebSite","@id":"https:\/\/www.losangeles.net.au\/es\/#website","url":"https:\/\/www.losangeles.net.au\/es\/","name":"Los Angeles","description":"Los Angeles Theme Parks, Tours, Flights, LA Hotels &amp; Travel Deals","potentialAction":[{"@type":"SearchAction","target":{"@type":"EntryPoint","urlTemplate":"https:\/\/www.losangeles.net.au\/es\/?s={search_term_string}"},"query-input":{"@type":"PropertyValueSpecification","valueRequired":true,"valueName":"search_term_string"}}],"inLanguage":"es"}]}},"_links":{"self":[{"href":"https:\/\/www.losangeles.net.au\/es\/wp-json\/wp\/v2\/pages\/3645","targetHints":{"allow":["GET"]}}],"collection":[{"href":"https:\/\/www.losangeles.net.au\/es\/wp-json\/wp\/v2\/pages"}],"about":[{"href":"https:\/\/www.losangeles.net.au\/es\/wp-json\/wp\/v2\/types\/page"}],"author":[{"embeddable":true,"href":"https:\/\/www.losangeles.net.au\/es\/wp-json\/wp\/v2\/users\/1"}],"replies":[{"embeddable":true,"href":"https:\/\/www.losangeles.net.au\/es\/wp-json\/wp\/v2\/comments?post=3645"}],"version-history":[{"count":0,"href":"https:\/\/www.losangeles.net.au\/es\/wp-json\/wp\/v2\/pages\/3645\/revisions"}],"up":[{"embeddable":true,"href":"https:\/\/www.losangeles.net.au\/es\/wp-json\/wp\/v2\/pages\/3647"}],"wp:featuredmedia":[{"embeddable":true,"href":"https:\/\/www.losangeles.net.au\/es\/wp-json\/wp\/v2\/media\/2293"}],"wp:attachment":[{"href":"https:\/\/www.losangeles.net.au\/es\/wp-json\/wp\/v2\/media?parent=3645"}],"curies":[{"name":"wp","href":"https:\/\/api.w.org\/{rel}","templated":true}]}}