{"id":3643,"date":"2024-04-04T20:22:14","date_gmt":"2024-04-04T09:22:14","guid":{"rendered":"https:\/\/www.losangeles.net.au\/suburbios\/"},"modified":"2010-09-24T00:11:00","modified_gmt":"2010-09-23T14:11:00","slug":"suburbios","status":"publish","type":"page","link":"https:\/\/www.losangeles.net.au\/es\/suburbios\/","title":{"rendered":"Suburbios"},"content":{"rendered":"<p>Hay muchos suburbios en Los \u00c1ngeles, pero algunos de los m\u00e1s conocidos son Beverly Hills, Pasadena y Santa M\u00f3nica. Cada uno de estos suburbios tiene su propia cultura y servicios que lo convierten en un lugar deseable para vivir. Beverly Hills es el hogar de muchas celebridades y casas de lujo, mientras que Pasadena es conocida por su escena art\u00edstica y cultural. Santa M\u00f3nica es una popular ciudad costera con numerosas tiendas y restaurantes. Tanto si busca una vida suburbana tranquila como un ambiente urbano m\u00e1s animado, seguro que lo encontrar\u00e1 en uno de los suburbios de Los \u00c1ngeles. Los distritos y barrios de la ciudad de Los \u00c1ngeles est\u00e1n organizados por regiones.<\/p>\n<ul>\n<li>Santa Monica<\/li>\n<li>Playa de Venecia<\/li>\n<li>Beverly Hills<\/li>\n<li>Lago Toluca<\/li>\n<li>Torrance<\/li>\n<li>El Segundo<\/li>\n<li>Hollywood<\/li>\n<li>Isla Catalina<\/li>\n<li>Palos Verdes Estates<\/li>\n<li>Pasadena<\/li>\n<li>Playa de Manhattan<\/li>\n<li>Playa Hermosa<\/li>\n<li>Marina del Rey<\/li>\n<li>Bel Air<\/li>\n<li>Brentwood<\/li>\n<li>Culver City<\/li>\n<li>Malib\u00fa<\/li>\n<li>Playa Redondo<\/li>\n<li>Glendale<\/li>\n<\/ul>\n<p><span style=\"text-decoration: underline;\">Los \u00c1ngeles Centro Suburbios<\/span><\/p>\n<p>La regi\u00f3n del centro de Los \u00c1ngeles es la m\u00e1s peque\u00f1a en superficie, pero incluye una gran variedad de barrios que constituyen el coraz\u00f3n pol\u00edtico, hist\u00f3rico y cultural de la ciudad. En el centro de Los \u00c1ngeles se encuentran desde el n\u00facleo hist\u00f3rico de Little Tokyo y China Town hasta los modernos y relucientes rascacielos del distrito financiero, adem\u00e1s de numerosas atracciones culturales y de ocio. La ventaja para los turistas es que el centro de Los \u00c1ngeles es tambi\u00e9n el centro de la mayor\u00eda de los transportes, con varias de las principales autopistas de Los \u00c1ngeles a su paso, y tambi\u00e9n es la ubicaci\u00f3n de Union Station, que conecta los trenes regionales con la l\u00ednea de metro y la red de autobuses locales.<\/p>\n<p>El centro de Los \u00c1ngeles est\u00e1 formado por los siguientes suburbios:<\/p>\n<ul>\n<li>Distrito de las Flores<\/li>\n<li>Barrio joyero<\/li>\n<li>Skid Row<\/li>\n<li>Parque Sur<\/li>\n<li>Antiguo distrito bancario<\/li>\n<li>Distrito del Juguete<\/li>\n<li>Distrito de las Artes<\/li>\n<li>Distrito de la Moda<\/li>\n<li>Galer\u00eda Fila<\/li>\n<\/ul>\n<p><span style=\"text-decoration: underline;\">Sur de Los \u00c1ngeles<\/span><br \/>\nSituada casi directamente al sur del centro de Los \u00c1ngeles, la zona antes conocida como South-Central, pero ahora denominada South Los Angeles, llega casi hasta la zona portuaria del Puerto de Los \u00c1ngeles.<\/p>\n<p>El sur de Los \u00c1ngeles est\u00e1 formado por los siguientes suburbios:<\/p>\n<ul>\n<li>Compton<\/li>\n<li>Inglewood<\/li>\n<li>Crenshaw<\/li>\n<li>Willowbrook<\/li>\n<li>Adams Oeste<\/li>\n<li>Hyde Park<\/li>\n<li>Plaza Vermont<\/li>\n<li>Baldwin Hills<\/li>\n<\/ul>\n<p>Los \u00c1ngeles Echo Park y Westlake<br \/>\nSituada al oeste del centro de Los \u00c1ngeles, en esta zona se construyeron algunos de los primeros estudios cinematogr\u00e1ficos de la ciudad y cuenta con una arquitectura caracter\u00edstica de principios del siglo XX, incluidas varias casas victorianas restauradas en Angelion Heights. Esta zona de Los \u00c1ngeles es tambi\u00e9n el suburbio m\u00e1s densamente poblado de la ciudad y alberga una comunidad diversa de inmigrantes latinos.<\/p>\n<p>Echo Park &amp; Westlake est\u00e1 formado por los siguientes suburbios:<\/p>\n<ul>\n<li>Ciudad hist\u00f3rica filipina<\/li>\n<li>Barrio Bizantino-Latino<\/li>\n<li>Angelino Heights<\/li>\n<li>Harvard Heights<\/li>\n<li>Parque Lafayette<\/li>\n<li>Pico-Uni\u00f3n<\/li>\n<\/ul>\n<p>Los Feliz y Silverlake, Los \u00c1ngeles<br \/>\nEsta regi\u00f3n de Los \u00c1ngeles contiene algunos de los barrios residenciales m\u00e1s antiguos, est\u00e1 situada entre el r\u00edo Los \u00c1ngeles y Hollywood y alberga los parques p\u00fablicos m\u00e1s grandes de la ciudad, Elysian y Griffith Park. Al igual que gran parte de Los \u00c1ngeles las zonas m\u00e1s cercanas a las colinas son significativamente m\u00e1s ricos, pero en los \u00faltimos 10 a\u00f1os el \u00e1rea alrededor de Sunset Boulevard y Silver Lake Reservoir se ha asociado con la gentrificaci\u00f3n con las familias de clase trabajadora m\u00e1s bajos se mueven hacia fuera debido a los crecientes costos de la vivienda.<\/p>\n<p>Los Feliz y Silverlake se compone de los siguientes suburbios:<\/p>\n<ul>\n<li>Sunset Junction<\/li>\n<li>Franklin Hills<\/li>\n<li>Parque El\u00edseo<\/li>\n<li>Ca\u00f1\u00f3n del Solano<\/li>\n<\/ul>\n<p>Hollywood, Los \u00c1ngeles<br \/>\nAunque la zona es conocida por su industria cinematogr\u00e1fica, gran parte de la producci\u00f3n se ha trasladado a ciudades vecinas debido a los costes, pero eso no ha impedido que los turistas se congreguen en Hollywood Boulevard para mirar hacia las monta\u00f1as de Santa M\u00f3nica y vislumbrar el letrero de Hollywood. En los \u00faltimos 10 a\u00f1os, el distrito de Hollywood ha cobrado nueva vida con nuevas estaciones de metro y m\u00faltiples urbanizaciones, y es sin duda un lugar que hay que visitar cuando se est\u00e1 en Los \u00c1ngeles.<\/p>\n<p>Hollywood est\u00e1 formado por los siguientes suburbios:<\/p>\n<ul>\n<li>Hollywood Hills<\/li>\n<li>Hollywood Este<\/li>\n<li>Peque\u00f1a Armenia<\/li>\n<li>Ciudad tailandesa<\/li>\n<li>Pueblo Virgil<\/li>\n<li>Melrose Hill<\/li>\n<li>Sierra Vista<\/li>\n<li>Ca\u00f1\u00f3n Beachwood<\/li>\n<li>Monte Olimpo<\/li>\n<li>Sunset Hills<\/li>\n<\/ul>\n<p>Valle de San Fernando \u00abEl Valle\u00bb<br \/>\nEl Valle es la mayor regi\u00f3n dentro de la ciudad de Los \u00c1ngeles y est\u00e1 formado principalmente por suburbios y constituye el 40% de la poblaci\u00f3n y de la ciudad de Los \u00c1ngeles por superficie. El valle incluye partes del valle de Cresecenta y su l\u00edmite sur est\u00e1 formado por Mulholland Drive, en las monta\u00f1as de Santa M\u00f3nica.<\/p>\n<p><a href=\"https:\/\/www.losangeles.net.au\/suburbs\/san-fernando-valley\/\">El Valle de San Fernando<\/a> est\u00e1 formado por los siguientes suburbios:<\/p>\n<ul>\n<li>Valle de Crescenta<\/li>\n<li>Granada Hills<\/li>\n<li>Ca\u00f1\u00f3n de la Tuna<\/li>\n<li>Hollywood Norte<\/li>\n<li>Colinas del Norte<\/li>\n<li>Reseda<\/li>\n<li>Ciudad Panorama<\/li>\n<li>Encino<\/li>\n<li>Ciudad Estudio<\/li>\n<li>Lago Toluca<\/li>\n<li>Centro Warner<\/li>\n<li>Distrito comercial de Ventura<\/li>\n<\/ul>\n<p>Wilshire, Los \u00c1ngeles<br \/>\nSituado al este de Beverly hills, al sur de Hollywood y al oeste <a href=\"https:\/\/www.losangeles.net.au\/suburbs\/los-angeles-downtown-suburbs\/\">del centro de Los \u00c1ngeles<\/a>, Wilshire es un conjunto de familias adineradas, de clase media y trabajadora agrupadas en torno a Wilshire Boulevard. Recientemente sus suburbios han experimentado un renacimiento con la construcci\u00f3n de nuevos apartamentos en la ciudad de Corea a lo largo de Wilshire Boulevard.<\/p>\n<p>Wilshire est\u00e1 formado por los siguientes suburbios:<\/p>\n<ul>\n<li>Centro de la ciudad<\/li>\n<li>Distrito de Fairfax<\/li>\n<li>Pico Oeste<\/li>\n<li>Gran Hancock Park<\/li>\n<li>Carthay<\/li>\n<li>La milla del milagro<\/li>\n<li>Parque Wilshire<\/li>\n<li>Barrio Coreano<\/li>\n<\/ul>\n<p>Oeste de Los \u00c1ngeles \u00abWestside\u00bb<br \/>\nLa zona alberga la mayor concentraci\u00f3n de riqueza de Los \u00c1ngeles, ya que sus residentes se sienten atra\u00eddos por su proximidad al oc\u00e9ano y sus ondulantes colinas, y cuenta con algunas de las urbanizaciones m\u00e1s lujosas del pa\u00eds. Westside LA es el hogar de Pacific Palisades y Bel-Air, pero tambi\u00e9n se sabe que abarca zonas de las ciudades colindantes, pero tambi\u00e9n se refiere a un \u00e1rea espec\u00edfica al este de Santa M\u00f3nica y al sur de Brentwood. El oeste de Los \u00c1ngeles est\u00e1 delimitado en parte por Wilshire y Beverly Hills al este y el oc\u00e9ano Pac\u00edfico al oeste, que se extiende hasta Culver City al sur.<\/p>\n<p>El oeste de Los \u00c1ngeles est\u00e1 formado por los siguientes suburbios:<\/p>\n<ul>\n<li>Bel-Air<\/li>\n<li>Beverlywood<\/li>\n<li>Brentwood<\/li>\n<li>Dely Rey<\/li>\n<li>Mar Vista<\/li>\n<li>Cheviot Hills<\/li>\n<li>Pacific Palisades<\/li>\n<li>Parque Rancho<\/li>\n<li>Venecia<\/li>\n<li>Westchester<\/li>\n<li>Westwood<\/li>\n<li>Aeropuerto Internacional de Los \u00c1ngeles<\/li>\n<\/ul>\n<p><span style=\"text-decoration: underline;\">Los \u00c1ngeles por prefijos telef\u00f3nicos<\/span><br \/>\nLa ciudad de Los \u00c1ngeles puede dividirse f\u00e1cilmente en varios prefijos telef\u00f3nicos. El prefijo telef\u00f3nico 213 de Los \u00c1ngeles abarca el centro de la ciudad y los barrios adyacentes, como Chinatown, Little Tokio, Bunker Hill, el centro hist\u00f3rico y el distrito financiero, entre otros.<\/p>\n<p>La gran mayor\u00eda de las zonas del centro de Los \u00c1ngeles se encuentran dentro del prefijo telef\u00f3nico 323, que incluye Hollywood, East Hollywood Mid-Wilshire y South LA. Los prefijos telef\u00f3nicos 310 y 424 cubren la mayor parte del oeste de Los \u00c1ngeles y otras ciudades del oeste, incluida la zona del puerto. El \u00faltimo prefijo telef\u00f3nico de la ciudad de Los \u00c1ngeles, el 818, cubre el valle de San Fernando e incluye el valle de Crescenta.<\/p>\n","protected":false},"excerpt":{"rendered":"<p>Hay muchos suburbios en Los \u00c1ngeles, pero algunos de los m\u00e1s conocidos&hellip;<\/p>\n","protected":false},"author":1,"featured_media":0,"parent":0,"menu_order":0,"comment_status":"closed","ping_status":"closed","template":"","meta":{"_monsterinsights_skip_tracking":false,"_monsterinsights_sitenote_active":false,"_monsterinsights_sitenote_note":"","_monsterinsights_sitenote_category":0,"footnotes":""},"class_list":["post-3643","page","type-page","status-publish","hentry"],"yoast_head":"<!-- This site is optimized with the Yoast SEO plugin v27.4 - https:\/\/yoast.com\/product\/yoast-seo-wordpress\/ -->\n<title>Suburbios - Los Angeles<\/title>\n<meta name=\"robots\" content=\"index, follow, max-snippet:-1, max-image-preview:large, max-video-preview:-1\" \/>\n<link rel=\"canonical\" href=\"https:\/\/www.losangeles.net.au\/es\/suburbios\/\" \/>\n<meta property=\"og:locale\" content=\"es_ES\" \/>\n<meta property=\"og:type\" content=\"article\" \/>\n<meta property=\"og:title\" content=\"Suburbios - Los Angeles\" \/>\n<meta property=\"og:description\" content=\"Hay muchos suburbios en Los \u00c1ngeles, pero algunos de los m\u00e1s conocidos&hellip;\" \/>\n<meta property=\"og:url\" content=\"https:\/\/www.losangeles.net.au\/es\/suburbios\/\" \/>\n<meta property=\"og:site_name\" content=\"Los Angeles\" \/>\n<meta name=\"twitter:card\" content=\"summary_large_image\" \/>\n<meta name=\"twitter:label1\" content=\"Tiempo de lectura\" \/>\n\t<meta name=\"twitter:data1\" content=\"6 minutos\" \/>\n<script type=\"application\/ld+json\" class=\"yoast-schema-graph\">{\"@context\":\"https:\\\/\\\/schema.org\",\"@graph\":[{\"@type\":\"WebPage\",\"@id\":\"https:\\\/\\\/www.losangeles.net.au\\\/es\\\/suburbios\\\/\",\"url\":\"https:\\\/\\\/www.losangeles.net.au\\\/es\\\/suburbios\\\/\",\"name\":\"Suburbios - Los Angeles\",\"isPartOf\":{\"@id\":\"https:\\\/\\\/www.losangeles.net.au\\\/es\\\/#website\"},\"datePublished\":\"2024-04-04T09:22:14+00:00\",\"breadcrumb\":{\"@id\":\"https:\\\/\\\/www.losangeles.net.au\\\/es\\\/suburbios\\\/#breadcrumb\"},\"inLanguage\":\"es\",\"potentialAction\":[{\"@type\":\"ReadAction\",\"target\":[\"https:\\\/\\\/www.losangeles.net.au\\\/es\\\/suburbios\\\/\"]}]},{\"@type\":\"BreadcrumbList\",\"@id\":\"https:\\\/\\\/www.losangeles.net.au\\\/es\\\/suburbios\\\/#breadcrumb\",\"itemListElement\":[{\"@type\":\"ListItem\",\"position\":1,\"name\":\"Home\",\"item\":\"https:\\\/\\\/www.losangeles.net.au\\\/es\\\/\"},{\"@type\":\"ListItem\",\"position\":2,\"name\":\"Suburbios\"}]},{\"@type\":\"WebSite\",\"@id\":\"https:\\\/\\\/www.losangeles.net.au\\\/es\\\/#website\",\"url\":\"https:\\\/\\\/www.losangeles.net.au\\\/es\\\/\",\"name\":\"Los Angeles\",\"description\":\"Los Angeles Theme Parks, Tours, Flights, LA Hotels &amp; Travel Deals\",\"potentialAction\":[{\"@type\":\"SearchAction\",\"target\":{\"@type\":\"EntryPoint\",\"urlTemplate\":\"https:\\\/\\\/www.losangeles.net.au\\\/es\\\/?s={search_term_string}\"},\"query-input\":{\"@type\":\"PropertyValueSpecification\",\"valueRequired\":true,\"valueName\":\"search_term_string\"}}],\"inLanguage\":\"es\"}]}<\/script>\n<!-- \/ Yoast SEO plugin. -->","yoast_head_json":{"title":"Suburbios - Los Angeles","robots":{"index":"index","follow":"follow","max-snippet":"max-snippet:-1","max-image-preview":"max-image-preview:large","max-video-preview":"max-video-preview:-1"},"canonical":"https:\/\/www.losangeles.net.au\/es\/suburbios\/","og_locale":"es_ES","og_type":"article","og_title":"Suburbios - Los Angeles","og_description":"Hay muchos suburbios en Los \u00c1ngeles, pero algunos de los m\u00e1s conocidos&hellip;","og_url":"https:\/\/www.losangeles.net.au\/es\/suburbios\/","og_site_name":"Los Angeles","twitter_card":"summary_large_image","twitter_misc":{"Tiempo de lectura":"6 minutos"},"schema":{"@context":"https:\/\/schema.org","@graph":[{"@type":"WebPage","@id":"https:\/\/www.losangeles.net.au\/es\/suburbios\/","url":"https:\/\/www.losangeles.net.au\/es\/suburbios\/","name":"Suburbios - Los Angeles","isPartOf":{"@id":"https:\/\/www.losangeles.net.au\/es\/#website"},"datePublished":"2024-04-04T09:22:14+00:00","breadcrumb":{"@id":"https:\/\/www.losangeles.net.au\/es\/suburbios\/#breadcrumb"},"inLanguage":"es","potentialAction":[{"@type":"ReadAction","target":["https:\/\/www.losangeles.net.au\/es\/suburbios\/"]}]},{"@type":"BreadcrumbList","@id":"https:\/\/www.losangeles.net.au\/es\/suburbios\/#breadcrumb","itemListElement":[{"@type":"ListItem","position":1,"name":"Home","item":"https:\/\/www.losangeles.net.au\/es\/"},{"@type":"ListItem","position":2,"name":"Suburbios"}]},{"@type":"WebSite","@id":"https:\/\/www.losangeles.net.au\/es\/#website","url":"https:\/\/www.losangeles.net.au\/es\/","name":"Los Angeles","description":"Los Angeles Theme Parks, Tours, Flights, LA Hotels &amp; Travel Deals","potentialAction":[{"@type":"SearchAction","target":{"@type":"EntryPoint","urlTemplate":"https:\/\/www.losangeles.net.au\/es\/?s={search_term_string}"},"query-input":{"@type":"PropertyValueSpecification","valueRequired":true,"valueName":"search_term_string"}}],"inLanguage":"es"}]}},"_links":{"self":[{"href":"https:\/\/www.losangeles.net.au\/es\/wp-json\/wp\/v2\/pages\/3643","targetHints":{"allow":["GET"]}}],"collection":[{"href":"https:\/\/www.losangeles.net.au\/es\/wp-json\/wp\/v2\/pages"}],"about":[{"href":"https:\/\/www.losangeles.net.au\/es\/wp-json\/wp\/v2\/types\/page"}],"author":[{"embeddable":true,"href":"https:\/\/www.losangeles.net.au\/es\/wp-json\/wp\/v2\/users\/1"}],"replies":[{"embeddable":true,"href":"https:\/\/www.losangeles.net.au\/es\/wp-json\/wp\/v2\/comments?post=3643"}],"version-history":[{"count":0,"href":"https:\/\/www.losangeles.net.au\/es\/wp-json\/wp\/v2\/pages\/3643\/revisions"}],"wp:attachment":[{"href":"https:\/\/www.losangeles.net.au\/es\/wp-json\/wp\/v2\/media?parent=3643"}],"curies":[{"name":"wp","href":"https:\/\/api.w.org\/{rel}","templated":true}]}}