{"id":3682,"date":"2024-05-28T04:37:30","date_gmt":"2024-05-27T18:37:30","guid":{"rendered":"https:\/\/www.losangeles.net.au\/themenparks\/"},"modified":"2010-09-05T06:27:33","modified_gmt":"2010-09-04T20:27:33","slug":"themenparks","status":"publish","type":"page","link":"https:\/\/www.losangeles.net.au\/de\/themenparks\/","title":{"rendered":"Themenparks"},"content":{"rendered":"<p>In der Region um LA gibt es 5 gro\u00dfe Themenparks und 4 Wasserparks mit Hunderten von Fahrgesch\u00e4ften und Attraktionen, die alle kostenpflichtig sind, d. h. wenn Sie den Eintritt bezahlt haben, sind alle Fahrgesch\u00e4fte und Unterhaltungsangebote kostenlos. Disneyland und Knott&#8217;s Berry Farm befinden sich in Anaheim, Kalifornien, w\u00e4hrend die Univerisal Studios und Six Flags in den T\u00e4lern von LA liegen, etwa 95 km von der Innenstadt entfernt.<\/p>\n<p>Es ist eine gute Idee, Ihre Tickets f\u00fcr die Attraktionen des Themenparks vor Ihrer Ankunft online zu buchen, um lange Warteschlangen zu vermeiden und den Tag optimal f\u00fcr Besichtigungen zu nutzen. Einige der beliebtesten Touristenattraktionen sind:<\/p>\n<ul>\n<li><a href=\"http:\/\/www.losangeles.net.au\/theme-parks\/universal-studios\/\">Universal Studios Hollywood<\/a><\/li>\n<li><a href=\"http:\/\/www.losangeles.net.au\/theme-parks\/knotts-berry-farm\/\">Knott&#8217;s Berry Farm General Admission Ticket<\/a><\/li>\n<li><a href=\"http:\/\/www.losangeles.net.au\/theme-parks\/disneyland\/\">Disneyland Los Angeles<\/a><\/li>\n<li><a href=\"http:\/\/www.losangeles.net.au\/theme-parks\/california-adventure-park\/\">Disney&#8217;s California Adventure Park<\/a><\/li>\n<li><a href=\"http:\/\/www.losangeles.net.au\/theme-parks\/six-flags\/\">Six Flags Magic Mountain<\/a><\/li>\n<li><a href=\"http:\/\/www.losangeles.net.au\/theme-parks\/legoland\/\">Legoland Kalifornien<\/a><\/li>\n<li><a href=\"http:\/\/www.losangeles.net.au\/theme-parks\/pacific-park\/\">Pacific Park auf Santa Monica<\/a><\/li>\n<li><a href=\"http:\/\/www.losangeles.net.au\/theme-parks\/seaworld\/\">SeaWorld in Kalifornien<\/a><\/li>\n<\/ul>\n<p><strong>LA&#8217;s Themenparks<\/strong><br \/>\nDisneyland &#8211; Anaheim, Orange County<br \/>\nDisney&#8217;s California Adventure Park &#8211; Direkt neben Disneyland gelegen<br \/>\nKnott&#8217;s Berry Farm &#8211; 8039 Beach Blvd, Buena Park, Kalifornien<br \/>\nUniversal Studios &#8211; Universal City, Hollywood<br \/>\nSix Flags Magic Mountain &#8211; Valencia, Kalifornien<\/p>\n<p><strong>Die Wasserparks von LA<\/strong><br \/>\nKnott&#8217;s Soak City &#8211; Direkt neben Knott&#8217;s Berry Farm gelegen<br \/>\nWild Rivers Waterpark &#8211; Irvine, Kalifornien<br \/>\nRaging Waters &#8211; San Dimas, Kalifornien<br \/>\nHurricane Harbour &#8211; Valencia, Kalifornien<\/p>\n<p><strong>San Diego Themenparks<\/strong><br \/>\nLegoland Kalifornien &#8211; Carlsbad, Nord-San Diego<br \/>\nSea World San Diego &#8211; Sea World Drive, San Diego, CA\u00e2\u20ac\u017d<br \/>\nSan Diego Wild Animal Park &#8211; 51 km nord\u00f6stlich von San Diego (bei Escondido)<br \/>\nSan Diego Zoo &#8211; 2920 Zoo Drive, San Diego, CA<br \/>\nBelmont Park &#8211; 3190 Mission Boulevard, San Diego, CA<\/p>\n","protected":false},"excerpt":{"rendered":"<p>In der Region um LA gibt es 5 gro\u00dfe Themenparks und 4&hellip;<\/p>\n","protected":false},"author":1,"featured_media":0,"parent":0,"menu_order":0,"comment_status":"closed","ping_status":"closed","template":"","meta":{"_monsterinsights_skip_tracking":false,"_monsterinsights_sitenote_active":false,"_monsterinsights_sitenote_note":"","_monsterinsights_sitenote_category":0,"footnotes":""},"class_list":["post-3682","page","type-page","status-publish","hentry"],"yoast_head":"<!-- This site is optimized with the Yoast SEO plugin v27.5 - https:\/\/yoast.com\/product\/yoast-seo-wordpress\/ -->\n<title>Themenparks - Los Angeles<\/title>\n<meta name=\"robots\" content=\"index, follow, max-snippet:-1, max-image-preview:large, max-video-preview:-1\" \/>\n<link rel=\"canonical\" href=\"https:\/\/www.losangeles.net.au\/de\/themenparks\/\" \/>\n<meta property=\"og:locale\" content=\"de_DE\" \/>\n<meta property=\"og:type\" content=\"article\" \/>\n<meta property=\"og:title\" content=\"Themenparks - Los Angeles\" \/>\n<meta property=\"og:description\" content=\"In der Region um LA gibt es 5 gro\u00dfe Themenparks und 4&hellip;\" \/>\n<meta property=\"og:url\" content=\"https:\/\/www.losangeles.net.au\/de\/themenparks\/\" \/>\n<meta property=\"og:site_name\" content=\"Los Angeles\" \/>\n<meta name=\"twitter:card\" content=\"summary_large_image\" \/>\n<meta name=\"twitter:label1\" content=\"Gesch\u00e4tzte Lesezeit\" \/>\n\t<meta name=\"twitter:data1\" content=\"1\u00a0Minute\" \/>\n<script type=\"application\/ld+json\" class=\"yoast-schema-graph\">{\"@context\":\"https:\\\/\\\/schema.org\",\"@graph\":[{\"@type\":\"WebPage\",\"@id\":\"https:\\\/\\\/www.losangeles.net.au\\\/de\\\/themenparks\\\/\",\"url\":\"https:\\\/\\\/www.losangeles.net.au\\\/de\\\/themenparks\\\/\",\"name\":\"Themenparks - Los Angeles\",\"isPartOf\":{\"@id\":\"https:\\\/\\\/www.losangeles.net.au\\\/de\\\/#website\"},\"datePublished\":\"2024-05-27T18:37:30+00:00\",\"breadcrumb\":{\"@id\":\"https:\\\/\\\/www.losangeles.net.au\\\/de\\\/themenparks\\\/#breadcrumb\"},\"inLanguage\":\"de\",\"potentialAction\":[{\"@type\":\"ReadAction\",\"target\":[\"https:\\\/\\\/www.losangeles.net.au\\\/de\\\/themenparks\\\/\"]}]},{\"@type\":\"BreadcrumbList\",\"@id\":\"https:\\\/\\\/www.losangeles.net.au\\\/de\\\/themenparks\\\/#breadcrumb\",\"itemListElement\":[{\"@type\":\"ListItem\",\"position\":1,\"name\":\"Home\",\"item\":\"https:\\\/\\\/www.losangeles.net.au\\\/de\\\/\"},{\"@type\":\"ListItem\",\"position\":2,\"name\":\"Themenparks\"}]},{\"@type\":\"WebSite\",\"@id\":\"https:\\\/\\\/www.losangeles.net.au\\\/de\\\/#website\",\"url\":\"https:\\\/\\\/www.losangeles.net.au\\\/de\\\/\",\"name\":\"Los Angeles\",\"description\":\"Los Angeles Theme Parks, Tours, Flights, LA Hotels &amp; Travel Deals\",\"potentialAction\":[{\"@type\":\"SearchAction\",\"target\":{\"@type\":\"EntryPoint\",\"urlTemplate\":\"https:\\\/\\\/www.losangeles.net.au\\\/de\\\/?s={search_term_string}\"},\"query-input\":{\"@type\":\"PropertyValueSpecification\",\"valueRequired\":true,\"valueName\":\"search_term_string\"}}],\"inLanguage\":\"de\"}]}<\/script>\n<!-- \/ Yoast SEO plugin. -->","yoast_head_json":{"title":"Themenparks - Los Angeles","robots":{"index":"index","follow":"follow","max-snippet":"max-snippet:-1","max-image-preview":"max-image-preview:large","max-video-preview":"max-video-preview:-1"},"canonical":"https:\/\/www.losangeles.net.au\/de\/themenparks\/","og_locale":"de_DE","og_type":"article","og_title":"Themenparks - Los Angeles","og_description":"In der Region um LA gibt es 5 gro\u00dfe Themenparks und 4&hellip;","og_url":"https:\/\/www.losangeles.net.au\/de\/themenparks\/","og_site_name":"Los Angeles","twitter_card":"summary_large_image","twitter_misc":{"Gesch\u00e4tzte Lesezeit":"1\u00a0Minute"},"schema":{"@context":"https:\/\/schema.org","@graph":[{"@type":"WebPage","@id":"https:\/\/www.losangeles.net.au\/de\/themenparks\/","url":"https:\/\/www.losangeles.net.au\/de\/themenparks\/","name":"Themenparks - Los Angeles","isPartOf":{"@id":"https:\/\/www.losangeles.net.au\/de\/#website"},"datePublished":"2024-05-27T18:37:30+00:00","breadcrumb":{"@id":"https:\/\/www.losangeles.net.au\/de\/themenparks\/#breadcrumb"},"inLanguage":"de","potentialAction":[{"@type":"ReadAction","target":["https:\/\/www.losangeles.net.au\/de\/themenparks\/"]}]},{"@type":"BreadcrumbList","@id":"https:\/\/www.losangeles.net.au\/de\/themenparks\/#breadcrumb","itemListElement":[{"@type":"ListItem","position":1,"name":"Home","item":"https:\/\/www.losangeles.net.au\/de\/"},{"@type":"ListItem","position":2,"name":"Themenparks"}]},{"@type":"WebSite","@id":"https:\/\/www.losangeles.net.au\/de\/#website","url":"https:\/\/www.losangeles.net.au\/de\/","name":"Los Angeles","description":"Los Angeles Theme Parks, Tours, Flights, LA Hotels &amp; Travel Deals","potentialAction":[{"@type":"SearchAction","target":{"@type":"EntryPoint","urlTemplate":"https:\/\/www.losangeles.net.au\/de\/?s={search_term_string}"},"query-input":{"@type":"PropertyValueSpecification","valueRequired":true,"valueName":"search_term_string"}}],"inLanguage":"de"}]}},"_links":{"self":[{"href":"https:\/\/www.losangeles.net.au\/de\/wp-json\/wp\/v2\/pages\/3682","targetHints":{"allow":["GET"]}}],"collection":[{"href":"https:\/\/www.losangeles.net.au\/de\/wp-json\/wp\/v2\/pages"}],"about":[{"href":"https:\/\/www.losangeles.net.au\/de\/wp-json\/wp\/v2\/types\/page"}],"author":[{"embeddable":true,"href":"https:\/\/www.losangeles.net.au\/de\/wp-json\/wp\/v2\/users\/1"}],"replies":[{"embeddable":true,"href":"https:\/\/www.losangeles.net.au\/de\/wp-json\/wp\/v2\/comments?post=3682"}],"version-history":[{"count":0,"href":"https:\/\/www.losangeles.net.au\/de\/wp-json\/wp\/v2\/pages\/3682\/revisions"}],"wp:attachment":[{"href":"https:\/\/www.losangeles.net.au\/de\/wp-json\/wp\/v2\/media?parent=3682"}],"curies":[{"name":"wp","href":"https:\/\/api.w.org\/{rel}","templated":true}]}}